{"id":1475,"date":"2023-02-10T16:30:04","date_gmt":"2023-02-10T16:30:04","guid":{"rendered":"https:\/\/korsairs.com\/?post_type=product&#038;p=1475"},"modified":"2023-02-20T15:58:50","modified_gmt":"2023-02-20T15:58:50","slug":"pm-300-ib","status":"publish","type":"product","link":"https:\/\/korsairs.com\/fr\/product\/pm-300-ib\/","title":{"rendered":"PM 300 ib"},"content":{"rendered":"<p><strong>Pachetul mai include:<\/strong><\/p>\n<ul>\n<li class=\"first\">pompa de picior<\/li>\n<li>perna gonflabila<\/li>\n<li>set de vasle<\/li>\n<li>kit de reparatii<\/li>\n<li>geanta transport<\/li>\n<li class=\"last\">suport motor<\/li>\n<\/ul>\n<p>&nbsp;<\/p>\n<table border=\"0\" width=\"308\" cellspacing=\"0\" cellpadding=\"0\">\n<colgroup>\n<col span=\"2\" width=\"119\" \/>\n<col width=\"70\" \/><\/colgroup>\n<tbody>\n<tr>\n<td width=\"119\" height=\"32\">Marque \/ Mod\u00e8le<\/td>\n<td width=\"119\">ProMarine<\/td>\n<td width=\"70\">PM 300ib<\/td>\n<\/tr>\n<tr>\n<td width=\"119\" height=\"20\">Longueur<\/td>\n<td width=\"119\">cm<\/td>\n<td width=\"70\">285<\/td>\n<\/tr>\n<tr>\n<td width=\"119\" height=\"20\">Largeur<\/td>\n<td width=\"119\">cm<\/td>\n<td width=\"70\">136<\/td>\n<\/tr>\n<tr>\n<td width=\"119\" height=\"20\">Diam\u00e8tre de la cuve<\/td>\n<td width=\"119\">cm<\/td>\n<td width=\"70\">38<\/td>\n<\/tr>\n<tr>\n<td width=\"119\" height=\"32\">Sol<\/td>\n<td width=\"119\"><\/td>\n<td width=\"70\">gonflable<\/td>\n<\/tr>\n<tr>\n<td width=\"119\" height=\"20\">Charge maximale<\/td>\n<td width=\"119\">Kg<\/td>\n<td width=\"70\">260<\/td>\n<\/tr>\n<tr>\n<td width=\"119\" height=\"20\">Poids<\/td>\n<td width=\"119\">Kg<\/td>\n<td width=\"70\">29.5<\/td>\n<\/tr>\n<tr>\n<td width=\"119\" height=\"20\">Personne maximum<\/td>\n<td width=\"119\">pers<\/td>\n<td width=\"70\">2+1<\/td>\n<\/tr>\n<tr>\n<td width=\"119\" height=\"32\">Numar sectiuni<\/td>\n<td width=\"119\"><\/td>\n<td width=\"70\">2+2+1+1<\/td>\n<\/tr>\n<tr>\n<td width=\"119\" height=\"47\">Puissance maximale du moteur<\/td>\n<td width=\"119\">CP<\/td>\n<td width=\"70\">3.6<\/td>\n<\/tr>\n<tr>\n<td width=\"119\" height=\"32\">Moteurs recommand\u00e9s<\/td>\n<td width=\"119\"><\/td>\n<td width=\"70\">F4BM<\/td>\n<\/tr>\n<tr>\n<td width=\"119\" height=\"20\">Garantie<\/td>\n<td width=\"119\">ans<\/td>\n<td width=\"70\">1<\/td>\n<\/tr>\n<\/tbody>\n<\/table>\n<p>Mati\u00e8re : PVC (import\u00e9 de Cor\u00e9e) 850 gr\/m2 (600 DEN).<\/p>","protected":false},"excerpt":{"rendered":"<p>Pachetul mai include: pompa de picior perna gonflabila set de vasle kit de reparatii geanta transport suport motor &nbsp; Brand \/ model ProMarine PM 300ib Lungime cm 285 Latime cm 136 Diametru tub cm 38 Podea gonflabila Incarcatura max Kg 260 Greutate Kg 29.5 Capacitate pers 2+1 Numar sectiuni 2+2+1+1 Putere maxima recomandata a motorului [&hellip;]<\/p>","protected":false},"featured_media":1476,"comment_status":"open","ping_status":"closed","template":"","meta":[],"product_cat":[37,44],"product_tag":[],"class_list":{"0":"post-1475","1":"product","2":"type-product","3":"status-publish","4":"has-post-thumbnail","6":"product_cat-barci","7":"product_cat-barci-gonflabile","8":"pa_brand-promarine","10":"first","11":"instock","12":"shipping-taxable","13":"purchasable","14":"product-type-simple"},"yoast_head":"<!-- This site is optimized with the Yoast SEO plugin v22.7 - https:\/\/yoast.com\/wordpress\/plugins\/seo\/ -->\n<title>PM 300 ib - Korsairs<\/title>\n<meta name=\"description\" content=\"PM 300 ib - Pachetul mai include: pompa de piciorperna gonflabila, set de vasle, kit de reparatii, geanta transport, suport motor.\" \/>\n<meta name=\"robots\" content=\"index, follow, max-snippet:-1, max-image-preview:large, max-video-preview:-1\" \/>\n<link rel=\"canonical\" href=\"https:\/\/korsairs.com\/fr\/product\/pm-300-ib\/\" \/>\n<meta property=\"og:locale\" content=\"fr_FR\" \/>\n<meta property=\"og:type\" content=\"article\" \/>\n<meta property=\"og:title\" content=\"PM 300 ib - Korsairs\" \/>\n<meta property=\"og:description\" content=\"PM 300 ib - Pachetul mai include: pompa de piciorperna gonflabila, set de vasle, kit de reparatii, geanta transport, suport motor.\" \/>\n<meta property=\"og:url\" content=\"https:\/\/korsairs.com\/fr\/product\/pm-300-ib\/\" \/>\n<meta property=\"og:site_name\" content=\"Korsairs\" \/>\n<meta property=\"article:modified_time\" content=\"2023-02-20T15:58:50+00:00\" \/>\n<meta property=\"og:image\" content=\"https:\/\/korsairs.com\/wp-content\/uploads\/2023\/02\/pm-300-ib-112-500x500-1.jpg\" \/>\n\t<meta property=\"og:image:width\" content=\"500\" \/>\n\t<meta property=\"og:image:height\" content=\"500\" \/>\n\t<meta property=\"og:image:type\" content=\"image\/jpeg\" \/>\n<meta name=\"twitter:card\" content=\"summary_large_image\" \/>\n<meta name=\"twitter:label1\" content=\"Dur\u00e9e de lecture estim\u00e9e\" \/>\n\t<meta name=\"twitter:data1\" content=\"1 minute\" \/>\n<script type=\"application\/ld+json\" class=\"yoast-schema-graph\">{\"@context\":\"https:\/\/schema.org\",\"@graph\":[{\"@type\":\"WebPage\",\"@id\":\"https:\/\/korsairs.com\/produs\/pm-300-ib\/\",\"url\":\"https:\/\/korsairs.com\/produs\/pm-300-ib\/\",\"name\":\"PM 300 ib - Korsairs\",\"isPartOf\":{\"@id\":\"https:\/\/korsairs.com\/#website\"},\"primaryImageOfPage\":{\"@id\":\"https:\/\/korsairs.com\/produs\/pm-300-ib\/#primaryimage\"},\"image\":{\"@id\":\"https:\/\/korsairs.com\/produs\/pm-300-ib\/#primaryimage\"},\"thumbnailUrl\":\"https:\/\/korsairs.com\/wp-content\/uploads\/2023\/02\/pm-300-ib-112-500x500-1.jpg\",\"datePublished\":\"2023-02-10T16:30:04+00:00\",\"dateModified\":\"2023-02-20T15:58:50+00:00\",\"description\":\"PM 300 ib - Pachetul mai include: pompa de piciorperna gonflabila, set de vasle, kit de reparatii, geanta transport, suport motor.\",\"breadcrumb\":{\"@id\":\"https:\/\/korsairs.com\/produs\/pm-300-ib\/#breadcrumb\"},\"inLanguage\":\"fr-FR\",\"potentialAction\":[{\"@type\":\"ReadAction\",\"target\":[\"https:\/\/korsairs.com\/produs\/pm-300-ib\/\"]}]},{\"@type\":\"ImageObject\",\"inLanguage\":\"fr-FR\",\"@id\":\"https:\/\/korsairs.com\/produs\/pm-300-ib\/#primaryimage\",\"url\":\"https:\/\/korsairs.com\/wp-content\/uploads\/2023\/02\/pm-300-ib-112-500x500-1.jpg\",\"contentUrl\":\"https:\/\/korsairs.com\/wp-content\/uploads\/2023\/02\/pm-300-ib-112-500x500-1.jpg\",\"width\":500,\"height\":500,\"caption\":\"PM 300 ib\"},{\"@type\":\"BreadcrumbList\",\"@id\":\"https:\/\/korsairs.com\/produs\/pm-300-ib\/#breadcrumb\",\"itemListElement\":[{\"@type\":\"ListItem\",\"position\":1,\"name\":\"Prima pagin\u0103\",\"item\":\"https:\/\/korsairs.com\/\"},{\"@type\":\"ListItem\",\"position\":2,\"name\":\"Magazin\",\"item\":\"https:\/\/korsairs.com\/magazin\/\"},{\"@type\":\"ListItem\",\"position\":3,\"name\":\"PM 300 ib\"}]},{\"@type\":\"WebSite\",\"@id\":\"https:\/\/korsairs.com\/#website\",\"url\":\"https:\/\/korsairs.com\/\",\"name\":\"Korsairs\",\"description\":\"Motoare de barc\u0103\",\"publisher\":{\"@id\":\"https:\/\/korsairs.com\/#organization\"},\"potentialAction\":[{\"@type\":\"SearchAction\",\"target\":{\"@type\":\"EntryPoint\",\"urlTemplate\":\"https:\/\/korsairs.com\/?s={search_term_string}\"},\"query-input\":\"required name=search_term_string\"}],\"inLanguage\":\"fr-FR\"},{\"@type\":\"Organization\",\"@id\":\"https:\/\/korsairs.com\/#organization\",\"name\":\"Korsairs\",\"url\":\"https:\/\/korsairs.com\/\",\"logo\":{\"@type\":\"ImageObject\",\"inLanguage\":\"fr-FR\",\"@id\":\"https:\/\/korsairs.com\/#\/schema\/logo\/image\/\",\"url\":\"https:\/\/korsairs.com\/wp-content\/uploads\/2023\/02\/logo-kapitan.png\",\"contentUrl\":\"https:\/\/korsairs.com\/wp-content\/uploads\/2023\/02\/logo-kapitan.png\",\"width\":331,\"height\":80,\"caption\":\"Korsairs\"},\"image\":{\"@id\":\"https:\/\/korsairs.com\/#\/schema\/logo\/image\/\"}}]}<\/script>\n<!-- \/ Yoast SEO plugin. -->","yoast_head_json":{"title":"PM 300 ib - Korsairs","description":"PM 300 ib - Pachetul mai include: pompa de piciorperna gonflabila, set de vasle, kit de reparatii, geanta transport, suport motor.","robots":{"index":"index","follow":"follow","max-snippet":"max-snippet:-1","max-image-preview":"max-image-preview:large","max-video-preview":"max-video-preview:-1"},"canonical":"https:\/\/korsairs.com\/fr\/product\/pm-300-ib\/","og_locale":"fr_FR","og_type":"article","og_title":"PM 300 ib - Korsairs","og_description":"PM 300 ib - Pachetul mai include: pompa de piciorperna gonflabila, set de vasle, kit de reparatii, geanta transport, suport motor.","og_url":"https:\/\/korsairs.com\/fr\/product\/pm-300-ib\/","og_site_name":"Korsairs","article_modified_time":"2023-02-20T15:58:50+00:00","og_image":[{"width":500,"height":500,"url":"https:\/\/korsairs.com\/wp-content\/uploads\/2023\/02\/pm-300-ib-112-500x500-1.jpg","type":"image\/jpeg"}],"twitter_card":"summary_large_image","twitter_misc":{"Dur\u00e9e de lecture estim\u00e9e":"1 minute"},"schema":{"@context":"https:\/\/schema.org","@graph":[{"@type":"WebPage","@id":"https:\/\/korsairs.com\/produs\/pm-300-ib\/","url":"https:\/\/korsairs.com\/produs\/pm-300-ib\/","name":"PM 300 ib - Korsairs","isPartOf":{"@id":"https:\/\/korsairs.com\/#website"},"primaryImageOfPage":{"@id":"https:\/\/korsairs.com\/produs\/pm-300-ib\/#primaryimage"},"image":{"@id":"https:\/\/korsairs.com\/produs\/pm-300-ib\/#primaryimage"},"thumbnailUrl":"https:\/\/korsairs.com\/wp-content\/uploads\/2023\/02\/pm-300-ib-112-500x500-1.jpg","datePublished":"2023-02-10T16:30:04+00:00","dateModified":"2023-02-20T15:58:50+00:00","description":"PM 300 ib - Pachetul mai include: pompa de piciorperna gonflabila, set de vasle, kit de reparatii, geanta transport, suport motor.","breadcrumb":{"@id":"https:\/\/korsairs.com\/produs\/pm-300-ib\/#breadcrumb"},"inLanguage":"fr-FR","potentialAction":[{"@type":"ReadAction","target":["https:\/\/korsairs.com\/produs\/pm-300-ib\/"]}]},{"@type":"ImageObject","inLanguage":"fr-FR","@id":"https:\/\/korsairs.com\/produs\/pm-300-ib\/#primaryimage","url":"https:\/\/korsairs.com\/wp-content\/uploads\/2023\/02\/pm-300-ib-112-500x500-1.jpg","contentUrl":"https:\/\/korsairs.com\/wp-content\/uploads\/2023\/02\/pm-300-ib-112-500x500-1.jpg","width":500,"height":500,"caption":"PM 300 ib"},{"@type":"BreadcrumbList","@id":"https:\/\/korsairs.com\/produs\/pm-300-ib\/#breadcrumb","itemListElement":[{"@type":"ListItem","position":1,"name":"Prima pagin\u0103","item":"https:\/\/korsairs.com\/"},{"@type":"ListItem","position":2,"name":"Magazin","item":"https:\/\/korsairs.com\/magazin\/"},{"@type":"ListItem","position":3,"name":"PM 300 ib"}]},{"@type":"WebSite","@id":"https:\/\/korsairs.com\/#website","url":"https:\/\/korsairs.com\/","name":"Korsairs","description":"Motoare de barc\u0103","publisher":{"@id":"https:\/\/korsairs.com\/#organization"},"potentialAction":[{"@type":"SearchAction","target":{"@type":"EntryPoint","urlTemplate":"https:\/\/korsairs.com\/?s={search_term_string}"},"query-input":"required name=search_term_string"}],"inLanguage":"fr-FR"},{"@type":"Organization","@id":"https:\/\/korsairs.com\/#organization","name":"Korsairs","url":"https:\/\/korsairs.com\/","logo":{"@type":"ImageObject","inLanguage":"fr-FR","@id":"https:\/\/korsairs.com\/#\/schema\/logo\/image\/","url":"https:\/\/korsairs.com\/wp-content\/uploads\/2023\/02\/logo-kapitan.png","contentUrl":"https:\/\/korsairs.com\/wp-content\/uploads\/2023\/02\/logo-kapitan.png","width":331,"height":80,"caption":"Korsairs"},"image":{"@id":"https:\/\/korsairs.com\/#\/schema\/logo\/image\/"}}]}},"jetpack_sharing_enabled":true,"_links":{"self":[{"href":"https:\/\/korsairs.com\/fr\/wp-json\/wp\/v2\/product\/1475","targetHints":{"allow":["GET"]}}],"collection":[{"href":"https:\/\/korsairs.com\/fr\/wp-json\/wp\/v2\/product"}],"about":[{"href":"https:\/\/korsairs.com\/fr\/wp-json\/wp\/v2\/types\/product"}],"replies":[{"embeddable":true,"href":"https:\/\/korsairs.com\/fr\/wp-json\/wp\/v2\/comments?post=1475"}],"wp:featuredmedia":[{"embeddable":true,"href":"https:\/\/korsairs.com\/fr\/wp-json\/wp\/v2\/media\/1476"}],"wp:attachment":[{"href":"https:\/\/korsairs.com\/fr\/wp-json\/wp\/v2\/media?parent=1475"}],"wp:term":[{"taxonomy":"product_cat","embeddable":true,"href":"https:\/\/korsairs.com\/fr\/wp-json\/wp\/v2\/product_cat?post=1475"},{"taxonomy":"product_tag","embeddable":true,"href":"https:\/\/korsairs.com\/fr\/wp-json\/wp\/v2\/product_tag?post=1475"}],"curies":[{"name":"wp","href":"https:\/\/api.w.org\/{rel}","templated":true}]}}