{"id":1448,"date":"2023-02-10T15:41:46","date_gmt":"2023-02-10T15:41:46","guid":{"rendered":"https:\/\/korsairs.com\/?post_type=product&#038;p=1448"},"modified":"2023-02-10T15:41:47","modified_gmt":"2023-02-10T15:41:47","slug":"hidea-hdf2-5hs","status":"publish","type":"product","link":"https:\/\/korsairs.com\/fr\/product\/hidea-hdf2-5hs\/","title":{"rendered":"Hidea HDF2.5HS"},"content":{"rendered":"<div id=\"content\">\n<div id=\"tab-description\" class=\"tab-content\">\n<p><strong>Hors-bord Hidea, arbre court, 4 temps, 2.5 CV<\/strong><\/p>\n<p>C'\u00e9st un hors-bord recommand\u00e9 pour les bateaux pleumatiques tr\u00e9s l\u00e9gers<\/p>\n<table border=\"0\" width=\"354\" cellspacing=\"0\" cellpadding=\"0\">\n<tbody>\n<tr>\n<td height=\"20\"><strong>Longueur hors tout<\/strong><\/td>\n<td>mm<\/td>\n<td>623<\/td>\n<\/tr>\n<tr>\n<td height=\"20\"><strong>Largeur hors tout<\/strong><\/td>\n<td>mm<\/td>\n<td>345<\/td>\n<\/tr>\n<tr>\n<td height=\"20\"><strong>Hauteur hors tout<\/strong><\/td>\n<td>mm<\/td>\n<td>1021<\/td>\n<\/tr>\n<tr>\n<td height=\"20\"><strong>Poids<\/strong><\/td>\n<td>kg<\/td>\n<td>17<\/td>\n<\/tr>\n<tr>\n<td height=\"20\"><strong>Turatia maxima de operare<\/strong><\/td>\n<td>r\/min<\/td>\n<td>5250-5750<\/td>\n<\/tr>\n<tr>\n<td height=\"22\"><strong>Puissance<\/strong><\/td>\n<td>CP(KW)<\/td>\n<td>2.5CP (1.8 kw)<\/td>\n<\/tr>\n<tr>\n<td height=\"20\"><strong>Cylindr\u00e9e<\/strong><\/td>\n<td><\/td>\n<td>1<\/td>\n<\/tr>\n<tr>\n<td height=\"20\"><strong>Cylindr\u00e9e<\/strong><\/td>\n<td>cm3<\/td>\n<td>72<\/td>\n<\/tr>\n<tr>\n<td height=\"33\"><strong>Al\u00e9sage x course<\/strong><\/td>\n<td>mm<\/td>\n<td>54&#215;31.5<\/td>\n<\/tr>\n<tr>\n<td height=\"20\"><strong>Syst\u00e8me d'allumage<\/strong><\/td>\n<td><\/td>\n<td>TCI<\/td>\n<\/tr>\n<tr>\n<td height=\"33\"><strong>Direction<\/strong><\/td>\n<td><\/td>\n<td>Barre franche<\/td>\n<\/tr>\n<tr>\n<td height=\"33\"><strong>Syst\u00e8me de d\u00e9marrage<\/strong><\/td>\n<td><\/td>\n<td>Manuel<\/td>\n<\/tr>\n<tr>\n<td height=\"20\"><strong>Circuit de refroidissement<\/strong><\/td>\n<td><\/td>\n<td>Eau<\/td>\n<\/tr>\n<tr>\n<td height=\"20\"><strong>Sens de marche*<\/strong><\/td>\n<td><\/td>\n<td>F-N<\/td>\n<\/tr>\n<tr>\n<td height=\"20\"><strong>Rapport de d\u00e9multiplication<\/strong><\/td>\n<td><\/td>\n<td>2.08(27\/13)<\/td>\n<\/tr>\n<tr>\n<td height=\"32\"><strong>Assiette et inclinaison syst\u00e8me\u00a0<\/strong><\/td>\n<td><\/td>\n<td>Manual tilt<\/td>\n<\/tr>\n<tr>\n<td height=\"32\"><strong>Capacit\u00e9 du r\u00e9servoir de carburant<\/strong><\/td>\n<td>L<\/td>\n<td>0.9<\/td>\n<\/tr>\n<tr>\n<td colspan=\"2\" height=\"20\">*F=Avant N=Neutre (Point Mort)<\/td>\n<td><\/td>\n<\/tr>\n<\/tbody>\n<colgroup>\n<col \/>\n<col \/>\n<col \/><\/colgroup>\n<\/table>\n<\/div>\n<\/div>","protected":false},"excerpt":{"rendered":"<p>Motor de barca cu cizma scurta in 4 timpi 2.5 CP Este un motor de barca recomandat pentru barcile foarte usoare, gonflabile. Lungime totala mm 623 Latime totala mm 345 Inaltime totala mm 1021 Greutate kg 17 Turatia maxima de operare r\/min 5250-5750 Putere CP(KW) 2.5CP (1.8 kw) Cilindri 1 Capacitate cilindrica cm3 72 Alezaj [&hellip;]<\/p>","protected":false},"featured_media":1449,"comment_status":"open","ping_status":"closed","template":"","meta":[],"product_cat":[43,29],"product_tag":[],"class_list":{"0":"post-1448","1":"product","2":"type-product","3":"status-publish","4":"has-post-thumbnail","6":"product_cat-4-timpi","7":"product_cat-motoare-de-barca","8":"pa_brand-hidea","10":"first","11":"instock","12":"shipping-taxable","13":"purchasable","14":"product-type-simple"},"yoast_head":"<!-- This site is optimized with the Yoast SEO plugin v22.7 - https:\/\/yoast.com\/wordpress\/plugins\/seo\/ -->\n<title>Hidea HDF2.5HS - Korsairs<\/title>\n<meta name=\"description\" content=\"Motor de barca cu cizma scurta in 4 timpi 2.5 CP. Este un motor de barca recomandat pentru barcile foarte usoare, gonflabile.\u00a0\" \/>\n<meta name=\"robots\" content=\"index, follow, max-snippet:-1, max-image-preview:large, max-video-preview:-1\" \/>\n<link rel=\"canonical\" href=\"https:\/\/korsairs.com\/fr\/product\/hidea-hdf2-5hs\/\" \/>\n<meta property=\"og:locale\" content=\"fr_FR\" \/>\n<meta property=\"og:type\" content=\"article\" \/>\n<meta property=\"og:title\" content=\"Hidea HDF2.5HS - Korsairs\" \/>\n<meta property=\"og:description\" content=\"Motor de barca cu cizma scurta in 4 timpi 2.5 CP. Este un motor de barca recomandat pentru barcile foarte usoare, gonflabile.\u00a0\" \/>\n<meta property=\"og:url\" content=\"https:\/\/korsairs.com\/fr\/product\/hidea-hdf2-5hs\/\" \/>\n<meta property=\"og:site_name\" content=\"Korsairs\" \/>\n<meta property=\"article:modified_time\" content=\"2023-02-10T15:41:47+00:00\" \/>\n<meta property=\"og:image\" content=\"https:\/\/korsairs.com\/wp-content\/uploads\/2023\/02\/hidea-hdf2-5hs-1049.5cp-500x500-1.png\" \/>\n\t<meta property=\"og:image:width\" content=\"500\" \/>\n\t<meta property=\"og:image:height\" content=\"500\" \/>\n\t<meta property=\"og:image:type\" content=\"image\/png\" \/>\n<meta name=\"twitter:card\" content=\"summary_large_image\" \/>\n<meta name=\"twitter:label1\" content=\"Dur\u00e9e de lecture estim\u00e9e\" \/>\n\t<meta name=\"twitter:data1\" content=\"1 minute\" \/>\n<script type=\"application\/ld+json\" class=\"yoast-schema-graph\">{\"@context\":\"https:\/\/schema.org\",\"@graph\":[{\"@type\":\"WebPage\",\"@id\":\"https:\/\/korsairs.com\/produs\/hidea-hdf2-5hs\/\",\"url\":\"https:\/\/korsairs.com\/produs\/hidea-hdf2-5hs\/\",\"name\":\"Hidea HDF2.5HS - Korsairs\",\"isPartOf\":{\"@id\":\"https:\/\/korsairs.com\/#website\"},\"primaryImageOfPage\":{\"@id\":\"https:\/\/korsairs.com\/produs\/hidea-hdf2-5hs\/#primaryimage\"},\"image\":{\"@id\":\"https:\/\/korsairs.com\/produs\/hidea-hdf2-5hs\/#primaryimage\"},\"thumbnailUrl\":\"https:\/\/korsairs.com\/wp-content\/uploads\/2023\/02\/hidea-hdf2-5hs-1049.5cp-500x500-1.png\",\"datePublished\":\"2023-02-10T15:41:46+00:00\",\"dateModified\":\"2023-02-10T15:41:47+00:00\",\"description\":\"Motor de barca cu cizma scurta in 4 timpi 2.5 CP. Este un motor de barca recomandat pentru barcile foarte usoare, gonflabile.\u00a0\",\"breadcrumb\":{\"@id\":\"https:\/\/korsairs.com\/produs\/hidea-hdf2-5hs\/#breadcrumb\"},\"inLanguage\":\"fr-FR\",\"potentialAction\":[{\"@type\":\"ReadAction\",\"target\":[\"https:\/\/korsairs.com\/produs\/hidea-hdf2-5hs\/\"]}]},{\"@type\":\"ImageObject\",\"inLanguage\":\"fr-FR\",\"@id\":\"https:\/\/korsairs.com\/produs\/hidea-hdf2-5hs\/#primaryimage\",\"url\":\"https:\/\/korsairs.com\/wp-content\/uploads\/2023\/02\/hidea-hdf2-5hs-1049.5cp-500x500-1.png\",\"contentUrl\":\"https:\/\/korsairs.com\/wp-content\/uploads\/2023\/02\/hidea-hdf2-5hs-1049.5cp-500x500-1.png\",\"width\":500,\"height\":500,\"caption\":\"Hidea HDF2.5HS\"},{\"@type\":\"BreadcrumbList\",\"@id\":\"https:\/\/korsairs.com\/produs\/hidea-hdf2-5hs\/#breadcrumb\",\"itemListElement\":[{\"@type\":\"ListItem\",\"position\":1,\"name\":\"Prima pagin\u0103\",\"item\":\"https:\/\/korsairs.com\/\"},{\"@type\":\"ListItem\",\"position\":2,\"name\":\"Magazin\",\"item\":\"https:\/\/korsairs.com\/magazin\/\"},{\"@type\":\"ListItem\",\"position\":3,\"name\":\"Hidea HDF2.5HS\"}]},{\"@type\":\"WebSite\",\"@id\":\"https:\/\/korsairs.com\/#website\",\"url\":\"https:\/\/korsairs.com\/\",\"name\":\"Korsairs\",\"description\":\"Motoare de barc\u0103\",\"publisher\":{\"@id\":\"https:\/\/korsairs.com\/#organization\"},\"potentialAction\":[{\"@type\":\"SearchAction\",\"target\":{\"@type\":\"EntryPoint\",\"urlTemplate\":\"https:\/\/korsairs.com\/?s={search_term_string}\"},\"query-input\":\"required name=search_term_string\"}],\"inLanguage\":\"fr-FR\"},{\"@type\":\"Organization\",\"@id\":\"https:\/\/korsairs.com\/#organization\",\"name\":\"Korsairs\",\"url\":\"https:\/\/korsairs.com\/\",\"logo\":{\"@type\":\"ImageObject\",\"inLanguage\":\"fr-FR\",\"@id\":\"https:\/\/korsairs.com\/#\/schema\/logo\/image\/\",\"url\":\"https:\/\/korsairs.com\/wp-content\/uploads\/2023\/02\/logo-kapitan.png\",\"contentUrl\":\"https:\/\/korsairs.com\/wp-content\/uploads\/2023\/02\/logo-kapitan.png\",\"width\":331,\"height\":80,\"caption\":\"Korsairs\"},\"image\":{\"@id\":\"https:\/\/korsairs.com\/#\/schema\/logo\/image\/\"}}]}<\/script>\n<!-- \/ Yoast SEO plugin. -->","yoast_head_json":{"title":"Hidea HDF2.5HS - Korsairs","description":"Motor de barca cu cizma scurta in 4 timpi 2.5 CP. Este un motor de barca recomandat pentru barcile foarte usoare, gonflabile.\u00a0","robots":{"index":"index","follow":"follow","max-snippet":"max-snippet:-1","max-image-preview":"max-image-preview:large","max-video-preview":"max-video-preview:-1"},"canonical":"https:\/\/korsairs.com\/fr\/product\/hidea-hdf2-5hs\/","og_locale":"fr_FR","og_type":"article","og_title":"Hidea HDF2.5HS - Korsairs","og_description":"Motor de barca cu cizma scurta in 4 timpi 2.5 CP. Este un motor de barca recomandat pentru barcile foarte usoare, gonflabile.\u00a0","og_url":"https:\/\/korsairs.com\/fr\/product\/hidea-hdf2-5hs\/","og_site_name":"Korsairs","article_modified_time":"2023-02-10T15:41:47+00:00","og_image":[{"width":500,"height":500,"url":"https:\/\/korsairs.com\/wp-content\/uploads\/2023\/02\/hidea-hdf2-5hs-1049.5cp-500x500-1.png","type":"image\/png"}],"twitter_card":"summary_large_image","twitter_misc":{"Dur\u00e9e de lecture estim\u00e9e":"1 minute"},"schema":{"@context":"https:\/\/schema.org","@graph":[{"@type":"WebPage","@id":"https:\/\/korsairs.com\/produs\/hidea-hdf2-5hs\/","url":"https:\/\/korsairs.com\/produs\/hidea-hdf2-5hs\/","name":"Hidea HDF2.5HS - Korsairs","isPartOf":{"@id":"https:\/\/korsairs.com\/#website"},"primaryImageOfPage":{"@id":"https:\/\/korsairs.com\/produs\/hidea-hdf2-5hs\/#primaryimage"},"image":{"@id":"https:\/\/korsairs.com\/produs\/hidea-hdf2-5hs\/#primaryimage"},"thumbnailUrl":"https:\/\/korsairs.com\/wp-content\/uploads\/2023\/02\/hidea-hdf2-5hs-1049.5cp-500x500-1.png","datePublished":"2023-02-10T15:41:46+00:00","dateModified":"2023-02-10T15:41:47+00:00","description":"Motor de barca cu cizma scurta in 4 timpi 2.5 CP. Este un motor de barca recomandat pentru barcile foarte usoare, gonflabile.\u00a0","breadcrumb":{"@id":"https:\/\/korsairs.com\/produs\/hidea-hdf2-5hs\/#breadcrumb"},"inLanguage":"fr-FR","potentialAction":[{"@type":"ReadAction","target":["https:\/\/korsairs.com\/produs\/hidea-hdf2-5hs\/"]}]},{"@type":"ImageObject","inLanguage":"fr-FR","@id":"https:\/\/korsairs.com\/produs\/hidea-hdf2-5hs\/#primaryimage","url":"https:\/\/korsairs.com\/wp-content\/uploads\/2023\/02\/hidea-hdf2-5hs-1049.5cp-500x500-1.png","contentUrl":"https:\/\/korsairs.com\/wp-content\/uploads\/2023\/02\/hidea-hdf2-5hs-1049.5cp-500x500-1.png","width":500,"height":500,"caption":"Hidea HDF2.5HS"},{"@type":"BreadcrumbList","@id":"https:\/\/korsairs.com\/produs\/hidea-hdf2-5hs\/#breadcrumb","itemListElement":[{"@type":"ListItem","position":1,"name":"Prima pagin\u0103","item":"https:\/\/korsairs.com\/"},{"@type":"ListItem","position":2,"name":"Magazin","item":"https:\/\/korsairs.com\/magazin\/"},{"@type":"ListItem","position":3,"name":"Hidea HDF2.5HS"}]},{"@type":"WebSite","@id":"https:\/\/korsairs.com\/#website","url":"https:\/\/korsairs.com\/","name":"Korsairs","description":"Motoare de barc\u0103","publisher":{"@id":"https:\/\/korsairs.com\/#organization"},"potentialAction":[{"@type":"SearchAction","target":{"@type":"EntryPoint","urlTemplate":"https:\/\/korsairs.com\/?s={search_term_string}"},"query-input":"required name=search_term_string"}],"inLanguage":"fr-FR"},{"@type":"Organization","@id":"https:\/\/korsairs.com\/#organization","name":"Korsairs","url":"https:\/\/korsairs.com\/","logo":{"@type":"ImageObject","inLanguage":"fr-FR","@id":"https:\/\/korsairs.com\/#\/schema\/logo\/image\/","url":"https:\/\/korsairs.com\/wp-content\/uploads\/2023\/02\/logo-kapitan.png","contentUrl":"https:\/\/korsairs.com\/wp-content\/uploads\/2023\/02\/logo-kapitan.png","width":331,"height":80,"caption":"Korsairs"},"image":{"@id":"https:\/\/korsairs.com\/#\/schema\/logo\/image\/"}}]}},"jetpack_sharing_enabled":true,"_links":{"self":[{"href":"https:\/\/korsairs.com\/fr\/wp-json\/wp\/v2\/product\/1448","targetHints":{"allow":["GET"]}}],"collection":[{"href":"https:\/\/korsairs.com\/fr\/wp-json\/wp\/v2\/product"}],"about":[{"href":"https:\/\/korsairs.com\/fr\/wp-json\/wp\/v2\/types\/product"}],"replies":[{"embeddable":true,"href":"https:\/\/korsairs.com\/fr\/wp-json\/wp\/v2\/comments?post=1448"}],"wp:featuredmedia":[{"embeddable":true,"href":"https:\/\/korsairs.com\/fr\/wp-json\/wp\/v2\/media\/1449"}],"wp:attachment":[{"href":"https:\/\/korsairs.com\/fr\/wp-json\/wp\/v2\/media?parent=1448"}],"wp:term":[{"taxonomy":"product_cat","embeddable":true,"href":"https:\/\/korsairs.com\/fr\/wp-json\/wp\/v2\/product_cat?post=1448"},{"taxonomy":"product_tag","embeddable":true,"href":"https:\/\/korsairs.com\/fr\/wp-json\/wp\/v2\/product_tag?post=1448"}],"curies":[{"name":"wp","href":"https:\/\/api.w.org\/{rel}","templated":true}]}}