{"id":1430,"date":"2023-02-10T15:03:25","date_gmt":"2023-02-10T15:03:25","guid":{"rendered":"https:\/\/korsairs.com\/?post_type=product&#038;p=1430"},"modified":"2023-02-10T15:03:25","modified_gmt":"2023-02-10T15:03:25","slug":"hidea-hdf9-9fes","status":"publish","type":"product","link":"https:\/\/korsairs.com\/fr\/product\/hidea-hdf9-9fes\/","title":{"rendered":"Hidea HDF9.9FES"},"content":{"rendered":"<p>Moteur hors-bord portable, 9.9CV,  \u00e0 4 temps, Hidea HD9.9FES, contr\u00f4le \u00e0 distance, d\u00e9marrage \u00e9lectrique, arbre court<\/p>\n<table border=\"0\" width=\"354\" cellspacing=\"0\" cellpadding=\"0\">\n<tbody>\n<tr>\n<td height=\"20\"><strong>Longueur hors tout<\/strong><\/td>\n<td>mm<\/td>\n<td>1038<\/td>\n<\/tr>\n<tr>\n<td height=\"20\"><strong>Largeur hors tout<\/strong><\/td>\n<td>mm<\/td>\n<td>360<\/td>\n<\/tr>\n<tr>\n<td height=\"20\"><strong>Hauteur hors tout<\/strong><\/td>\n<td>mm<\/td>\n<td>1017<\/td>\n<\/tr>\n<tr>\n<td height=\"20\"><strong>Poids<\/strong><\/td>\n<td>kg<\/td>\n<td>38<\/td>\n<\/tr>\n<tr>\n<td height=\"20\"><strong>R\u00e9gime max (tours\/minutes)<\/strong><\/td>\n<td>r\/min<\/td>\n<td>4500-5500<\/td>\n<\/tr>\n<tr>\n<td height=\"20\"><strong>Puissance<\/strong><\/td>\n<td>KW(CP)<\/td>\n<td>7.3(9.9)<\/td>\n<\/tr>\n<tr>\n<td height=\"20\"><strong>Cylindr\u00e9e<\/strong><\/td>\n<td><\/td>\n<td>2<\/td>\n<\/tr>\n<tr>\n<td height=\"20\"><strong>Cylindr\u00e9e<\/strong><\/td>\n<td>cm3<\/td>\n<td>212<\/td>\n<\/tr>\n<tr>\n<td height=\"20\"><strong>Al\u00e9sage x course<\/strong><\/td>\n<td>mm<\/td>\n<td>56&#215;43<\/td>\n<\/tr>\n<tr>\n<td height=\"20\"><strong>Syst\u00e8me d'allumage<\/strong><\/td>\n<td><\/td>\n<td>CDI<\/td>\n<\/tr>\n<tr>\n<td height=\"20\"><strong>Direction<\/strong><\/td>\n<td><\/td>\n<td>control la distanta<\/td>\n<\/tr>\n<tr>\n<td height=\"20\"><strong>Syst\u00e8me de d\u00e9marrage<\/strong><\/td>\n<td><\/td>\n<td>electric<\/td>\n<\/tr>\n<tr>\n<td height=\"20\"><strong>Circuit de refroidissement<\/strong><\/td>\n<td><\/td>\n<td>Eau<\/td>\n<\/tr>\n<tr>\n<td height=\"49\"><strong>Sens de marche*<\/strong><\/td>\n<td><\/td>\n<td>F-N-R<\/td>\n<\/tr>\n<tr>\n<td height=\"20\"><strong>Rapport de d\u00e9multiplication<\/strong><\/td>\n<td><\/td>\n<td>2.08(27\/13)<\/td>\n<\/tr>\n<tr>\n<td height=\"32\"><strong>Assiette et inclinaison syst\u00e8me\u00a0<\/strong><\/td>\n<td><\/td>\n<td>Manual tilt<\/td>\n<\/tr>\n<tr>\n<td height=\"32\"><strong>Capacit\u00e9 du r\u00e9servoir de carburant<\/strong><\/td>\n<td>L<\/td>\n<td>12L<\/td>\n<\/tr>\n<tr>\n<td colspan=\"2\" height=\"20\">*F=Avant N=Neutre (Point Mort) R= Retour<\/td>\n<\/tr>\n<\/tbody>\n<\/table>","protected":false},"excerpt":{"rendered":"<p>Motor de barca Hidea HDF9.9FES, 9.9CP,\u00a0pornire electrica, comanda la distanta, cizma scurta Lungime totala mm 1038 Latime totala mm 360 Inaltime totala mm 1017 Greutate kg 38 Turatie maxima de operare r\/min 4500-5500 Putere KW(CP) 7.3(9.9) Cilindri 2 Capacitate cilindrica cm3 212 Alezaj &amp; cursa mm 56&#215;43 Sistem de aprindere CDI Sistemul de control control [&hellip;]<\/p>","protected":false},"featured_media":1431,"comment_status":"open","ping_status":"closed","template":"","meta":[],"product_cat":[43,29],"product_tag":[],"class_list":{"0":"post-1430","1":"product","2":"type-product","3":"status-publish","4":"has-post-thumbnail","6":"product_cat-4-timpi","7":"product_cat-motoare-de-barca","8":"pa_brand-hidea","10":"first","11":"onbackorder","12":"shipping-taxable","13":"purchasable","14":"product-type-simple"},"yoast_head":"<!-- This site is optimized with the Yoast SEO plugin v22.7 - https:\/\/yoast.com\/wordpress\/plugins\/seo\/ -->\n<title>Hidea HDF9.9FES - Korsairs<\/title>\n<meta name=\"description\" content=\"Motor de barca Hidea HDF9.9FES, 9.9CP,\u00a0pornire electrica, comanda la distanta, cizma scurta\" \/>\n<meta name=\"robots\" content=\"index, follow, max-snippet:-1, max-image-preview:large, max-video-preview:-1\" \/>\n<link rel=\"canonical\" href=\"https:\/\/korsairs.com\/fr\/product\/hidea-hdf9-9fes\/\" \/>\n<meta property=\"og:locale\" content=\"fr_FR\" \/>\n<meta property=\"og:type\" content=\"article\" \/>\n<meta property=\"og:title\" content=\"Hidea HDF9.9FES - Korsairs\" \/>\n<meta property=\"og:description\" content=\"Motor de barca Hidea HDF9.9FES, 9.9CP,\u00a0pornire electrica, comanda la distanta, cizma scurta\" \/>\n<meta property=\"og:url\" content=\"https:\/\/korsairs.com\/fr\/product\/hidea-hdf9-9fes\/\" \/>\n<meta property=\"og:site_name\" content=\"Korsairs\" \/>\n<meta property=\"og:image\" content=\"https:\/\/korsairs.com\/wp-content\/uploads\/2023\/02\/hidea-hdf9-9hl-1059.9cp-500x500-2.png\" \/>\n\t<meta property=\"og:image:width\" content=\"500\" \/>\n\t<meta property=\"og:image:height\" content=\"500\" \/>\n\t<meta property=\"og:image:type\" content=\"image\/png\" \/>\n<meta name=\"twitter:card\" content=\"summary_large_image\" \/>\n<meta name=\"twitter:label1\" content=\"Dur\u00e9e de lecture estim\u00e9e\" \/>\n\t<meta name=\"twitter:data1\" content=\"1 minute\" \/>\n<script type=\"application\/ld+json\" class=\"yoast-schema-graph\">{\"@context\":\"https:\/\/schema.org\",\"@graph\":[{\"@type\":\"WebPage\",\"@id\":\"https:\/\/korsairs.com\/produs\/hidea-hdf9-9fes\/\",\"url\":\"https:\/\/korsairs.com\/produs\/hidea-hdf9-9fes\/\",\"name\":\"Hidea HDF9.9FES - Korsairs\",\"isPartOf\":{\"@id\":\"https:\/\/korsairs.com\/#website\"},\"primaryImageOfPage\":{\"@id\":\"https:\/\/korsairs.com\/produs\/hidea-hdf9-9fes\/#primaryimage\"},\"image\":{\"@id\":\"https:\/\/korsairs.com\/produs\/hidea-hdf9-9fes\/#primaryimage\"},\"thumbnailUrl\":\"https:\/\/korsairs.com\/wp-content\/uploads\/2023\/02\/hidea-hdf9-9hl-1059.9cp-500x500-2.png\",\"datePublished\":\"2023-02-10T15:03:25+00:00\",\"dateModified\":\"2023-02-10T15:03:25+00:00\",\"description\":\"Motor de barca Hidea HDF9.9FES, 9.9CP,\u00a0pornire electrica, comanda la distanta, cizma scurta\",\"breadcrumb\":{\"@id\":\"https:\/\/korsairs.com\/produs\/hidea-hdf9-9fes\/#breadcrumb\"},\"inLanguage\":\"fr-FR\",\"potentialAction\":[{\"@type\":\"ReadAction\",\"target\":[\"https:\/\/korsairs.com\/produs\/hidea-hdf9-9fes\/\"]}]},{\"@type\":\"ImageObject\",\"inLanguage\":\"fr-FR\",\"@id\":\"https:\/\/korsairs.com\/produs\/hidea-hdf9-9fes\/#primaryimage\",\"url\":\"https:\/\/korsairs.com\/wp-content\/uploads\/2023\/02\/hidea-hdf9-9hl-1059.9cp-500x500-2.png\",\"contentUrl\":\"https:\/\/korsairs.com\/wp-content\/uploads\/2023\/02\/hidea-hdf9-9hl-1059.9cp-500x500-2.png\",\"width\":500,\"height\":500,\"caption\":\"Hidea HDF9.9FES\"},{\"@type\":\"BreadcrumbList\",\"@id\":\"https:\/\/korsairs.com\/produs\/hidea-hdf9-9fes\/#breadcrumb\",\"itemListElement\":[{\"@type\":\"ListItem\",\"position\":1,\"name\":\"Prima pagin\u0103\",\"item\":\"https:\/\/korsairs.com\/\"},{\"@type\":\"ListItem\",\"position\":2,\"name\":\"Magazin\",\"item\":\"https:\/\/korsairs.com\/magazin\/\"},{\"@type\":\"ListItem\",\"position\":3,\"name\":\"Hidea HDF9.9FES\"}]},{\"@type\":\"WebSite\",\"@id\":\"https:\/\/korsairs.com\/#website\",\"url\":\"https:\/\/korsairs.com\/\",\"name\":\"Korsairs\",\"description\":\"Motoare de barc\u0103\",\"publisher\":{\"@id\":\"https:\/\/korsairs.com\/#organization\"},\"potentialAction\":[{\"@type\":\"SearchAction\",\"target\":{\"@type\":\"EntryPoint\",\"urlTemplate\":\"https:\/\/korsairs.com\/?s={search_term_string}\"},\"query-input\":\"required name=search_term_string\"}],\"inLanguage\":\"fr-FR\"},{\"@type\":\"Organization\",\"@id\":\"https:\/\/korsairs.com\/#organization\",\"name\":\"Korsairs\",\"url\":\"https:\/\/korsairs.com\/\",\"logo\":{\"@type\":\"ImageObject\",\"inLanguage\":\"fr-FR\",\"@id\":\"https:\/\/korsairs.com\/#\/schema\/logo\/image\/\",\"url\":\"https:\/\/korsairs.com\/wp-content\/uploads\/2023\/02\/logo-kapitan.png\",\"contentUrl\":\"https:\/\/korsairs.com\/wp-content\/uploads\/2023\/02\/logo-kapitan.png\",\"width\":331,\"height\":80,\"caption\":\"Korsairs\"},\"image\":{\"@id\":\"https:\/\/korsairs.com\/#\/schema\/logo\/image\/\"}}]}<\/script>\n<!-- \/ Yoast SEO plugin. -->","yoast_head_json":{"title":"Hidea HDF9.9FES - Korsairs","description":"Motor de barca Hidea HDF9.9FES, 9.9CP,\u00a0pornire electrica, comanda la distanta, cizma scurta","robots":{"index":"index","follow":"follow","max-snippet":"max-snippet:-1","max-image-preview":"max-image-preview:large","max-video-preview":"max-video-preview:-1"},"canonical":"https:\/\/korsairs.com\/fr\/product\/hidea-hdf9-9fes\/","og_locale":"fr_FR","og_type":"article","og_title":"Hidea HDF9.9FES - Korsairs","og_description":"Motor de barca Hidea HDF9.9FES, 9.9CP,\u00a0pornire electrica, comanda la distanta, cizma scurta","og_url":"https:\/\/korsairs.com\/fr\/product\/hidea-hdf9-9fes\/","og_site_name":"Korsairs","og_image":[{"width":500,"height":500,"url":"https:\/\/korsairs.com\/wp-content\/uploads\/2023\/02\/hidea-hdf9-9hl-1059.9cp-500x500-2.png","type":"image\/png"}],"twitter_card":"summary_large_image","twitter_misc":{"Dur\u00e9e de lecture estim\u00e9e":"1 minute"},"schema":{"@context":"https:\/\/schema.org","@graph":[{"@type":"WebPage","@id":"https:\/\/korsairs.com\/produs\/hidea-hdf9-9fes\/","url":"https:\/\/korsairs.com\/produs\/hidea-hdf9-9fes\/","name":"Hidea HDF9.9FES - Korsairs","isPartOf":{"@id":"https:\/\/korsairs.com\/#website"},"primaryImageOfPage":{"@id":"https:\/\/korsairs.com\/produs\/hidea-hdf9-9fes\/#primaryimage"},"image":{"@id":"https:\/\/korsairs.com\/produs\/hidea-hdf9-9fes\/#primaryimage"},"thumbnailUrl":"https:\/\/korsairs.com\/wp-content\/uploads\/2023\/02\/hidea-hdf9-9hl-1059.9cp-500x500-2.png","datePublished":"2023-02-10T15:03:25+00:00","dateModified":"2023-02-10T15:03:25+00:00","description":"Motor de barca Hidea HDF9.9FES, 9.9CP,\u00a0pornire electrica, comanda la distanta, cizma scurta","breadcrumb":{"@id":"https:\/\/korsairs.com\/produs\/hidea-hdf9-9fes\/#breadcrumb"},"inLanguage":"fr-FR","potentialAction":[{"@type":"ReadAction","target":["https:\/\/korsairs.com\/produs\/hidea-hdf9-9fes\/"]}]},{"@type":"ImageObject","inLanguage":"fr-FR","@id":"https:\/\/korsairs.com\/produs\/hidea-hdf9-9fes\/#primaryimage","url":"https:\/\/korsairs.com\/wp-content\/uploads\/2023\/02\/hidea-hdf9-9hl-1059.9cp-500x500-2.png","contentUrl":"https:\/\/korsairs.com\/wp-content\/uploads\/2023\/02\/hidea-hdf9-9hl-1059.9cp-500x500-2.png","width":500,"height":500,"caption":"Hidea HDF9.9FES"},{"@type":"BreadcrumbList","@id":"https:\/\/korsairs.com\/produs\/hidea-hdf9-9fes\/#breadcrumb","itemListElement":[{"@type":"ListItem","position":1,"name":"Prima pagin\u0103","item":"https:\/\/korsairs.com\/"},{"@type":"ListItem","position":2,"name":"Magazin","item":"https:\/\/korsairs.com\/magazin\/"},{"@type":"ListItem","position":3,"name":"Hidea HDF9.9FES"}]},{"@type":"WebSite","@id":"https:\/\/korsairs.com\/#website","url":"https:\/\/korsairs.com\/","name":"Korsairs","description":"Motoare de barc\u0103","publisher":{"@id":"https:\/\/korsairs.com\/#organization"},"potentialAction":[{"@type":"SearchAction","target":{"@type":"EntryPoint","urlTemplate":"https:\/\/korsairs.com\/?s={search_term_string}"},"query-input":"required name=search_term_string"}],"inLanguage":"fr-FR"},{"@type":"Organization","@id":"https:\/\/korsairs.com\/#organization","name":"Korsairs","url":"https:\/\/korsairs.com\/","logo":{"@type":"ImageObject","inLanguage":"fr-FR","@id":"https:\/\/korsairs.com\/#\/schema\/logo\/image\/","url":"https:\/\/korsairs.com\/wp-content\/uploads\/2023\/02\/logo-kapitan.png","contentUrl":"https:\/\/korsairs.com\/wp-content\/uploads\/2023\/02\/logo-kapitan.png","width":331,"height":80,"caption":"Korsairs"},"image":{"@id":"https:\/\/korsairs.com\/#\/schema\/logo\/image\/"}}]}},"jetpack_sharing_enabled":true,"_links":{"self":[{"href":"https:\/\/korsairs.com\/fr\/wp-json\/wp\/v2\/product\/1430","targetHints":{"allow":["GET"]}}],"collection":[{"href":"https:\/\/korsairs.com\/fr\/wp-json\/wp\/v2\/product"}],"about":[{"href":"https:\/\/korsairs.com\/fr\/wp-json\/wp\/v2\/types\/product"}],"replies":[{"embeddable":true,"href":"https:\/\/korsairs.com\/fr\/wp-json\/wp\/v2\/comments?post=1430"}],"wp:featuredmedia":[{"embeddable":true,"href":"https:\/\/korsairs.com\/fr\/wp-json\/wp\/v2\/media\/1431"}],"wp:attachment":[{"href":"https:\/\/korsairs.com\/fr\/wp-json\/wp\/v2\/media?parent=1430"}],"wp:term":[{"taxonomy":"product_cat","embeddable":true,"href":"https:\/\/korsairs.com\/fr\/wp-json\/wp\/v2\/product_cat?post=1430"},{"taxonomy":"product_tag","embeddable":true,"href":"https:\/\/korsairs.com\/fr\/wp-json\/wp\/v2\/product_tag?post=1430"}],"curies":[{"name":"wp","href":"https:\/\/api.w.org\/{rel}","templated":true}]}}