{"id":1401,"date":"2023-02-10T11:21:27","date_gmt":"2023-02-10T11:21:27","guid":{"rendered":"https:\/\/korsairs.com\/?post_type=product&#038;p=1401"},"modified":"2023-02-10T11:37:12","modified_gmt":"2023-02-10T11:37:12","slug":"genovo-f15-bml","status":"publish","type":"product","link":"https:\/\/korsairs.com\/fr\/product\/genovo-f15-bml\/","title":{"rendered":"Genovo F15 BML"},"content":{"rendered":"<p>Moteur 4 temps, coffre long, 15 CV, d\u00e9marrage manuel, commande manuelle<\/p>\n<p>Le moteur de bateau Genovo F15, comme les autres moteurs de bateau de la m\u00eame cat\u00e9gorie, est la mule du fardeau. Il fait face avec brio aux bateaux charg\u00e9s, les faisant glisser facilement.<\/p>\n<p>Le prix comprend toutes les taxes et il n'y a pas d'autres frais suppl\u00e9mentaires.<\/p>\n<p><strong>Attention!!!<\/strong><\/p>\n<p><strong>Il n\u00e9cessite une licence de navigation.<\/strong><\/p>\n<div id=\"content\">\n<div id=\"tab-description\" class=\"tab-content\">\n<table border=\"0\" width=\"324\" cellspacing=\"0\" cellpadding=\"0\">\n<colgroup>\n<col \/>\n<col \/>\n<col \/><\/colgroup>\n<tbody>\n<tr>\n<td height=\"20\"><strong>Marque<\/strong><\/td>\n<td><strong>Genovo<\/strong><\/td>\n<td><strong>F15BML<\/strong><\/td>\n<\/tr>\n<tr>\n<td height=\"20\">Longueur hors tout<\/td>\n<td>mm<\/td>\n<td>1001<\/td>\n<\/tr>\n<tr>\n<td height=\"20\">Largeur hors tout<\/td>\n<td>mm<\/td>\n<td>427<\/td>\n<\/tr>\n<tr>\n<td height=\"20\">Hauteur hors tout<\/td>\n<td>mm<\/td>\n<td>1207<\/td>\n<\/tr>\n<tr>\n<td height=\"20\">Hauteur de traverse<\/td>\n<td>mm<\/td>\n<td>508<\/td>\n<\/tr>\n<tr>\n<td height=\"20\">Poids<\/td>\n<td>kg<\/td>\n<td>51<\/td>\n<\/tr>\n<tr>\n<td height=\"20\">R\u00e9gime max (tours\/minutes)<\/td>\n<td>r\/min<\/td>\n<td>4500-5500<\/td>\n<\/tr>\n<tr>\n<td height=\"20\">Puissance<\/td>\n<td>KW(CP)<\/td>\n<td>11(15)@5000r\/min<\/td>\n<\/tr>\n<tr>\n<td height=\"20\">R\u00e9gime de ralenti (Neutre)<\/td>\n<td>r\/min<\/td>\n<td>900-1000<\/td>\n<\/tr>\n<tr>\n<td height=\"20\">Type de moteur<\/td>\n<td><\/td>\n<td>OHC<\/td>\n<\/tr>\n<tr>\n<td height=\"20\">Cylindr\u00e9e<\/td>\n<td><\/td>\n<td>L2<\/td>\n<\/tr>\n<tr>\n<td height=\"20\">Cylindr\u00e9e<\/td>\n<td>cm3<\/td>\n<td>323<\/td>\n<\/tr>\n<tr>\n<td height=\"20\">Al\u00e9sage x course<\/td>\n<td>mm<\/td>\n<td>59.0&#215;59.0(2.32&#215;2.32)<\/td>\n<\/tr>\n<tr>\n<td height=\"20\">Syst\u00e8me d'allumage<\/td>\n<td><\/td>\n<td>CDI<\/td>\n<\/tr>\n<tr>\n<td height=\"20\">Direction<\/td>\n<td><\/td>\n<td>Barre franche<\/td>\n<\/tr>\n<tr>\n<td height=\"20\">Syst\u00e8me de d\u00e9marrage<\/td>\n<td><\/td>\n<td>Manuel<\/td>\n<\/tr>\n<tr>\n<td height=\"20\">Circuit de refroidissement<\/td>\n<td><\/td>\n<td>Eau<\/td>\n<\/tr>\n<tr>\n<td height=\"20\">Sens de marche*<\/td>\n<td><\/td>\n<td>F-N-R<\/td>\n<\/tr>\n<tr>\n<td height=\"20\">Rapport de d\u00e9multiplication<\/td>\n<td><\/td>\n<td>2.08(27\/13)<\/td>\n<\/tr>\n<tr>\n<td height=\"32\">Assiette et inclinaison syst\u00e8me<\/td>\n<td><\/td>\n<td>Manuel<\/td>\n<\/tr>\n<tr>\n<td height=\"32\">Capacit\u00e9 du r\u00e9servoir de carburant<\/td>\n<td>L<\/td>\n<td>24L<\/td>\n<\/tr>\n<tr>\n<td height=\"32\">Consommation de carburant<\/td>\n<td>L\/h<\/td>\n<td>5,3<\/td>\n<\/tr>\n<tr>\n<td height=\"20\">Capacit\u00e9 d'huile moteur<\/td>\n<td>L<\/td>\n<td>1<\/td>\n<\/tr>\n<tr>\n<td height=\"32\">Capacit\u00e9 d'huile de vitesse<\/td>\n<td>cm3<\/td>\n<td>250<\/td>\n<\/tr>\n<tr>\n<td height=\"20\">Options d'h\u00e9lice **<\/td>\n<td>in<\/td>\n<td>3-9 1\/4 &#8221; x 11 &#8221; or 3- 9 1\/4 x 8&#8243;<\/td>\n<\/tr>\n<tr>\n<td colspan=\"2\" height=\"20\">*F=Avant N=Neutre (Point Mort) R= Retour<\/td>\n<td><\/td>\n<\/tr>\n<tr>\n<td colspan=\"2\" height=\"20\">**Le choix de l'h\u00e9lice varie en fonction de la taille du bateau et de l'application.<\/td>\n<td><\/td>\n<\/tr>\n<\/tbody>\n<\/table>\n<\/div>\n<\/div>","protected":false},"excerpt":{"rendered":"<p>Motor in 4 timpi, cizma lunga, 15CP, pornire manuala, comanda manuala Motorul de barca Genovo F15 ca alte motoare de barca din aceeasi categorie clasa este catarul de povara. Face fata cu brio unor barci cu incarcatura facandu-le sa gliseze cu usurinta. Pretul contine toate taxele si nu exista alte costuri suplimentare. Atentie !!! Necesita [&hellip;]<\/p>","protected":false},"featured_media":1402,"comment_status":"open","ping_status":"closed","template":"","meta":[],"product_cat":[43,29],"product_tag":[],"class_list":{"0":"post-1401","1":"product","2":"type-product","3":"status-publish","4":"has-post-thumbnail","6":"product_cat-4-timpi","7":"product_cat-motoare-de-barca","8":"pa_brand-genovo","10":"first","11":"instock","12":"shipping-taxable","13":"purchasable","14":"product-type-simple"},"yoast_head":"<!-- This site is optimized with the Yoast SEO plugin v22.7 - https:\/\/yoast.com\/wordpress\/plugins\/seo\/ -->\n<title>Genovo F15 BML - Korsairs<\/title>\n<meta name=\"description\" content=\"Genovo F15 BML - Motor in 4 timpi, cizma lunga, 15CP, pornire manuala, comanda manuala. Motorul de barca Genovo F15 ca alte motoare de barca din a\" \/>\n<meta name=\"robots\" content=\"index, follow, max-snippet:-1, max-image-preview:large, max-video-preview:-1\" \/>\n<link rel=\"canonical\" href=\"https:\/\/korsairs.com\/fr\/product\/genovo-f15-bml\/\" \/>\n<meta property=\"og:locale\" content=\"fr_FR\" \/>\n<meta property=\"og:type\" content=\"article\" \/>\n<meta property=\"og:title\" content=\"Genovo F15 BML - Korsairs\" \/>\n<meta property=\"og:description\" content=\"Genovo F15 BML - Motor in 4 timpi, cizma lunga, 15CP, pornire manuala, comanda manuala. Motorul de barca Genovo F15 ca alte motoare de barca din a\" \/>\n<meta property=\"og:url\" content=\"https:\/\/korsairs.com\/fr\/product\/genovo-f15-bml\/\" \/>\n<meta property=\"og:site_name\" content=\"Korsairs\" \/>\n<meta property=\"article:modified_time\" content=\"2023-02-10T11:37:12+00:00\" \/>\n<meta property=\"og:image\" content=\"https:\/\/korsairs.com\/wp-content\/uploads\/2023\/02\/genovo-f15-500x500-1.jpg\" \/>\n\t<meta property=\"og:image:width\" content=\"500\" \/>\n\t<meta property=\"og:image:height\" content=\"500\" \/>\n\t<meta property=\"og:image:type\" content=\"image\/jpeg\" \/>\n<meta name=\"twitter:card\" content=\"summary_large_image\" \/>\n<meta name=\"twitter:label1\" content=\"Dur\u00e9e de lecture estim\u00e9e\" \/>\n\t<meta name=\"twitter:data1\" content=\"2 minutes\" \/>\n<script type=\"application\/ld+json\" class=\"yoast-schema-graph\">{\"@context\":\"https:\/\/schema.org\",\"@graph\":[{\"@type\":\"WebPage\",\"@id\":\"https:\/\/korsairs.com\/produs\/genovo-f15-bml\/\",\"url\":\"https:\/\/korsairs.com\/produs\/genovo-f15-bml\/\",\"name\":\"Genovo F15 BML - Korsairs\",\"isPartOf\":{\"@id\":\"https:\/\/korsairs.com\/#website\"},\"primaryImageOfPage\":{\"@id\":\"https:\/\/korsairs.com\/produs\/genovo-f15-bml\/#primaryimage\"},\"image\":{\"@id\":\"https:\/\/korsairs.com\/produs\/genovo-f15-bml\/#primaryimage\"},\"thumbnailUrl\":\"https:\/\/korsairs.com\/wp-content\/uploads\/2023\/02\/genovo-f15-500x500-1.jpg\",\"datePublished\":\"2023-02-10T11:21:27+00:00\",\"dateModified\":\"2023-02-10T11:37:12+00:00\",\"description\":\"Genovo F15 BML - Motor in 4 timpi, cizma lunga, 15CP, pornire manuala, comanda manuala. Motorul de barca Genovo F15 ca alte motoare de barca din a\",\"breadcrumb\":{\"@id\":\"https:\/\/korsairs.com\/produs\/genovo-f15-bml\/#breadcrumb\"},\"inLanguage\":\"fr-FR\",\"potentialAction\":[{\"@type\":\"ReadAction\",\"target\":[\"https:\/\/korsairs.com\/produs\/genovo-f15-bml\/\"]}]},{\"@type\":\"ImageObject\",\"inLanguage\":\"fr-FR\",\"@id\":\"https:\/\/korsairs.com\/produs\/genovo-f15-bml\/#primaryimage\",\"url\":\"https:\/\/korsairs.com\/wp-content\/uploads\/2023\/02\/genovo-f15-500x500-1.jpg\",\"contentUrl\":\"https:\/\/korsairs.com\/wp-content\/uploads\/2023\/02\/genovo-f15-500x500-1.jpg\",\"width\":500,\"height\":500,\"caption\":\"Genovo F15 BML\"},{\"@type\":\"BreadcrumbList\",\"@id\":\"https:\/\/korsairs.com\/produs\/genovo-f15-bml\/#breadcrumb\",\"itemListElement\":[{\"@type\":\"ListItem\",\"position\":1,\"name\":\"Prima pagin\u0103\",\"item\":\"https:\/\/korsairs.com\/\"},{\"@type\":\"ListItem\",\"position\":2,\"name\":\"Magazin\",\"item\":\"https:\/\/korsairs.com\/magazin\/\"},{\"@type\":\"ListItem\",\"position\":3,\"name\":\"Genovo F15 BML\"}]},{\"@type\":\"WebSite\",\"@id\":\"https:\/\/korsairs.com\/#website\",\"url\":\"https:\/\/korsairs.com\/\",\"name\":\"Korsairs\",\"description\":\"Motoare de barc\u0103\",\"publisher\":{\"@id\":\"https:\/\/korsairs.com\/#organization\"},\"potentialAction\":[{\"@type\":\"SearchAction\",\"target\":{\"@type\":\"EntryPoint\",\"urlTemplate\":\"https:\/\/korsairs.com\/?s={search_term_string}\"},\"query-input\":\"required name=search_term_string\"}],\"inLanguage\":\"fr-FR\"},{\"@type\":\"Organization\",\"@id\":\"https:\/\/korsairs.com\/#organization\",\"name\":\"Korsairs\",\"url\":\"https:\/\/korsairs.com\/\",\"logo\":{\"@type\":\"ImageObject\",\"inLanguage\":\"fr-FR\",\"@id\":\"https:\/\/korsairs.com\/#\/schema\/logo\/image\/\",\"url\":\"https:\/\/korsairs.com\/wp-content\/uploads\/2023\/02\/logo-kapitan.png\",\"contentUrl\":\"https:\/\/korsairs.com\/wp-content\/uploads\/2023\/02\/logo-kapitan.png\",\"width\":331,\"height\":80,\"caption\":\"Korsairs\"},\"image\":{\"@id\":\"https:\/\/korsairs.com\/#\/schema\/logo\/image\/\"}}]}<\/script>\n<!-- \/ Yoast SEO plugin. -->","yoast_head_json":{"title":"Genovo F15 BML - Korsairs","description":"Genovo F15 BML - Motor in 4 timpi, cizma lunga, 15CP, pornire manuala, comanda manuala. Motorul de barca Genovo F15 ca alte motoare de barca din a","robots":{"index":"index","follow":"follow","max-snippet":"max-snippet:-1","max-image-preview":"max-image-preview:large","max-video-preview":"max-video-preview:-1"},"canonical":"https:\/\/korsairs.com\/fr\/product\/genovo-f15-bml\/","og_locale":"fr_FR","og_type":"article","og_title":"Genovo F15 BML - Korsairs","og_description":"Genovo F15 BML - Motor in 4 timpi, cizma lunga, 15CP, pornire manuala, comanda manuala. Motorul de barca Genovo F15 ca alte motoare de barca din a","og_url":"https:\/\/korsairs.com\/fr\/product\/genovo-f15-bml\/","og_site_name":"Korsairs","article_modified_time":"2023-02-10T11:37:12+00:00","og_image":[{"width":500,"height":500,"url":"https:\/\/korsairs.com\/wp-content\/uploads\/2023\/02\/genovo-f15-500x500-1.jpg","type":"image\/jpeg"}],"twitter_card":"summary_large_image","twitter_misc":{"Dur\u00e9e de lecture estim\u00e9e":"2 minutes"},"schema":{"@context":"https:\/\/schema.org","@graph":[{"@type":"WebPage","@id":"https:\/\/korsairs.com\/produs\/genovo-f15-bml\/","url":"https:\/\/korsairs.com\/produs\/genovo-f15-bml\/","name":"Genovo F15 BML - Korsairs","isPartOf":{"@id":"https:\/\/korsairs.com\/#website"},"primaryImageOfPage":{"@id":"https:\/\/korsairs.com\/produs\/genovo-f15-bml\/#primaryimage"},"image":{"@id":"https:\/\/korsairs.com\/produs\/genovo-f15-bml\/#primaryimage"},"thumbnailUrl":"https:\/\/korsairs.com\/wp-content\/uploads\/2023\/02\/genovo-f15-500x500-1.jpg","datePublished":"2023-02-10T11:21:27+00:00","dateModified":"2023-02-10T11:37:12+00:00","description":"Genovo F15 BML - Motor in 4 timpi, cizma lunga, 15CP, pornire manuala, comanda manuala. Motorul de barca Genovo F15 ca alte motoare de barca din a","breadcrumb":{"@id":"https:\/\/korsairs.com\/produs\/genovo-f15-bml\/#breadcrumb"},"inLanguage":"fr-FR","potentialAction":[{"@type":"ReadAction","target":["https:\/\/korsairs.com\/produs\/genovo-f15-bml\/"]}]},{"@type":"ImageObject","inLanguage":"fr-FR","@id":"https:\/\/korsairs.com\/produs\/genovo-f15-bml\/#primaryimage","url":"https:\/\/korsairs.com\/wp-content\/uploads\/2023\/02\/genovo-f15-500x500-1.jpg","contentUrl":"https:\/\/korsairs.com\/wp-content\/uploads\/2023\/02\/genovo-f15-500x500-1.jpg","width":500,"height":500,"caption":"Genovo F15 BML"},{"@type":"BreadcrumbList","@id":"https:\/\/korsairs.com\/produs\/genovo-f15-bml\/#breadcrumb","itemListElement":[{"@type":"ListItem","position":1,"name":"Prima pagin\u0103","item":"https:\/\/korsairs.com\/"},{"@type":"ListItem","position":2,"name":"Magazin","item":"https:\/\/korsairs.com\/magazin\/"},{"@type":"ListItem","position":3,"name":"Genovo F15 BML"}]},{"@type":"WebSite","@id":"https:\/\/korsairs.com\/#website","url":"https:\/\/korsairs.com\/","name":"Korsairs","description":"Motoare de barc\u0103","publisher":{"@id":"https:\/\/korsairs.com\/#organization"},"potentialAction":[{"@type":"SearchAction","target":{"@type":"EntryPoint","urlTemplate":"https:\/\/korsairs.com\/?s={search_term_string}"},"query-input":"required name=search_term_string"}],"inLanguage":"fr-FR"},{"@type":"Organization","@id":"https:\/\/korsairs.com\/#organization","name":"Korsairs","url":"https:\/\/korsairs.com\/","logo":{"@type":"ImageObject","inLanguage":"fr-FR","@id":"https:\/\/korsairs.com\/#\/schema\/logo\/image\/","url":"https:\/\/korsairs.com\/wp-content\/uploads\/2023\/02\/logo-kapitan.png","contentUrl":"https:\/\/korsairs.com\/wp-content\/uploads\/2023\/02\/logo-kapitan.png","width":331,"height":80,"caption":"Korsairs"},"image":{"@id":"https:\/\/korsairs.com\/#\/schema\/logo\/image\/"}}]}},"jetpack_sharing_enabled":true,"_links":{"self":[{"href":"https:\/\/korsairs.com\/fr\/wp-json\/wp\/v2\/product\/1401","targetHints":{"allow":["GET"]}}],"collection":[{"href":"https:\/\/korsairs.com\/fr\/wp-json\/wp\/v2\/product"}],"about":[{"href":"https:\/\/korsairs.com\/fr\/wp-json\/wp\/v2\/types\/product"}],"replies":[{"embeddable":true,"href":"https:\/\/korsairs.com\/fr\/wp-json\/wp\/v2\/comments?post=1401"}],"wp:featuredmedia":[{"embeddable":true,"href":"https:\/\/korsairs.com\/fr\/wp-json\/wp\/v2\/media\/1402"}],"wp:attachment":[{"href":"https:\/\/korsairs.com\/fr\/wp-json\/wp\/v2\/media?parent=1401"}],"wp:term":[{"taxonomy":"product_cat","embeddable":true,"href":"https:\/\/korsairs.com\/fr\/wp-json\/wp\/v2\/product_cat?post=1401"},{"taxonomy":"product_tag","embeddable":true,"href":"https:\/\/korsairs.com\/fr\/wp-json\/wp\/v2\/product_tag?post=1401"}],"curies":[{"name":"wp","href":"https:\/\/api.w.org\/{rel}","templated":true}]}}