{"id":1458,"date":"2023-02-14T19:58:37","date_gmt":"2023-02-14T19:58:37","guid":{"rendered":"https:\/\/korsairs.com\/?post_type=product&#038;p=1458"},"modified":"2023-09-29T16:07:01","modified_gmt":"2023-09-29T16:07:01","slug":"genovo-t40-fwl","status":"publish","type":"product","link":"https:\/\/korsairs.com\/es\/product\/genovo-t40-fwl\/","title":{"rendered":"Genovo T40 FWL"},"content":{"rendered":"<p>Motores fueraborda 2 tiempos, 40HP, arranque el\u00e9ctrico, control remoto, cola larga, Genovo T40FWL<\/p>\n<table border=\"0\" width=\"416\" cellspacing=\"0\" cellpadding=\"0\">\n<colgroup>\n<col width=\"193\" \/>\n<col width=\"87\" \/>\n<col width=\"136\" \/><\/colgroup>\n<tbody>\n<tr>\n<td width=\"193\" height=\"20\"><strong>Marca<\/strong><\/td>\n<td width=\"87\"><strong>Genovo<\/strong><\/td>\n<td width=\"136\"><strong>T40FWL<\/strong><\/td>\n<\/tr>\n<tr>\n<td width=\"193\" height=\"20\">Longitud total<\/td>\n<td width=\"87\">mm<\/td>\n<td width=\"136\">645<\/td>\n<\/tr>\n<tr>\n<td width=\"193\" height=\"20\">Ancho total<\/td>\n<td width=\"87\">mm<\/td>\n<td width=\"136\">372<\/td>\n<\/tr>\n<tr>\n<td width=\"193\" height=\"20\">Altura total<\/td>\n<td width=\"87\">mm<\/td>\n<td width=\"136\">1340<\/td>\n<\/tr>\n<tr>\n<td width=\"193\" height=\"20\">Altura eje<\/td>\n<td width=\"87\">mm<\/td>\n<td width=\"136\">508<\/td>\n<\/tr>\n<tr>\n<td width=\"193\" height=\"20\">Peso<\/td>\n<td width=\"87\">kg<\/td>\n<td width=\"136\">77.7<\/td>\n<\/tr>\n<tr>\n<td width=\"193\" height=\"20\">Rango de operaci\u00f3n m\u00e1ximo<\/td>\n<td width=\"87\">r\/min<\/td>\n<td width=\"136\">4500-5500<\/td>\n<\/tr>\n<tr>\n<td width=\"193\" height=\"33\">Potencia m\u00e1xima<\/td>\n<td>KW(CP)<\/td>\n<td width=\"136\">29.4(40)@5000r\/min<\/td>\n<\/tr>\n<tr>\n<td width=\"193\" height=\"20\">R\u00e9gimen de ralent\u00ed<\/td>\n<td width=\"87\">r\/min<\/td>\n<td width=\"136\">925-1025<\/td>\n<\/tr>\n<tr>\n<td width=\"193\" height=\"20\">Tipo de motor<\/td>\n<td width=\"87\"><\/td>\n<td width=\"136\">Reed Valve<\/td>\n<\/tr>\n<tr>\n<td width=\"193\" height=\"20\">Cilindro<\/td>\n<td width=\"87\"><\/td>\n<td width=\"136\">L2<\/td>\n<\/tr>\n<tr>\n<td width=\"193\" height=\"20\">Cilindrada<\/td>\n<td width=\"87\">cm3<\/td>\n<td width=\"136\">703<\/td>\n<\/tr>\n<tr>\n<td width=\"193\" height=\"33\">Di\u00e1metro x carrera<\/td>\n<td width=\"87\">mm<\/td>\n<td width=\"136\">80.0&#215;70.0(3.15&#215;2.76)<\/td>\n<\/tr>\n<tr>\n<td width=\"193\" height=\"20\">Sistema de arranque<\/td>\n<td width=\"87\"><\/td>\n<td>CDI<\/td>\n<\/tr>\n<tr>\n<td width=\"193\" height=\"20\">Direcci\u00f3n<\/td>\n<td width=\"87\"><\/td>\n<td width=\"136\">la distanta<\/td>\n<\/tr>\n<tr>\n<td width=\"193\" height=\"20\">Sistema de Arranque<\/td>\n<td width=\"87\"><\/td>\n<td width=\"136\">electric<\/td>\n<\/tr>\n<tr>\n<td width=\"193\" height=\"20\">Sistema de enfriamiento<\/td>\n<td width=\"87\"><\/td>\n<td>Aqua<\/td>\n<\/tr>\n<tr>\n<td width=\"193\" height=\"33\">Posiciones de cambio*<\/td>\n<td width=\"87\"><\/td>\n<td>F-N-R<\/td>\n<\/tr>\n<tr>\n<td width=\"193\" height=\"20\">Relaci\u00f3n de cambio<\/td>\n<td width=\"87\"><\/td>\n<td width=\"136\">2.08(27\/13)<\/td>\n<\/tr>\n<tr>\n<td width=\"193\" height=\"20\">Recorte y la inclinaci\u00f3n del sistema<\/td>\n<td width=\"87\"><\/td>\n<td width=\"136\">Manual tilt<\/td>\n<\/tr>\n<tr>\n<td width=\"193\" height=\"32\">Cap. dep\u00f3sito combustible<\/td>\n<td width=\"87\">L<\/td>\n<td width=\"136\">24L<\/td>\n<\/tr>\n<tr>\n<td width=\"193\" height=\"20\">Consumo<\/td>\n<td width=\"87\">L\/h<\/td>\n<td width=\"136\">20<\/td>\n<\/tr>\n<tr>\n<td width=\"193\" height=\"33\">La capacidad de aceite del motor<\/td>\n<td width=\"87\">L<\/td>\n<td width=\"136\">50 \/ 1<\/td>\n<\/tr>\n<tr>\n<td width=\"193\" height=\"20\">La capacidad de aceite del engranaje<\/td>\n<td width=\"87\">cm3<\/td>\n<td width=\"136\">430<\/td>\n<\/tr>\n<tr>\n<td width=\"193\" height=\"20\">Helice **<\/td>\n<td width=\"87\">in<\/td>\n<td width=\"136\">3-11 1\/8 &#8221; x 13 &#8222;<\/td>\n<\/tr>\n<tr>\n<td colspan=\"2\" width=\"280\" height=\"20\">*F=Control frontal N=Neutro R= Retroceso<\/td>\n<td><\/td>\n<\/tr>\n<tr>\n<td colspan=\"2\" height=\"20\">**La elecci\u00f3n de la h\u00e9lice depende del tama\u00f1o del vaso y la aplicaci\u00f3n<\/td>\n<\/tr>\n<\/tbody>\n<\/table>","protected":false},"excerpt":{"rendered":"<p>Motor de barca in 2 timpi,\u00a040CP, cizma lunga, control la distanta, pornire electrica, Genovo F40FWL Brand Genovo T40FWL Lungime totala mm 645 Latime totala mm 372 Inaltime totala mm 1340 Inaltime cizma mm 508 Greutate kg 77.7 Turatie maxima de operare r\/min 4500-5500 Putere KW(CP) 29.4(40)@5000r\/min Turatia la ralanti r\/min 925-1025 Tipul motorului Reed Valve [&hellip;]<\/p>","protected":false},"featured_media":1459,"comment_status":"open","ping_status":"closed","template":"","meta":[],"product_cat":[42,29],"product_tag":[],"class_list":{"0":"post-1458","1":"product","2":"type-product","3":"status-publish","4":"has-post-thumbnail","6":"product_cat-2-timpi","7":"product_cat-motoare-de-barca","8":"pa_brand-genovo","10":"first","11":"instock","12":"shipping-taxable","13":"purchasable","14":"product-type-simple"},"yoast_head":"<!-- This site is optimized with the Yoast SEO plugin v22.7 - https:\/\/yoast.com\/wordpress\/plugins\/seo\/ -->\n<title>Genovo T40 FWL - Korsairs<\/title>\n<meta name=\"description\" content=\"Motor de barca in 2 timpi,\u00a040CP, cizma lunga, control la distanta, pornire electrica, Genovo F40FWL\" \/>\n<meta name=\"robots\" content=\"index, follow, max-snippet:-1, max-image-preview:large, max-video-preview:-1\" \/>\n<link rel=\"canonical\" href=\"https:\/\/korsairs.com\/es\/product\/genovo-t40-fwl\/\" \/>\n<meta property=\"og:locale\" content=\"es_ES\" \/>\n<meta property=\"og:type\" content=\"article\" \/>\n<meta property=\"og:title\" content=\"Genovo T40 FWL - Korsairs\" \/>\n<meta property=\"og:description\" content=\"Motor de barca in 2 timpi,\u00a040CP, cizma lunga, control la distanta, pornire electrica, Genovo F40FWL\" \/>\n<meta property=\"og:url\" content=\"https:\/\/korsairs.com\/es\/product\/genovo-t40-fwl\/\" \/>\n<meta property=\"og:site_name\" content=\"Korsairs\" \/>\n<meta property=\"article:modified_time\" content=\"2023-09-29T16:07:01+00:00\" \/>\n<meta property=\"og:image\" content=\"https:\/\/korsairs.com\/wp-content\/uploads\/2023\/02\/genovo-t40fwl-100-500x500-1.jpg\" \/>\n\t<meta property=\"og:image:width\" content=\"500\" \/>\n\t<meta property=\"og:image:height\" content=\"500\" \/>\n\t<meta property=\"og:image:type\" content=\"image\/jpeg\" \/>\n<meta name=\"twitter:card\" content=\"summary_large_image\" \/>\n<meta name=\"twitter:label1\" content=\"Tiempo de lectura\" \/>\n\t<meta name=\"twitter:data1\" content=\"1 minuto\" \/>\n<script type=\"application\/ld+json\" class=\"yoast-schema-graph\">{\"@context\":\"https:\/\/schema.org\",\"@graph\":[{\"@type\":\"WebPage\",\"@id\":\"https:\/\/korsairs.com\/produs\/genovo-t40-fwl\/\",\"url\":\"https:\/\/korsairs.com\/produs\/genovo-t40-fwl\/\",\"name\":\"Genovo T40 FWL - Korsairs\",\"isPartOf\":{\"@id\":\"https:\/\/korsairs.com\/#website\"},\"primaryImageOfPage\":{\"@id\":\"https:\/\/korsairs.com\/produs\/genovo-t40-fwl\/#primaryimage\"},\"image\":{\"@id\":\"https:\/\/korsairs.com\/produs\/genovo-t40-fwl\/#primaryimage\"},\"thumbnailUrl\":\"https:\/\/korsairs.com\/wp-content\/uploads\/2023\/02\/genovo-t40fwl-100-500x500-1.jpg\",\"datePublished\":\"2023-02-14T19:58:37+00:00\",\"dateModified\":\"2023-09-29T16:07:01+00:00\",\"description\":\"Motor de barca in 2 timpi,\u00a040CP, cizma lunga, control la distanta, pornire electrica, Genovo F40FWL\",\"breadcrumb\":{\"@id\":\"https:\/\/korsairs.com\/produs\/genovo-t40-fwl\/#breadcrumb\"},\"inLanguage\":\"es\",\"potentialAction\":[{\"@type\":\"ReadAction\",\"target\":[\"https:\/\/korsairs.com\/produs\/genovo-t40-fwl\/\"]}]},{\"@type\":\"ImageObject\",\"inLanguage\":\"es\",\"@id\":\"https:\/\/korsairs.com\/produs\/genovo-t40-fwl\/#primaryimage\",\"url\":\"https:\/\/korsairs.com\/wp-content\/uploads\/2023\/02\/genovo-t40fwl-100-500x500-1.jpg\",\"contentUrl\":\"https:\/\/korsairs.com\/wp-content\/uploads\/2023\/02\/genovo-t40fwl-100-500x500-1.jpg\",\"width\":500,\"height\":500,\"caption\":\"Genovo T40 FWL\"},{\"@type\":\"BreadcrumbList\",\"@id\":\"https:\/\/korsairs.com\/produs\/genovo-t40-fwl\/#breadcrumb\",\"itemListElement\":[{\"@type\":\"ListItem\",\"position\":1,\"name\":\"Prima pagin\u0103\",\"item\":\"https:\/\/korsairs.com\/\"},{\"@type\":\"ListItem\",\"position\":2,\"name\":\"Magazin\",\"item\":\"https:\/\/korsairs.com\/magazin\/\"},{\"@type\":\"ListItem\",\"position\":3,\"name\":\"Genovo T40 FWL\"}]},{\"@type\":\"WebSite\",\"@id\":\"https:\/\/korsairs.com\/#website\",\"url\":\"https:\/\/korsairs.com\/\",\"name\":\"Korsairs\",\"description\":\"Motoare de barc\u0103\",\"publisher\":{\"@id\":\"https:\/\/korsairs.com\/#organization\"},\"potentialAction\":[{\"@type\":\"SearchAction\",\"target\":{\"@type\":\"EntryPoint\",\"urlTemplate\":\"https:\/\/korsairs.com\/?s={search_term_string}\"},\"query-input\":\"required name=search_term_string\"}],\"inLanguage\":\"es\"},{\"@type\":\"Organization\",\"@id\":\"https:\/\/korsairs.com\/#organization\",\"name\":\"Korsairs\",\"url\":\"https:\/\/korsairs.com\/\",\"logo\":{\"@type\":\"ImageObject\",\"inLanguage\":\"es\",\"@id\":\"https:\/\/korsairs.com\/#\/schema\/logo\/image\/\",\"url\":\"https:\/\/korsairs.com\/wp-content\/uploads\/2023\/02\/logo-kapitan.png\",\"contentUrl\":\"https:\/\/korsairs.com\/wp-content\/uploads\/2023\/02\/logo-kapitan.png\",\"width\":331,\"height\":80,\"caption\":\"Korsairs\"},\"image\":{\"@id\":\"https:\/\/korsairs.com\/#\/schema\/logo\/image\/\"}}]}<\/script>\n<!-- \/ Yoast SEO plugin. -->","yoast_head_json":{"title":"Genovo T40 FWL - Korsairs","description":"Motor de barca in 2 timpi,\u00a040CP, cizma lunga, control la distanta, pornire electrica, Genovo F40FWL","robots":{"index":"index","follow":"follow","max-snippet":"max-snippet:-1","max-image-preview":"max-image-preview:large","max-video-preview":"max-video-preview:-1"},"canonical":"https:\/\/korsairs.com\/es\/product\/genovo-t40-fwl\/","og_locale":"es_ES","og_type":"article","og_title":"Genovo T40 FWL - Korsairs","og_description":"Motor de barca in 2 timpi,\u00a040CP, cizma lunga, control la distanta, pornire electrica, Genovo F40FWL","og_url":"https:\/\/korsairs.com\/es\/product\/genovo-t40-fwl\/","og_site_name":"Korsairs","article_modified_time":"2023-09-29T16:07:01+00:00","og_image":[{"width":500,"height":500,"url":"https:\/\/korsairs.com\/wp-content\/uploads\/2023\/02\/genovo-t40fwl-100-500x500-1.jpg","type":"image\/jpeg"}],"twitter_card":"summary_large_image","twitter_misc":{"Tiempo de lectura":"1 minuto"},"schema":{"@context":"https:\/\/schema.org","@graph":[{"@type":"WebPage","@id":"https:\/\/korsairs.com\/produs\/genovo-t40-fwl\/","url":"https:\/\/korsairs.com\/produs\/genovo-t40-fwl\/","name":"Genovo T40 FWL - Korsairs","isPartOf":{"@id":"https:\/\/korsairs.com\/#website"},"primaryImageOfPage":{"@id":"https:\/\/korsairs.com\/produs\/genovo-t40-fwl\/#primaryimage"},"image":{"@id":"https:\/\/korsairs.com\/produs\/genovo-t40-fwl\/#primaryimage"},"thumbnailUrl":"https:\/\/korsairs.com\/wp-content\/uploads\/2023\/02\/genovo-t40fwl-100-500x500-1.jpg","datePublished":"2023-02-14T19:58:37+00:00","dateModified":"2023-09-29T16:07:01+00:00","description":"Motor de barca in 2 timpi,\u00a040CP, cizma lunga, control la distanta, pornire electrica, Genovo F40FWL","breadcrumb":{"@id":"https:\/\/korsairs.com\/produs\/genovo-t40-fwl\/#breadcrumb"},"inLanguage":"es","potentialAction":[{"@type":"ReadAction","target":["https:\/\/korsairs.com\/produs\/genovo-t40-fwl\/"]}]},{"@type":"ImageObject","inLanguage":"es","@id":"https:\/\/korsairs.com\/produs\/genovo-t40-fwl\/#primaryimage","url":"https:\/\/korsairs.com\/wp-content\/uploads\/2023\/02\/genovo-t40fwl-100-500x500-1.jpg","contentUrl":"https:\/\/korsairs.com\/wp-content\/uploads\/2023\/02\/genovo-t40fwl-100-500x500-1.jpg","width":500,"height":500,"caption":"Genovo T40 FWL"},{"@type":"BreadcrumbList","@id":"https:\/\/korsairs.com\/produs\/genovo-t40-fwl\/#breadcrumb","itemListElement":[{"@type":"ListItem","position":1,"name":"Prima pagin\u0103","item":"https:\/\/korsairs.com\/"},{"@type":"ListItem","position":2,"name":"Magazin","item":"https:\/\/korsairs.com\/magazin\/"},{"@type":"ListItem","position":3,"name":"Genovo T40 FWL"}]},{"@type":"WebSite","@id":"https:\/\/korsairs.com\/#website","url":"https:\/\/korsairs.com\/","name":"Korsairs","description":"Motoare de barc\u0103","publisher":{"@id":"https:\/\/korsairs.com\/#organization"},"potentialAction":[{"@type":"SearchAction","target":{"@type":"EntryPoint","urlTemplate":"https:\/\/korsairs.com\/?s={search_term_string}"},"query-input":"required name=search_term_string"}],"inLanguage":"es"},{"@type":"Organization","@id":"https:\/\/korsairs.com\/#organization","name":"Korsairs","url":"https:\/\/korsairs.com\/","logo":{"@type":"ImageObject","inLanguage":"es","@id":"https:\/\/korsairs.com\/#\/schema\/logo\/image\/","url":"https:\/\/korsairs.com\/wp-content\/uploads\/2023\/02\/logo-kapitan.png","contentUrl":"https:\/\/korsairs.com\/wp-content\/uploads\/2023\/02\/logo-kapitan.png","width":331,"height":80,"caption":"Korsairs"},"image":{"@id":"https:\/\/korsairs.com\/#\/schema\/logo\/image\/"}}]}},"jetpack_sharing_enabled":true,"_links":{"self":[{"href":"https:\/\/korsairs.com\/es\/wp-json\/wp\/v2\/product\/1458","targetHints":{"allow":["GET"]}}],"collection":[{"href":"https:\/\/korsairs.com\/es\/wp-json\/wp\/v2\/product"}],"about":[{"href":"https:\/\/korsairs.com\/es\/wp-json\/wp\/v2\/types\/product"}],"replies":[{"embeddable":true,"href":"https:\/\/korsairs.com\/es\/wp-json\/wp\/v2\/comments?post=1458"}],"wp:featuredmedia":[{"embeddable":true,"href":"https:\/\/korsairs.com\/es\/wp-json\/wp\/v2\/media\/1459"}],"wp:attachment":[{"href":"https:\/\/korsairs.com\/es\/wp-json\/wp\/v2\/media?parent=1458"}],"wp:term":[{"taxonomy":"product_cat","embeddable":true,"href":"https:\/\/korsairs.com\/es\/wp-json\/wp\/v2\/product_cat?post=1458"},{"taxonomy":"product_tag","embeddable":true,"href":"https:\/\/korsairs.com\/es\/wp-json\/wp\/v2\/product_tag?post=1458"}],"curies":[{"name":"wp","href":"https:\/\/api.w.org\/{rel}","templated":true}]}}