{"id":1456,"date":"2023-02-10T15:55:55","date_gmt":"2023-02-10T15:55:55","guid":{"rendered":"https:\/\/korsairs.com\/?post_type=product&#038;p=1456"},"modified":"2023-02-10T15:55:55","modified_gmt":"2023-02-10T15:55:55","slug":"genovo-t9-8-bml","status":"publish","type":"product","link":"https:\/\/korsairs.com\/es\/product\/genovo-t9-8-bml\/","title":{"rendered":"Genovo T9.8 BML"},"content":{"rendered":"<table border=\"0\" width=\"509\" cellspacing=\"0\" cellpadding=\"0\">\n<tbody>\n<tr>\n<td width=\"193\" height=\"20\"><strong>Marca<\/strong><\/td>\n<td width=\"87\"><strong>Genovo<\/strong><\/td>\n<td width=\"136\"><strong>T9.8 BML<\/strong><\/td>\n<td width=\"93\"><\/td>\n<\/tr>\n<tr>\n<td width=\"193\" height=\"20\">Longitud total<\/td>\n<td width=\"87\">mm<\/td>\n<td colspan=\"2\" width=\"229\">842<\/td>\n<\/tr>\n<tr>\n<td width=\"193\" height=\"20\">Ancho total<\/td>\n<td width=\"87\">mm<\/td>\n<td colspan=\"2\" width=\"229\">336<\/td>\n<\/tr>\n<tr>\n<td width=\"193\" height=\"20\">Altura total<\/td>\n<td width=\"87\">mm<\/td>\n<td width=\"136\">1119<\/td>\n<td width=\"93\"><\/td>\n<\/tr>\n<tr>\n<td width=\"193\" height=\"20\">Altura eje<\/td>\n<td width=\"87\">mm<\/td>\n<td width=\"136\">508<\/td>\n<td width=\"93\"><\/td>\n<\/tr>\n<tr>\n<td width=\"193\" height=\"20\">Peso<\/td>\n<td width=\"87\">kg<\/td>\n<td width=\"136\">27<\/td>\n<td width=\"93\"><\/td>\n<\/tr>\n<tr>\n<td width=\"193\" height=\"20\">Rango de operaci\u00f3n m\u00e1ximo<\/td>\n<td width=\"87\">r\/min<\/td>\n<td colspan=\"2\" width=\"229\">5000-6000<\/td>\n<\/tr>\n<tr>\n<td width=\"193\" height=\"20\">Potencia m\u00e1xima<\/td>\n<td>KW(CP)<\/td>\n<td colspan=\"2\" width=\"229\">7.2(9.8)@5000r\/min<\/td>\n<\/tr>\n<tr>\n<td width=\"193\" height=\"20\">R\u00e9gimen de ralent\u00ed<\/td>\n<td width=\"87\">r\/min<\/td>\n<td colspan=\"2\" width=\"229\">1150<\/td>\n<\/tr>\n<tr>\n<td width=\"193\" height=\"20\">Tipo de motor<\/td>\n<td width=\"87\"><\/td>\n<td colspan=\"2\" width=\"229\">Reed Valve<\/td>\n<\/tr>\n<tr>\n<td width=\"193\" height=\"20\">Cilindro<\/td>\n<td width=\"87\"><\/td>\n<td colspan=\"2\" width=\"229\">L2<\/td>\n<\/tr>\n<tr>\n<td width=\"193\" height=\"20\">Cilindrada<\/td>\n<td width=\"87\">cm3<\/td>\n<td colspan=\"2\" width=\"229\">169<\/td>\n<\/tr>\n<tr>\n<td width=\"193\" height=\"20\">Di\u00e1metro x carrera<\/td>\n<td width=\"87\">mm<\/td>\n<td colspan=\"2\" width=\"229\">50&#215;43<\/td>\n<\/tr>\n<tr>\n<td width=\"193\" height=\"20\">Sistema de arranque<\/td>\n<td width=\"87\"><\/td>\n<td colspan=\"2\" width=\"229\">CDI<\/td>\n<\/tr>\n<tr>\n<td width=\"193\" height=\"20\">Direcci\u00f3n<\/td>\n<td width=\"87\"><\/td>\n<td colspan=\"2\" width=\"229\">Tim\u00f3n de palanca<\/td>\n<\/tr>\n<tr>\n<td width=\"193\" height=\"20\">Sistema de Arranque<\/td>\n<td width=\"87\"><\/td>\n<td colspan=\"2\" width=\"229\">manuala<\/td>\n<\/tr>\n<tr>\n<td width=\"193\" height=\"20\">Sistema de enfriamiento<\/td>\n<td width=\"87\"><\/td>\n<td colspan=\"2\" width=\"229\">Aqua<\/td>\n<\/tr>\n<tr>\n<td width=\"193\" height=\"20\">Posiciones de cambio*<\/td>\n<td width=\"87\"><\/td>\n<td colspan=\"2\" width=\"229\">F-N-R<\/td>\n<\/tr>\n<tr>\n<td width=\"193\" height=\"20\">Relaci\u00f3n de cambio<\/td>\n<td width=\"87\"><\/td>\n<td colspan=\"2\" width=\"229\">2.08(27\/13)<\/td>\n<\/tr>\n<tr>\n<td width=\"193\" height=\"20\">Recorte y la inclinaci\u00f3n del sistema<\/td>\n<td width=\"87\"><\/td>\n<td colspan=\"2\" width=\"229\">Manual tilt<\/td>\n<\/tr>\n<tr>\n<td width=\"193\" height=\"32\">Cap. dep\u00f3sito combustible<\/td>\n<td width=\"87\">L<\/td>\n<td colspan=\"2\" width=\"229\">12L<\/td>\n<\/tr>\n<tr>\n<td width=\"193\" height=\"20\">Consumo<\/td>\n<td width=\"87\">L\/h<\/td>\n<td colspan=\"2\" width=\"229\">5.1<\/td>\n<\/tr>\n<tr>\n<td width=\"193\" height=\"33\">Proporci\u00f3n de mezcla<\/td>\n<td width=\"87\">combustible \/ aceite<\/td>\n<td colspan=\"2\" width=\"229\">50 \/ 1<\/td>\n<\/tr>\n<tr>\n<td width=\"193\" height=\"20\">La capacidad de aceite del engranaje<\/td>\n<td width=\"87\">cm3<\/td>\n<td colspan=\"2\" width=\"229\">320<\/td>\n<\/tr>\n<tr>\n<td width=\"193\" height=\"20\">Helice **<\/td>\n<td width=\"87\">in<\/td>\n<td colspan=\"2\" width=\"229\">3-8.9&#8243; x 8.3 &#8222;<\/td>\n<\/tr>\n<tr>\n<td colspan=\"2\" width=\"280\" height=\"20\">*F=Control frontal N=Neutro R= Retroceso<\/td>\n<td><\/td>\n<td><\/td>\n<\/tr>\n<tr>\n<td colspan=\"2\" height=\"20\">**La elecci\u00f3n de la h\u00e9lice depende del tama\u00f1o del vaso y la aplicaci\u00f3n<\/td>\n<\/tr>\n<\/tbody>\n<\/table>","protected":false},"excerpt":{"rendered":"<p>Brand Genovo T9.8 BML Lungime totala mm 842 Latime totala mm 336 Inaltime totala mm 1119 Inaltime cizma mm 508 Greutate kg 27 Turatie maxima de operare r\/min 5000-6000 Putere KW(CP) 7.2(9.8)@5000r\/min Turatia la ralanti r\/min 1150 Tipul motorului Reed Valve Cilindri L2 Capacitate cilindrica cm3 169 Alezaj &amp; cursa mm 50&#215;43 Sistem de aprindere [&hellip;]<\/p>","protected":false},"featured_media":1457,"comment_status":"open","ping_status":"closed","template":"","meta":[],"product_cat":[42,29],"product_tag":[],"class_list":{"0":"post-1456","1":"product","2":"type-product","3":"status-publish","4":"has-post-thumbnail","6":"product_cat-2-timpi","7":"product_cat-motoare-de-barca","8":"pa_brand-genovo","10":"first","11":"instock","12":"shipping-taxable","13":"purchasable","14":"product-type-simple"},"yoast_head":"<!-- This site is optimized with the Yoast SEO plugin v22.7 - https:\/\/yoast.com\/wordpress\/plugins\/seo\/ -->\n<title>Genovo T9.8 BML - Korsairs<\/title>\n<meta name=\"robots\" content=\"index, follow, max-snippet:-1, max-image-preview:large, max-video-preview:-1\" \/>\n<link rel=\"canonical\" href=\"https:\/\/korsairs.com\/es\/product\/genovo-t9-8-bml\/\" \/>\n<meta property=\"og:locale\" content=\"es_ES\" \/>\n<meta property=\"og:type\" content=\"article\" \/>\n<meta property=\"og:title\" content=\"Genovo T9.8 BML - Korsairs\" \/>\n<meta property=\"og:description\" content=\"Brand Genovo T9.8 BML Lungime totala mm 842 Latime totala mm 336 Inaltime totala mm 1119 Inaltime cizma mm 508 Greutate kg 27 Turatie maxima de operare r\/min 5000-6000 Putere KW(CP) 7.2(9.8)@5000r\/min Turatia la ralanti r\/min 1150 Tipul motorului Reed Valve Cilindri L2 Capacitate cilindrica cm3 169 Alezaj &amp; cursa mm 50&#215;43 Sistem de aprindere [&hellip;]\" \/>\n<meta property=\"og:url\" content=\"https:\/\/korsairs.com\/es\/product\/genovo-t9-8-bml\/\" \/>\n<meta property=\"og:site_name\" content=\"Korsairs\" \/>\n<meta property=\"og:image\" content=\"https:\/\/korsairs.com\/wp-content\/uploads\/2023\/02\/genovo-t9-8-bml-103.8-500x500-1-1.jpg\" \/>\n\t<meta property=\"og:image:width\" content=\"500\" \/>\n\t<meta property=\"og:image:height\" content=\"500\" \/>\n\t<meta property=\"og:image:type\" content=\"image\/jpeg\" \/>\n<meta name=\"twitter:card\" content=\"summary_large_image\" \/>\n<meta name=\"twitter:label1\" content=\"Tiempo de lectura\" \/>\n\t<meta name=\"twitter:data1\" content=\"1 minuto\" \/>\n<script type=\"application\/ld+json\" class=\"yoast-schema-graph\">{\"@context\":\"https:\/\/schema.org\",\"@graph\":[{\"@type\":\"WebPage\",\"@id\":\"https:\/\/korsairs.com\/produs\/genovo-t9-8-bml\/\",\"url\":\"https:\/\/korsairs.com\/produs\/genovo-t9-8-bml\/\",\"name\":\"Genovo T9.8 BML - Korsairs\",\"isPartOf\":{\"@id\":\"https:\/\/korsairs.com\/#website\"},\"primaryImageOfPage\":{\"@id\":\"https:\/\/korsairs.com\/produs\/genovo-t9-8-bml\/#primaryimage\"},\"image\":{\"@id\":\"https:\/\/korsairs.com\/produs\/genovo-t9-8-bml\/#primaryimage\"},\"thumbnailUrl\":\"https:\/\/korsairs.com\/wp-content\/uploads\/2023\/02\/genovo-t9-8-bml-103.8-500x500-1-1.jpg\",\"datePublished\":\"2023-02-10T15:55:55+00:00\",\"dateModified\":\"2023-02-10T15:55:55+00:00\",\"breadcrumb\":{\"@id\":\"https:\/\/korsairs.com\/produs\/genovo-t9-8-bml\/#breadcrumb\"},\"inLanguage\":\"es\",\"potentialAction\":[{\"@type\":\"ReadAction\",\"target\":[\"https:\/\/korsairs.com\/produs\/genovo-t9-8-bml\/\"]}]},{\"@type\":\"ImageObject\",\"inLanguage\":\"es\",\"@id\":\"https:\/\/korsairs.com\/produs\/genovo-t9-8-bml\/#primaryimage\",\"url\":\"https:\/\/korsairs.com\/wp-content\/uploads\/2023\/02\/genovo-t9-8-bml-103.8-500x500-1-1.jpg\",\"contentUrl\":\"https:\/\/korsairs.com\/wp-content\/uploads\/2023\/02\/genovo-t9-8-bml-103.8-500x500-1-1.jpg\",\"width\":500,\"height\":500,\"caption\":\"Genovo T9.8 BML\"},{\"@type\":\"BreadcrumbList\",\"@id\":\"https:\/\/korsairs.com\/produs\/genovo-t9-8-bml\/#breadcrumb\",\"itemListElement\":[{\"@type\":\"ListItem\",\"position\":1,\"name\":\"Prima pagin\u0103\",\"item\":\"https:\/\/korsairs.com\/\"},{\"@type\":\"ListItem\",\"position\":2,\"name\":\"Magazin\",\"item\":\"https:\/\/korsairs.com\/magazin\/\"},{\"@type\":\"ListItem\",\"position\":3,\"name\":\"Genovo T9.8 BML\"}]},{\"@type\":\"WebSite\",\"@id\":\"https:\/\/korsairs.com\/#website\",\"url\":\"https:\/\/korsairs.com\/\",\"name\":\"Korsairs\",\"description\":\"Motoare de barc\u0103\",\"publisher\":{\"@id\":\"https:\/\/korsairs.com\/#organization\"},\"potentialAction\":[{\"@type\":\"SearchAction\",\"target\":{\"@type\":\"EntryPoint\",\"urlTemplate\":\"https:\/\/korsairs.com\/?s={search_term_string}\"},\"query-input\":\"required name=search_term_string\"}],\"inLanguage\":\"es\"},{\"@type\":\"Organization\",\"@id\":\"https:\/\/korsairs.com\/#organization\",\"name\":\"Korsairs\",\"url\":\"https:\/\/korsairs.com\/\",\"logo\":{\"@type\":\"ImageObject\",\"inLanguage\":\"es\",\"@id\":\"https:\/\/korsairs.com\/#\/schema\/logo\/image\/\",\"url\":\"https:\/\/korsairs.com\/wp-content\/uploads\/2023\/02\/logo-kapitan.png\",\"contentUrl\":\"https:\/\/korsairs.com\/wp-content\/uploads\/2023\/02\/logo-kapitan.png\",\"width\":331,\"height\":80,\"caption\":\"Korsairs\"},\"image\":{\"@id\":\"https:\/\/korsairs.com\/#\/schema\/logo\/image\/\"}}]}<\/script>\n<!-- \/ Yoast SEO plugin. -->","yoast_head_json":{"title":"Genovo T9.8 BML - Korsairs","robots":{"index":"index","follow":"follow","max-snippet":"max-snippet:-1","max-image-preview":"max-image-preview:large","max-video-preview":"max-video-preview:-1"},"canonical":"https:\/\/korsairs.com\/es\/product\/genovo-t9-8-bml\/","og_locale":"es_ES","og_type":"article","og_title":"Genovo T9.8 BML - Korsairs","og_description":"Brand Genovo T9.8 BML Lungime totala mm 842 Latime totala mm 336 Inaltime totala mm 1119 Inaltime cizma mm 508 Greutate kg 27 Turatie maxima de operare r\/min 5000-6000 Putere KW(CP) 7.2(9.8)@5000r\/min Turatia la ralanti r\/min 1150 Tipul motorului Reed Valve Cilindri L2 Capacitate cilindrica cm3 169 Alezaj &amp; cursa mm 50&#215;43 Sistem de aprindere [&hellip;]","og_url":"https:\/\/korsairs.com\/es\/product\/genovo-t9-8-bml\/","og_site_name":"Korsairs","og_image":[{"width":500,"height":500,"url":"https:\/\/korsairs.com\/wp-content\/uploads\/2023\/02\/genovo-t9-8-bml-103.8-500x500-1-1.jpg","type":"image\/jpeg"}],"twitter_card":"summary_large_image","twitter_misc":{"Tiempo de lectura":"1 minuto"},"schema":{"@context":"https:\/\/schema.org","@graph":[{"@type":"WebPage","@id":"https:\/\/korsairs.com\/produs\/genovo-t9-8-bml\/","url":"https:\/\/korsairs.com\/produs\/genovo-t9-8-bml\/","name":"Genovo T9.8 BML - Korsairs","isPartOf":{"@id":"https:\/\/korsairs.com\/#website"},"primaryImageOfPage":{"@id":"https:\/\/korsairs.com\/produs\/genovo-t9-8-bml\/#primaryimage"},"image":{"@id":"https:\/\/korsairs.com\/produs\/genovo-t9-8-bml\/#primaryimage"},"thumbnailUrl":"https:\/\/korsairs.com\/wp-content\/uploads\/2023\/02\/genovo-t9-8-bml-103.8-500x500-1-1.jpg","datePublished":"2023-02-10T15:55:55+00:00","dateModified":"2023-02-10T15:55:55+00:00","breadcrumb":{"@id":"https:\/\/korsairs.com\/produs\/genovo-t9-8-bml\/#breadcrumb"},"inLanguage":"es","potentialAction":[{"@type":"ReadAction","target":["https:\/\/korsairs.com\/produs\/genovo-t9-8-bml\/"]}]},{"@type":"ImageObject","inLanguage":"es","@id":"https:\/\/korsairs.com\/produs\/genovo-t9-8-bml\/#primaryimage","url":"https:\/\/korsairs.com\/wp-content\/uploads\/2023\/02\/genovo-t9-8-bml-103.8-500x500-1-1.jpg","contentUrl":"https:\/\/korsairs.com\/wp-content\/uploads\/2023\/02\/genovo-t9-8-bml-103.8-500x500-1-1.jpg","width":500,"height":500,"caption":"Genovo T9.8 BML"},{"@type":"BreadcrumbList","@id":"https:\/\/korsairs.com\/produs\/genovo-t9-8-bml\/#breadcrumb","itemListElement":[{"@type":"ListItem","position":1,"name":"Prima pagin\u0103","item":"https:\/\/korsairs.com\/"},{"@type":"ListItem","position":2,"name":"Magazin","item":"https:\/\/korsairs.com\/magazin\/"},{"@type":"ListItem","position":3,"name":"Genovo T9.8 BML"}]},{"@type":"WebSite","@id":"https:\/\/korsairs.com\/#website","url":"https:\/\/korsairs.com\/","name":"Korsairs","description":"Motoare de barc\u0103","publisher":{"@id":"https:\/\/korsairs.com\/#organization"},"potentialAction":[{"@type":"SearchAction","target":{"@type":"EntryPoint","urlTemplate":"https:\/\/korsairs.com\/?s={search_term_string}"},"query-input":"required name=search_term_string"}],"inLanguage":"es"},{"@type":"Organization","@id":"https:\/\/korsairs.com\/#organization","name":"Korsairs","url":"https:\/\/korsairs.com\/","logo":{"@type":"ImageObject","inLanguage":"es","@id":"https:\/\/korsairs.com\/#\/schema\/logo\/image\/","url":"https:\/\/korsairs.com\/wp-content\/uploads\/2023\/02\/logo-kapitan.png","contentUrl":"https:\/\/korsairs.com\/wp-content\/uploads\/2023\/02\/logo-kapitan.png","width":331,"height":80,"caption":"Korsairs"},"image":{"@id":"https:\/\/korsairs.com\/#\/schema\/logo\/image\/"}}]}},"jetpack_sharing_enabled":true,"_links":{"self":[{"href":"https:\/\/korsairs.com\/es\/wp-json\/wp\/v2\/product\/1456","targetHints":{"allow":["GET"]}}],"collection":[{"href":"https:\/\/korsairs.com\/es\/wp-json\/wp\/v2\/product"}],"about":[{"href":"https:\/\/korsairs.com\/es\/wp-json\/wp\/v2\/types\/product"}],"replies":[{"embeddable":true,"href":"https:\/\/korsairs.com\/es\/wp-json\/wp\/v2\/comments?post=1456"}],"wp:featuredmedia":[{"embeddable":true,"href":"https:\/\/korsairs.com\/es\/wp-json\/wp\/v2\/media\/1457"}],"wp:attachment":[{"href":"https:\/\/korsairs.com\/es\/wp-json\/wp\/v2\/media?parent=1456"}],"wp:term":[{"taxonomy":"product_cat","embeddable":true,"href":"https:\/\/korsairs.com\/es\/wp-json\/wp\/v2\/product_cat?post=1456"},{"taxonomy":"product_tag","embeddable":true,"href":"https:\/\/korsairs.com\/es\/wp-json\/wp\/v2\/product_tag?post=1456"}],"curies":[{"name":"wp","href":"https:\/\/api.w.org\/{rel}","templated":true}]}}