{"id":1423,"date":"2023-02-10T14:26:39","date_gmt":"2023-02-10T14:26:39","guid":{"rendered":"https:\/\/korsairs.com\/?post_type=product&#038;p=1423"},"modified":"2023-02-10T14:26:40","modified_gmt":"2023-02-10T14:26:40","slug":"genovo-f15-fwl","status":"publish","type":"product","link":"https:\/\/korsairs.com\/es\/product\/genovo-f15-fwl\/","title":{"rendered":"Genovo F15 FWL"},"content":{"rendered":"<p>El motor de barco Genovo F15, al igual que otros motores de barco en la misma categor\u00eda de clase, es la mula de carga. Se las arregla brillantemente con barcos cargados, haci\u00e9ndolos deslizar f\u00e1cilmente.<\/p>\n<p>El precio incluye todos los impuestos y no hay otros costes adicionales.<\/p>\n<p><strong>Atenci\u00f3n!!!<\/strong><\/p>\n<p><strong>Requiere licencia de navegaci\u00f3n.<\/strong><\/p>\n<p>&nbsp;<\/p>\n<table border=\"0\" width=\"663\" cellspacing=\"0\" cellpadding=\"0\">\n<colgroup>\n<col width=\"187\" \/>\n<col span=\"3\" width=\"64\" \/>\n<col width=\"77\" \/>\n<col width=\"79\" \/>\n<col span=\"2\" width=\"64\" \/><\/colgroup>\n<tbody>\n<tr>\n<td width=\"187\" height=\"20\"><strong>Marca<\/strong><\/td>\n<td width=\"64\"><strong>Genovo<\/strong><\/td>\n<td width=\"64\"><strong>F15FWL<\/strong><\/td>\n<td width=\"64\"><\/td>\n<td width=\"77\"><\/td>\n<td width=\"79\"><\/td>\n<td width=\"64\"><\/td>\n<td width=\"64\"><\/td>\n<\/tr>\n<tr>\n<td width=\"187\" height=\"20\">Longitud total<\/td>\n<td width=\"64\">mm<\/td>\n<td colspan=\"4\" width=\"284\">643<\/td>\n<td colspan=\"2\" width=\"128\"><\/td>\n<\/tr>\n<tr>\n<td width=\"187\" height=\"20\">Ancho total<\/td>\n<td width=\"64\">mm<\/td>\n<td colspan=\"4\" width=\"284\">369<\/td>\n<td colspan=\"2\" width=\"128\"><\/td>\n<\/tr>\n<tr>\n<td width=\"187\" height=\"33\">Altura total<\/td>\n<td width=\"64\">mm<\/td>\n<td width=\"64\">1207<\/td>\n<td width=\"64\"><\/td>\n<td width=\"77\"><\/td>\n<td width=\"79\"><\/td>\n<td width=\"64\"><\/td>\n<td width=\"64\"><\/td>\n<\/tr>\n<tr>\n<td width=\"187\" height=\"20\">Altura eje<\/td>\n<td width=\"64\">mm<\/td>\n<td width=\"64\">508<\/td>\n<td width=\"64\"><\/td>\n<td width=\"77\"><\/td>\n<td width=\"79\"><\/td>\n<td width=\"64\"><\/td>\n<td width=\"64\"><\/td>\n<\/tr>\n<tr>\n<td width=\"187\" height=\"20\">Peso<\/td>\n<td width=\"64\">kg<\/td>\n<td width=\"64\">53<\/td>\n<td width=\"64\"><\/td>\n<td width=\"77\"><\/td>\n<td width=\"79\"><\/td>\n<td width=\"64\"><\/td>\n<td width=\"64\"><\/td>\n<\/tr>\n<tr>\n<td width=\"187\" height=\"20\">Plaja optima de operare<\/td>\n<td width=\"64\">r\/min<\/td>\n<td colspan=\"6\" width=\"412\">4500-5500<\/td>\n<\/tr>\n<tr>\n<td width=\"187\" height=\"20\">Potencia m\u00e1xima<\/td>\n<td>KW(CP)<\/td>\n<td colspan=\"6\">11(15)@5000r\/min<\/td>\n<\/tr>\n<tr>\n<td width=\"187\" height=\"20\">R\u00e9gimen de ralent\u00ed<\/td>\n<td width=\"64\">r\/min<\/td>\n<td colspan=\"6\" width=\"412\">900-1000<\/td>\n<\/tr>\n<tr>\n<td width=\"187\" height=\"20\">Tipo de motor<\/td>\n<td width=\"64\"><\/td>\n<td colspan=\"6\" width=\"412\">OHC<\/td>\n<\/tr>\n<tr>\n<td width=\"187\" height=\"20\">Cilindro<\/td>\n<td width=\"64\"><\/td>\n<td colspan=\"6\" width=\"412\">L2<\/td>\n<\/tr>\n<tr>\n<td width=\"187\" height=\"20\">Cilindrada<\/td>\n<td width=\"64\">cm3<\/td>\n<td colspan=\"6\" width=\"412\">323<\/td>\n<\/tr>\n<tr>\n<td width=\"187\" height=\"20\">Di\u00e1metro x carrera<\/td>\n<td width=\"64\">mm<\/td>\n<td colspan=\"6\" width=\"412\">59.0&#215;59.0(232&#215;2.32)<\/td>\n<\/tr>\n<tr>\n<td width=\"187\" height=\"20\">Sistema de arranque<\/td>\n<td width=\"64\"><\/td>\n<td colspan=\"6\" width=\"412\">CDI<\/td>\n<\/tr>\n<tr>\n<td width=\"187\" height=\"20\">Direcci\u00f3n<\/td>\n<td width=\"64\"><\/td>\n<td colspan=\"4\" width=\"284\">comanda la distanta<\/td>\n<td colspan=\"2\" width=\"128\"><\/td>\n<\/tr>\n<tr>\n<td width=\"187\" height=\"20\">Sistema de Arranque<\/td>\n<td width=\"64\"><\/td>\n<td colspan=\"2\" width=\"128\">manual\/electric<\/td>\n<td colspan=\"4\" width=\"284\"><\/td>\n<\/tr>\n<tr>\n<td width=\"187\" height=\"20\">Sistema de enfriamiento<\/td>\n<td width=\"64\"><\/td>\n<td colspan=\"6\" width=\"412\">Aqua<\/td>\n<\/tr>\n<tr>\n<td width=\"187\" height=\"20\">Posiciones de cambio*<\/td>\n<td width=\"64\"><\/td>\n<td colspan=\"6\" width=\"412\">F-N-R<\/td>\n<\/tr>\n<tr>\n<td width=\"187\" height=\"20\">Relaci\u00f3n de cambio<\/td>\n<td width=\"64\"><\/td>\n<td colspan=\"6\" width=\"412\">2.08(27\/13)<\/td>\n<\/tr>\n<tr>\n<td width=\"187\" height=\"20\">Recorte y la inclinaci\u00f3n del sistema<\/td>\n<td width=\"64\"><\/td>\n<td colspan=\"6\" width=\"412\">Manual<\/td>\n<\/tr>\n<tr>\n<td width=\"187\" height=\"20\">Cap. dep\u00f3sito combustible<\/td>\n<td width=\"64\">L<\/td>\n<td colspan=\"6\" width=\"412\">24L<\/td>\n<\/tr>\n<tr>\n<td width=\"187\" height=\"32\">Consumo<\/td>\n<td width=\"64\">L\/h<\/td>\n<td colspan=\"6\" width=\"412\">5.3<\/td>\n<\/tr>\n<tr>\n<td width=\"187\" height=\"20\">La capacidad de aceite del motor<\/td>\n<td width=\"64\">L<\/td>\n<td colspan=\"6\" width=\"412\">1<\/td>\n<\/tr>\n<tr>\n<td width=\"187\" height=\"20\">La capacidad de aceite del engranaje<\/td>\n<td width=\"64\">cm3<\/td>\n<td colspan=\"6\" width=\"412\">250<\/td>\n<\/tr>\n<tr>\n<td width=\"187\" height=\"20\">Helice **<\/td>\n<td width=\"64\">in<\/td>\n<td colspan=\"6\" width=\"412\">3-9 1\/4 &#8221; x 11 &#8221; or 3- 9 1\/4 x 8&#8243;<\/td>\n<\/tr>\n<tr>\n<td colspan=\"2\" width=\"251\" height=\"20\">*F=Control frontal N=Neutro R= Retroceso<\/td>\n<td><\/td>\n<td><\/td>\n<td><\/td>\n<td><\/td>\n<td><\/td>\n<td><\/td>\n<\/tr>\n<tr>\n<td colspan=\"2\" height=\"20\">**La elecci\u00f3n de la h\u00e9lice depende del tama\u00f1o del vaso y la aplicaci\u00f3n<\/td>\n<\/tr>\n<\/tbody>\n<\/table>","protected":false},"excerpt":{"rendered":"<p>Motorul de barca Genovo F15 ca alte motoare de barca din aceeasi categorie clasa este catarul de povara. Face fata cu brio unor barci cu incarcatura facandu-le sa gliseze cu usurinta. Pretul contine toate taxele si nu exista alte costuri suplimentare. Atentie !!! Necesita permis de navigatie. &nbsp; Brand Genovo F15FWL Lungime totala mm 643 [&hellip;]<\/p>","protected":false},"featured_media":1424,"comment_status":"open","ping_status":"closed","template":"","meta":[],"product_cat":[43,29],"product_tag":[],"class_list":{"0":"post-1423","1":"product","2":"type-product","3":"status-publish","4":"has-post-thumbnail","6":"product_cat-4-timpi","7":"product_cat-motoare-de-barca","8":"pa_brand-genovo","10":"first","11":"instock","12":"shipping-taxable","13":"purchasable","14":"product-type-simple"},"yoast_head":"<!-- This site is optimized with the Yoast SEO plugin v22.7 - https:\/\/yoast.com\/wordpress\/plugins\/seo\/ -->\n<title>Genovo F15 FWL - Korsairs<\/title>\n<meta name=\"description\" content=\"Motorul de barca Genovo F15 ca alte motoare de barca din aceeasi categorie clasa este catarul de povara. Face fata cu brio unor barci cu incarcatura\" \/>\n<meta name=\"robots\" content=\"index, follow, max-snippet:-1, max-image-preview:large, max-video-preview:-1\" \/>\n<link rel=\"canonical\" href=\"https:\/\/korsairs.com\/es\/product\/genovo-f15-fwl\/\" \/>\n<meta property=\"og:locale\" content=\"es_ES\" \/>\n<meta property=\"og:type\" content=\"article\" \/>\n<meta property=\"og:title\" content=\"Genovo F15 FWL - Korsairs\" \/>\n<meta property=\"og:description\" content=\"Motorul de barca Genovo F15 ca alte motoare de barca din aceeasi categorie clasa este catarul de povara. Face fata cu brio unor barci cu incarcatura\" \/>\n<meta property=\"og:url\" content=\"https:\/\/korsairs.com\/es\/product\/genovo-f15-fwl\/\" \/>\n<meta property=\"og:site_name\" content=\"Korsairs\" \/>\n<meta property=\"article:modified_time\" content=\"2023-02-10T14:26:40+00:00\" \/>\n<meta property=\"og:image\" content=\"https:\/\/korsairs.com\/wp-content\/uploads\/2023\/02\/genovo-f15-500x500-11.jpg\" \/>\n\t<meta property=\"og:image:width\" content=\"500\" \/>\n\t<meta property=\"og:image:height\" content=\"500\" \/>\n\t<meta property=\"og:image:type\" content=\"image\/jpeg\" \/>\n<meta name=\"twitter:card\" content=\"summary_large_image\" \/>\n<meta name=\"twitter:label1\" content=\"Tiempo de lectura\" \/>\n\t<meta name=\"twitter:data1\" content=\"1 minuto\" \/>\n<script type=\"application\/ld+json\" class=\"yoast-schema-graph\">{\"@context\":\"https:\/\/schema.org\",\"@graph\":[{\"@type\":\"WebPage\",\"@id\":\"https:\/\/korsairs.com\/produs\/genovo-f15-fwl\/\",\"url\":\"https:\/\/korsairs.com\/produs\/genovo-f15-fwl\/\",\"name\":\"Genovo F15 FWL - Korsairs\",\"isPartOf\":{\"@id\":\"https:\/\/korsairs.com\/#website\"},\"primaryImageOfPage\":{\"@id\":\"https:\/\/korsairs.com\/produs\/genovo-f15-fwl\/#primaryimage\"},\"image\":{\"@id\":\"https:\/\/korsairs.com\/produs\/genovo-f15-fwl\/#primaryimage\"},\"thumbnailUrl\":\"https:\/\/korsairs.com\/wp-content\/uploads\/2023\/02\/genovo-f15-500x500-11.jpg\",\"datePublished\":\"2023-02-10T14:26:39+00:00\",\"dateModified\":\"2023-02-10T14:26:40+00:00\",\"description\":\"Motorul de barca Genovo F15 ca alte motoare de barca din aceeasi categorie clasa este catarul de povara. Face fata cu brio unor barci cu incarcatura\",\"breadcrumb\":{\"@id\":\"https:\/\/korsairs.com\/produs\/genovo-f15-fwl\/#breadcrumb\"},\"inLanguage\":\"es\",\"potentialAction\":[{\"@type\":\"ReadAction\",\"target\":[\"https:\/\/korsairs.com\/produs\/genovo-f15-fwl\/\"]}]},{\"@type\":\"ImageObject\",\"inLanguage\":\"es\",\"@id\":\"https:\/\/korsairs.com\/produs\/genovo-f15-fwl\/#primaryimage\",\"url\":\"https:\/\/korsairs.com\/wp-content\/uploads\/2023\/02\/genovo-f15-500x500-11.jpg\",\"contentUrl\":\"https:\/\/korsairs.com\/wp-content\/uploads\/2023\/02\/genovo-f15-500x500-11.jpg\",\"width\":500,\"height\":500,\"caption\":\"Genovo F15 FWL\"},{\"@type\":\"BreadcrumbList\",\"@id\":\"https:\/\/korsairs.com\/produs\/genovo-f15-fwl\/#breadcrumb\",\"itemListElement\":[{\"@type\":\"ListItem\",\"position\":1,\"name\":\"Prima pagin\u0103\",\"item\":\"https:\/\/korsairs.com\/\"},{\"@type\":\"ListItem\",\"position\":2,\"name\":\"Magazin\",\"item\":\"https:\/\/korsairs.com\/magazin\/\"},{\"@type\":\"ListItem\",\"position\":3,\"name\":\"Genovo F15 FWL\"}]},{\"@type\":\"WebSite\",\"@id\":\"https:\/\/korsairs.com\/#website\",\"url\":\"https:\/\/korsairs.com\/\",\"name\":\"Korsairs\",\"description\":\"Motoare de barc\u0103\",\"publisher\":{\"@id\":\"https:\/\/korsairs.com\/#organization\"},\"potentialAction\":[{\"@type\":\"SearchAction\",\"target\":{\"@type\":\"EntryPoint\",\"urlTemplate\":\"https:\/\/korsairs.com\/?s={search_term_string}\"},\"query-input\":\"required name=search_term_string\"}],\"inLanguage\":\"es\"},{\"@type\":\"Organization\",\"@id\":\"https:\/\/korsairs.com\/#organization\",\"name\":\"Korsairs\",\"url\":\"https:\/\/korsairs.com\/\",\"logo\":{\"@type\":\"ImageObject\",\"inLanguage\":\"es\",\"@id\":\"https:\/\/korsairs.com\/#\/schema\/logo\/image\/\",\"url\":\"https:\/\/korsairs.com\/wp-content\/uploads\/2023\/02\/logo-kapitan.png\",\"contentUrl\":\"https:\/\/korsairs.com\/wp-content\/uploads\/2023\/02\/logo-kapitan.png\",\"width\":331,\"height\":80,\"caption\":\"Korsairs\"},\"image\":{\"@id\":\"https:\/\/korsairs.com\/#\/schema\/logo\/image\/\"}}]}<\/script>\n<!-- \/ Yoast SEO plugin. -->","yoast_head_json":{"title":"Genovo F15 FWL - Korsairs","description":"Motorul de barca Genovo F15 ca alte motoare de barca din aceeasi categorie clasa este catarul de povara. Face fata cu brio unor barci cu incarcatura","robots":{"index":"index","follow":"follow","max-snippet":"max-snippet:-1","max-image-preview":"max-image-preview:large","max-video-preview":"max-video-preview:-1"},"canonical":"https:\/\/korsairs.com\/es\/product\/genovo-f15-fwl\/","og_locale":"es_ES","og_type":"article","og_title":"Genovo F15 FWL - Korsairs","og_description":"Motorul de barca Genovo F15 ca alte motoare de barca din aceeasi categorie clasa este catarul de povara. Face fata cu brio unor barci cu incarcatura","og_url":"https:\/\/korsairs.com\/es\/product\/genovo-f15-fwl\/","og_site_name":"Korsairs","article_modified_time":"2023-02-10T14:26:40+00:00","og_image":[{"width":500,"height":500,"url":"https:\/\/korsairs.com\/wp-content\/uploads\/2023\/02\/genovo-f15-500x500-11.jpg","type":"image\/jpeg"}],"twitter_card":"summary_large_image","twitter_misc":{"Tiempo de lectura":"1 minuto"},"schema":{"@context":"https:\/\/schema.org","@graph":[{"@type":"WebPage","@id":"https:\/\/korsairs.com\/produs\/genovo-f15-fwl\/","url":"https:\/\/korsairs.com\/produs\/genovo-f15-fwl\/","name":"Genovo F15 FWL - Korsairs","isPartOf":{"@id":"https:\/\/korsairs.com\/#website"},"primaryImageOfPage":{"@id":"https:\/\/korsairs.com\/produs\/genovo-f15-fwl\/#primaryimage"},"image":{"@id":"https:\/\/korsairs.com\/produs\/genovo-f15-fwl\/#primaryimage"},"thumbnailUrl":"https:\/\/korsairs.com\/wp-content\/uploads\/2023\/02\/genovo-f15-500x500-11.jpg","datePublished":"2023-02-10T14:26:39+00:00","dateModified":"2023-02-10T14:26:40+00:00","description":"Motorul de barca Genovo F15 ca alte motoare de barca din aceeasi categorie clasa este catarul de povara. Face fata cu brio unor barci cu incarcatura","breadcrumb":{"@id":"https:\/\/korsairs.com\/produs\/genovo-f15-fwl\/#breadcrumb"},"inLanguage":"es","potentialAction":[{"@type":"ReadAction","target":["https:\/\/korsairs.com\/produs\/genovo-f15-fwl\/"]}]},{"@type":"ImageObject","inLanguage":"es","@id":"https:\/\/korsairs.com\/produs\/genovo-f15-fwl\/#primaryimage","url":"https:\/\/korsairs.com\/wp-content\/uploads\/2023\/02\/genovo-f15-500x500-11.jpg","contentUrl":"https:\/\/korsairs.com\/wp-content\/uploads\/2023\/02\/genovo-f15-500x500-11.jpg","width":500,"height":500,"caption":"Genovo F15 FWL"},{"@type":"BreadcrumbList","@id":"https:\/\/korsairs.com\/produs\/genovo-f15-fwl\/#breadcrumb","itemListElement":[{"@type":"ListItem","position":1,"name":"Prima pagin\u0103","item":"https:\/\/korsairs.com\/"},{"@type":"ListItem","position":2,"name":"Magazin","item":"https:\/\/korsairs.com\/magazin\/"},{"@type":"ListItem","position":3,"name":"Genovo F15 FWL"}]},{"@type":"WebSite","@id":"https:\/\/korsairs.com\/#website","url":"https:\/\/korsairs.com\/","name":"Korsairs","description":"Motoare de barc\u0103","publisher":{"@id":"https:\/\/korsairs.com\/#organization"},"potentialAction":[{"@type":"SearchAction","target":{"@type":"EntryPoint","urlTemplate":"https:\/\/korsairs.com\/?s={search_term_string}"},"query-input":"required name=search_term_string"}],"inLanguage":"es"},{"@type":"Organization","@id":"https:\/\/korsairs.com\/#organization","name":"Korsairs","url":"https:\/\/korsairs.com\/","logo":{"@type":"ImageObject","inLanguage":"es","@id":"https:\/\/korsairs.com\/#\/schema\/logo\/image\/","url":"https:\/\/korsairs.com\/wp-content\/uploads\/2023\/02\/logo-kapitan.png","contentUrl":"https:\/\/korsairs.com\/wp-content\/uploads\/2023\/02\/logo-kapitan.png","width":331,"height":80,"caption":"Korsairs"},"image":{"@id":"https:\/\/korsairs.com\/#\/schema\/logo\/image\/"}}]}},"jetpack_sharing_enabled":true,"_links":{"self":[{"href":"https:\/\/korsairs.com\/es\/wp-json\/wp\/v2\/product\/1423","targetHints":{"allow":["GET"]}}],"collection":[{"href":"https:\/\/korsairs.com\/es\/wp-json\/wp\/v2\/product"}],"about":[{"href":"https:\/\/korsairs.com\/es\/wp-json\/wp\/v2\/types\/product"}],"replies":[{"embeddable":true,"href":"https:\/\/korsairs.com\/es\/wp-json\/wp\/v2\/comments?post=1423"}],"wp:featuredmedia":[{"embeddable":true,"href":"https:\/\/korsairs.com\/es\/wp-json\/wp\/v2\/media\/1424"}],"wp:attachment":[{"href":"https:\/\/korsairs.com\/es\/wp-json\/wp\/v2\/media?parent=1423"}],"wp:term":[{"taxonomy":"product_cat","embeddable":true,"href":"https:\/\/korsairs.com\/es\/wp-json\/wp\/v2\/product_cat?post=1423"},{"taxonomy":"product_tag","embeddable":true,"href":"https:\/\/korsairs.com\/es\/wp-json\/wp\/v2\/product_tag?post=1423"}],"curies":[{"name":"wp","href":"https:\/\/api.w.org\/{rel}","templated":true}]}}