{"id":1417,"date":"2023-02-10T14:13:59","date_gmt":"2023-02-10T14:13:59","guid":{"rendered":"https:\/\/korsairs.com\/?post_type=product&#038;p=1417"},"modified":"2023-02-10T14:15:41","modified_gmt":"2023-02-10T14:15:41","slug":"genovo-f25-fwl","status":"publish","type":"product","link":"https:\/\/korsairs.com\/es\/product\/genovo-f25-fwl\/","title":{"rendered":"Genovo F25 FWL"},"content":{"rendered":"<p>Motore fueraborda Genovo F25FWL, 25HP, 4 tiempos, cola larga, arranque el\u00e9ctrico, control remoto<\/p>\n<table border=\"0\" width=\"453\" cellspacing=\"0\" cellpadding=\"0\">\n<tbody>\n<tr>\n<td height=\"20\"><strong>Longitud total<\/strong><\/td>\n<td>mm<\/td>\n<td>703<\/td>\n<\/tr>\n<tr>\n<td height=\"20\"><strong>Ancho total<\/strong><\/td>\n<td>mm<\/td>\n<td>376<\/td>\n<\/tr>\n<tr>\n<td height=\"20\"><strong>Altura total<\/strong><\/td>\n<td>mm<\/td>\n<td>1207<\/td>\n<\/tr>\n<tr>\n<td height=\"20\"><strong>Altura eje<\/strong><\/td>\n<td>mm<\/td>\n<td>508<\/td>\n<\/tr>\n<tr>\n<td height=\"20\"><strong>Peso<\/strong><\/td>\n<td>kg<\/td>\n<td>70<\/td>\n<\/tr>\n<tr>\n<td height=\"33\"><strong>Rango de operaci\u00f3n m\u00e1ximo<\/strong><\/td>\n<td>r\/min<\/td>\n<td>5000-6000<\/td>\n<\/tr>\n<tr>\n<td height=\"20\"><strong>Potencia m\u00e1xima<\/strong><\/td>\n<td>KW(CP)<\/td>\n<td>18.4(25)@5000r\/min<\/td>\n<\/tr>\n<tr>\n<td height=\"20\"><strong>R\u00e9gimen de ralent\u00ed<\/strong><\/td>\n<td>r\/min<\/td>\n<td>925-1025<\/td>\n<\/tr>\n<tr>\n<td height=\"20\"><strong>Tipo de motor<\/strong><\/td>\n<td><\/td>\n<td>OHC<\/td>\n<\/tr>\n<tr>\n<td height=\"20\"><strong>Cilindro<\/strong><\/td>\n<td><\/td>\n<td>L2<\/td>\n<\/tr>\n<tr>\n<td height=\"20\"><strong>Cilindrada<\/strong><\/td>\n<td>cm3<\/td>\n<td>498<\/td>\n<\/tr>\n<tr>\n<td height=\"20\"><strong>Di\u00e1metro x carrera<\/strong><\/td>\n<td>mm<\/td>\n<td>65.0&#215;75.0<\/td>\n<\/tr>\n<tr>\n<td height=\"20\"><strong>Sistema de arranque<\/strong><\/td>\n<td><\/td>\n<td>CDI<\/td>\n<\/tr>\n<tr>\n<td height=\"33\"><strong>Direcci\u00f3n<\/strong><\/td>\n<td><\/td>\n<td>comanda manuala<\/td>\n<\/tr>\n<tr>\n<td height=\"33\"><strong>Sistema de Arranque<\/strong><\/td>\n<td><\/td>\n<td>electric<\/td>\n<\/tr>\n<tr>\n<td height=\"20\"><strong>Sistema de enfriamiento<\/strong><\/td>\n<td><\/td>\n<td>Aqua<\/td>\n<\/tr>\n<tr>\n<td height=\"20\"><strong>Posiciones de cambio*<\/strong><\/td>\n<td><\/td>\n<td>F-N-R<\/td>\n<\/tr>\n<tr>\n<td height=\"20\"><strong>Relaci\u00f3n de cambio<\/strong><\/td>\n<td><\/td>\n<td>2.08(27\/13)<\/td>\n<\/tr>\n<tr>\n<td height=\"20\"><strong>Recorte y la inclinaci\u00f3n del sistema\u00a0<\/strong><\/td>\n<td><\/td>\n<td>Manual<\/td>\n<\/tr>\n<tr>\n<td height=\"32\"><strong>Cap. dep\u00f3sito combustible<\/strong><\/td>\n<td>L<\/td>\n<td>24L<\/td>\n<\/tr>\n<tr>\n<td height=\"32\"><strong>Consumo<\/strong><\/td>\n<td>L\/h<\/td>\n<td>9.2<\/td>\n<\/tr>\n<tr>\n<td height=\"32\"><strong>La capacidad de aceite del motor<\/strong><\/td>\n<td>L<\/td>\n<td>1.7<\/td>\n<\/tr>\n<tr>\n<td height=\"32\"><strong>La capacidad de aceite del engranaje<\/strong><\/td>\n<td>cm3<\/td>\n<td>320<\/td>\n<\/tr>\n<tr>\n<td height=\"20\"><strong>Helice **<\/strong><\/td>\n<td>in<\/td>\n<td>3-9 7\/8 &#8221; x 111\/4 &#8222;<\/td>\n<\/tr>\n<tr>\n<td colspan=\"2\" height=\"20\">*F=Control frontal N=Neutro R= Retroceso<\/td>\n<td><\/td>\n<\/tr>\n<tr>\n<td colspan=\"3\" height=\"20\">**La elecci\u00f3n de la h\u00e9lice depende del tama\u00f1o del vaso y la aplicaci\u00f3n<\/td>\n<\/tr>\n<\/tbody>\n<\/table>","protected":false},"excerpt":{"rendered":"<p>Motor de barca Genovo F25FWL, 25 CP, 4 timpi, cizma lunga, comanda manuala, pornire electrica Lungime totala mm 703 Latime totala mm 376 Inaltime totala mm 1207 Inaltime cizma mm 508 Greutate kg 70 Turatie maxima de operare r\/min 5000-6000 Putere KW(CP) 18.4(25)@5000r\/min Turatia la ralanti r\/min 925-1025 Tipul motorului OHC Cilindri L2 Capacitate cilindrica [&hellip;]<\/p>","protected":false},"featured_media":1418,"comment_status":"open","ping_status":"closed","template":"","meta":[],"product_cat":[43,29],"product_tag":[],"class_list":{"0":"post-1417","1":"product","2":"type-product","3":"status-publish","4":"has-post-thumbnail","6":"product_cat-4-timpi","7":"product_cat-motoare-de-barca","8":"pa_brand-genovo","10":"first","11":"instock","12":"shipping-taxable","13":"purchasable","14":"product-type-simple"},"yoast_head":"<!-- This site is optimized with the Yoast SEO plugin v22.7 - https:\/\/yoast.com\/wordpress\/plugins\/seo\/ -->\n<title>Genovo F25 FWL - Korsairs<\/title>\n<meta name=\"description\" content=\"Motor de barca Genovo F25FWL, 25 CP, 4 timpi, cizma lunga, comanda manuala, pornire electrica\" \/>\n<meta name=\"robots\" content=\"index, follow, max-snippet:-1, max-image-preview:large, max-video-preview:-1\" \/>\n<link rel=\"canonical\" href=\"https:\/\/korsairs.com\/es\/product\/genovo-f25-fwl\/\" \/>\n<meta property=\"og:locale\" content=\"es_ES\" \/>\n<meta property=\"og:type\" content=\"article\" \/>\n<meta property=\"og:title\" content=\"Genovo F25 FWL - Korsairs\" \/>\n<meta property=\"og:description\" content=\"Motor de barca Genovo F25FWL, 25 CP, 4 timpi, cizma lunga, comanda manuala, pornire electrica\" \/>\n<meta property=\"og:url\" content=\"https:\/\/korsairs.com\/es\/product\/genovo-f25-fwl\/\" \/>\n<meta property=\"og:site_name\" content=\"Korsairs\" \/>\n<meta property=\"article:modified_time\" content=\"2023-02-10T14:15:41+00:00\" \/>\n<meta property=\"og:image\" content=\"https:\/\/korsairs.com\/wp-content\/uploads\/2023\/02\/genovo-f25fwl-1065-500x500-1.jpg\" \/>\n\t<meta property=\"og:image:width\" content=\"500\" \/>\n\t<meta property=\"og:image:height\" content=\"500\" \/>\n\t<meta property=\"og:image:type\" content=\"image\/jpeg\" \/>\n<meta name=\"twitter:card\" content=\"summary_large_image\" \/>\n<meta name=\"twitter:label1\" content=\"Tiempo de lectura\" \/>\n\t<meta name=\"twitter:data1\" content=\"1 minuto\" \/>\n<script type=\"application\/ld+json\" class=\"yoast-schema-graph\">{\"@context\":\"https:\/\/schema.org\",\"@graph\":[{\"@type\":\"WebPage\",\"@id\":\"https:\/\/korsairs.com\/produs\/genovo-f25-fwl\/\",\"url\":\"https:\/\/korsairs.com\/produs\/genovo-f25-fwl\/\",\"name\":\"Genovo F25 FWL - Korsairs\",\"isPartOf\":{\"@id\":\"https:\/\/korsairs.com\/#website\"},\"primaryImageOfPage\":{\"@id\":\"https:\/\/korsairs.com\/produs\/genovo-f25-fwl\/#primaryimage\"},\"image\":{\"@id\":\"https:\/\/korsairs.com\/produs\/genovo-f25-fwl\/#primaryimage\"},\"thumbnailUrl\":\"https:\/\/korsairs.com\/wp-content\/uploads\/2023\/02\/genovo-f25fwl-1065-500x500-1.jpg\",\"datePublished\":\"2023-02-10T14:13:59+00:00\",\"dateModified\":\"2023-02-10T14:15:41+00:00\",\"description\":\"Motor de barca Genovo F25FWL, 25 CP, 4 timpi, cizma lunga, comanda manuala, pornire electrica\",\"breadcrumb\":{\"@id\":\"https:\/\/korsairs.com\/produs\/genovo-f25-fwl\/#breadcrumb\"},\"inLanguage\":\"es\",\"potentialAction\":[{\"@type\":\"ReadAction\",\"target\":[\"https:\/\/korsairs.com\/produs\/genovo-f25-fwl\/\"]}]},{\"@type\":\"ImageObject\",\"inLanguage\":\"es\",\"@id\":\"https:\/\/korsairs.com\/produs\/genovo-f25-fwl\/#primaryimage\",\"url\":\"https:\/\/korsairs.com\/wp-content\/uploads\/2023\/02\/genovo-f25fwl-1065-500x500-1.jpg\",\"contentUrl\":\"https:\/\/korsairs.com\/wp-content\/uploads\/2023\/02\/genovo-f25fwl-1065-500x500-1.jpg\",\"width\":500,\"height\":500,\"caption\":\"Genovo F25 FWL\"},{\"@type\":\"BreadcrumbList\",\"@id\":\"https:\/\/korsairs.com\/produs\/genovo-f25-fwl\/#breadcrumb\",\"itemListElement\":[{\"@type\":\"ListItem\",\"position\":1,\"name\":\"Prima pagin\u0103\",\"item\":\"https:\/\/korsairs.com\/\"},{\"@type\":\"ListItem\",\"position\":2,\"name\":\"Magazin\",\"item\":\"https:\/\/korsairs.com\/magazin\/\"},{\"@type\":\"ListItem\",\"position\":3,\"name\":\"Genovo F25 FWL\"}]},{\"@type\":\"WebSite\",\"@id\":\"https:\/\/korsairs.com\/#website\",\"url\":\"https:\/\/korsairs.com\/\",\"name\":\"Korsairs\",\"description\":\"Motoare de barc\u0103\",\"publisher\":{\"@id\":\"https:\/\/korsairs.com\/#organization\"},\"potentialAction\":[{\"@type\":\"SearchAction\",\"target\":{\"@type\":\"EntryPoint\",\"urlTemplate\":\"https:\/\/korsairs.com\/?s={search_term_string}\"},\"query-input\":\"required name=search_term_string\"}],\"inLanguage\":\"es\"},{\"@type\":\"Organization\",\"@id\":\"https:\/\/korsairs.com\/#organization\",\"name\":\"Korsairs\",\"url\":\"https:\/\/korsairs.com\/\",\"logo\":{\"@type\":\"ImageObject\",\"inLanguage\":\"es\",\"@id\":\"https:\/\/korsairs.com\/#\/schema\/logo\/image\/\",\"url\":\"https:\/\/korsairs.com\/wp-content\/uploads\/2023\/02\/logo-kapitan.png\",\"contentUrl\":\"https:\/\/korsairs.com\/wp-content\/uploads\/2023\/02\/logo-kapitan.png\",\"width\":331,\"height\":80,\"caption\":\"Korsairs\"},\"image\":{\"@id\":\"https:\/\/korsairs.com\/#\/schema\/logo\/image\/\"}}]}<\/script>\n<!-- \/ Yoast SEO plugin. -->","yoast_head_json":{"title":"Genovo F25 FWL - Korsairs","description":"Motor de barca Genovo F25FWL, 25 CP, 4 timpi, cizma lunga, comanda manuala, pornire electrica","robots":{"index":"index","follow":"follow","max-snippet":"max-snippet:-1","max-image-preview":"max-image-preview:large","max-video-preview":"max-video-preview:-1"},"canonical":"https:\/\/korsairs.com\/es\/product\/genovo-f25-fwl\/","og_locale":"es_ES","og_type":"article","og_title":"Genovo F25 FWL - Korsairs","og_description":"Motor de barca Genovo F25FWL, 25 CP, 4 timpi, cizma lunga, comanda manuala, pornire electrica","og_url":"https:\/\/korsairs.com\/es\/product\/genovo-f25-fwl\/","og_site_name":"Korsairs","article_modified_time":"2023-02-10T14:15:41+00:00","og_image":[{"width":500,"height":500,"url":"https:\/\/korsairs.com\/wp-content\/uploads\/2023\/02\/genovo-f25fwl-1065-500x500-1.jpg","type":"image\/jpeg"}],"twitter_card":"summary_large_image","twitter_misc":{"Tiempo de lectura":"1 minuto"},"schema":{"@context":"https:\/\/schema.org","@graph":[{"@type":"WebPage","@id":"https:\/\/korsairs.com\/produs\/genovo-f25-fwl\/","url":"https:\/\/korsairs.com\/produs\/genovo-f25-fwl\/","name":"Genovo F25 FWL - Korsairs","isPartOf":{"@id":"https:\/\/korsairs.com\/#website"},"primaryImageOfPage":{"@id":"https:\/\/korsairs.com\/produs\/genovo-f25-fwl\/#primaryimage"},"image":{"@id":"https:\/\/korsairs.com\/produs\/genovo-f25-fwl\/#primaryimage"},"thumbnailUrl":"https:\/\/korsairs.com\/wp-content\/uploads\/2023\/02\/genovo-f25fwl-1065-500x500-1.jpg","datePublished":"2023-02-10T14:13:59+00:00","dateModified":"2023-02-10T14:15:41+00:00","description":"Motor de barca Genovo F25FWL, 25 CP, 4 timpi, cizma lunga, comanda manuala, pornire electrica","breadcrumb":{"@id":"https:\/\/korsairs.com\/produs\/genovo-f25-fwl\/#breadcrumb"},"inLanguage":"es","potentialAction":[{"@type":"ReadAction","target":["https:\/\/korsairs.com\/produs\/genovo-f25-fwl\/"]}]},{"@type":"ImageObject","inLanguage":"es","@id":"https:\/\/korsairs.com\/produs\/genovo-f25-fwl\/#primaryimage","url":"https:\/\/korsairs.com\/wp-content\/uploads\/2023\/02\/genovo-f25fwl-1065-500x500-1.jpg","contentUrl":"https:\/\/korsairs.com\/wp-content\/uploads\/2023\/02\/genovo-f25fwl-1065-500x500-1.jpg","width":500,"height":500,"caption":"Genovo F25 FWL"},{"@type":"BreadcrumbList","@id":"https:\/\/korsairs.com\/produs\/genovo-f25-fwl\/#breadcrumb","itemListElement":[{"@type":"ListItem","position":1,"name":"Prima pagin\u0103","item":"https:\/\/korsairs.com\/"},{"@type":"ListItem","position":2,"name":"Magazin","item":"https:\/\/korsairs.com\/magazin\/"},{"@type":"ListItem","position":3,"name":"Genovo F25 FWL"}]},{"@type":"WebSite","@id":"https:\/\/korsairs.com\/#website","url":"https:\/\/korsairs.com\/","name":"Korsairs","description":"Motoare de barc\u0103","publisher":{"@id":"https:\/\/korsairs.com\/#organization"},"potentialAction":[{"@type":"SearchAction","target":{"@type":"EntryPoint","urlTemplate":"https:\/\/korsairs.com\/?s={search_term_string}"},"query-input":"required name=search_term_string"}],"inLanguage":"es"},{"@type":"Organization","@id":"https:\/\/korsairs.com\/#organization","name":"Korsairs","url":"https:\/\/korsairs.com\/","logo":{"@type":"ImageObject","inLanguage":"es","@id":"https:\/\/korsairs.com\/#\/schema\/logo\/image\/","url":"https:\/\/korsairs.com\/wp-content\/uploads\/2023\/02\/logo-kapitan.png","contentUrl":"https:\/\/korsairs.com\/wp-content\/uploads\/2023\/02\/logo-kapitan.png","width":331,"height":80,"caption":"Korsairs"},"image":{"@id":"https:\/\/korsairs.com\/#\/schema\/logo\/image\/"}}]}},"jetpack_sharing_enabled":true,"_links":{"self":[{"href":"https:\/\/korsairs.com\/es\/wp-json\/wp\/v2\/product\/1417","targetHints":{"allow":["GET"]}}],"collection":[{"href":"https:\/\/korsairs.com\/es\/wp-json\/wp\/v2\/product"}],"about":[{"href":"https:\/\/korsairs.com\/es\/wp-json\/wp\/v2\/types\/product"}],"replies":[{"embeddable":true,"href":"https:\/\/korsairs.com\/es\/wp-json\/wp\/v2\/comments?post=1417"}],"wp:featuredmedia":[{"embeddable":true,"href":"https:\/\/korsairs.com\/es\/wp-json\/wp\/v2\/media\/1418"}],"wp:attachment":[{"href":"https:\/\/korsairs.com\/es\/wp-json\/wp\/v2\/media?parent=1417"}],"wp:term":[{"taxonomy":"product_cat","embeddable":true,"href":"https:\/\/korsairs.com\/es\/wp-json\/wp\/v2\/product_cat?post=1417"},{"taxonomy":"product_tag","embeddable":true,"href":"https:\/\/korsairs.com\/es\/wp-json\/wp\/v2\/product_tag?post=1417"}],"curies":[{"name":"wp","href":"https:\/\/api.w.org\/{rel}","templated":true}]}}