{"id":1415,"date":"2023-02-10T14:09:29","date_gmt":"2023-02-10T14:09:29","guid":{"rendered":"https:\/\/korsairs.com\/?post_type=product&#038;p=1415"},"modified":"2023-02-10T14:09:29","modified_gmt":"2023-02-10T14:09:29","slug":"genovo-f2-6-bml","status":"publish","type":"product","link":"https:\/\/korsairs.com\/es\/product\/genovo-f2-6-bml\/","title":{"rendered":"Genovo F2.6 BML"},"content":{"rendered":"<p>Motorul\u00a0de 2.6CP este ideal pentru barcile\u00a0gonflabile si ambarcatiunile usoare.<\/p>\n<p>Genovo 2.6CP, 4 timpi, cizma lunga, pornire manuala<\/p>\n<table border=\"0\" width=\"388\" cellspacing=\"0\" cellpadding=\"0\">\n<colgroup>\n<col \/>\n<col \/>\n<col span=\"2\" \/><\/colgroup>\n<tbody>\n<tr>\n<td height=\"20\"><strong>Marca<\/strong><\/td>\n<td><strong>Genovo<\/strong><\/td>\n<td><strong>F2.6BML<\/strong><\/td>\n<td><\/td>\n<\/tr>\n<tr>\n<td height=\"20\">Longitud total<\/td>\n<td>mm<\/td>\n<td colspan=\"2\">645<\/td>\n<\/tr>\n<tr>\n<td height=\"20\">Ancho total<\/td>\n<td>mm<\/td>\n<td colspan=\"2\">343<\/td>\n<\/tr>\n<tr>\n<td height=\"20\">Altura total<\/td>\n<td>mm<\/td>\n<td>1140<\/td>\n<td><\/td>\n<\/tr>\n<tr>\n<td height=\"20\">Altura eje<\/td>\n<td>mm<\/td>\n<td>508<\/td>\n<td><\/td>\n<\/tr>\n<tr>\n<td height=\"20\">Peso<\/td>\n<td>kg<\/td>\n<td>18<\/td>\n<td><\/td>\n<\/tr>\n<tr>\n<td height=\"20\">Turatia maxima de operare<\/td>\n<td>r\/min<\/td>\n<td colspan=\"2\">5250-5750<\/td>\n<\/tr>\n<tr>\n<td height=\"33\">Potencia m\u00e1xima<\/td>\n<td>KW(CP)@r\/min<\/td>\n<td colspan=\"2\">1.9(2.6)@5500<\/td>\n<\/tr>\n<tr>\n<td height=\"20\">R\u00e9gimen de ralent\u00ed<\/td>\n<td>r\/min<\/td>\n<td colspan=\"2\">1900-2100<\/td>\n<\/tr>\n<tr>\n<td height=\"20\">Tipo de motor<\/td>\n<td><\/td>\n<td colspan=\"2\">OHV<\/td>\n<\/tr>\n<tr>\n<td height=\"20\">Cilindro<\/td>\n<td><\/td>\n<td colspan=\"2\">1<\/td>\n<\/tr>\n<tr>\n<td height=\"20\">Cilindrada<\/td>\n<td>cm3<\/td>\n<td colspan=\"2\">72<\/td>\n<\/tr>\n<tr>\n<td height=\"20\">Di\u00e1metro x carrera<\/td>\n<td>mm<\/td>\n<td colspan=\"2\">54&#215;31.5<\/td>\n<\/tr>\n<tr>\n<td height=\"20\">Sistema de arranque<\/td>\n<td><\/td>\n<td colspan=\"2\">TCI<\/td>\n<\/tr>\n<tr>\n<td height=\"20\">Direcci\u00f3n<\/td>\n<td><\/td>\n<td colspan=\"2\">Tim\u00f3n de palanca<\/td>\n<\/tr>\n<tr>\n<td height=\"20\">Sistema de Arranque<\/td>\n<td><\/td>\n<td colspan=\"2\">Manual<\/td>\n<\/tr>\n<tr>\n<td height=\"20\">Sistema de enfriamiento<\/td>\n<td><\/td>\n<td colspan=\"2\">Aqua<\/td>\n<\/tr>\n<tr>\n<td height=\"20\">Posiciones de cambio*<\/td>\n<td><\/td>\n<td colspan=\"2\">F-N<\/td>\n<\/tr>\n<tr>\n<td height=\"20\">Relaci\u00f3n de cambio<\/td>\n<td><\/td>\n<td colspan=\"2\">2.08(27\/13)<\/td>\n<\/tr>\n<tr>\n<td height=\"32\">Recorte y la inclinaci\u00f3n del sistema<\/td>\n<td><\/td>\n<td colspan=\"2\">Manual tilt<\/td>\n<\/tr>\n<tr>\n<td height=\"32\">Cap. dep\u00f3sito combustible<\/td>\n<td>L<\/td>\n<td colspan=\"2\">1,2<\/td>\n<\/tr>\n<tr>\n<td height=\"32\">Consumo<\/td>\n<td>L\/h<\/td>\n<td colspan=\"2\">1,1<\/td>\n<\/tr>\n<tr>\n<td height=\"20\">La capacidad de aceite del motor<\/td>\n<td>L<\/td>\n<td colspan=\"2\">0,35<\/td>\n<\/tr>\n<tr>\n<td height=\"32\">La capacidad de aceite del engranaje<\/td>\n<td>cm3<\/td>\n<td colspan=\"2\">75<\/td>\n<\/tr>\n<tr>\n<td height=\"20\">Helice **<\/td>\n<td>in<\/td>\n<td colspan=\"2\">3-7 1\/4 x 6&#8243;<\/td>\n<\/tr>\n<tr>\n<td colspan=\"2\" height=\"20\">*F=Control frontal N=Neutro<\/td>\n<td><\/td>\n<td><\/td>\n<\/tr>\n<tr>\n<td colspan=\"2\" height=\"20\">**La elecci\u00f3n de la h\u00e9lice depende del tama\u00f1o del vaso y la aplicaci\u00f3n<\/td>\n<td><\/td>\n<\/tr>\n<\/tbody>\n<\/table>","protected":false},"excerpt":{"rendered":"<p>Motorul\u00a0de 2.6CP este ideal pentru barcile\u00a0gonflabile si ambarcatiunile usoare. Genovo 2.6CP, 4 timpi, cizma lunga, pornire manuala Brand Genovo F2.6BML Lungime totala mm 645 Latime totala mm 343 Inaltime totala mm 1140 Inaltime cizma mm 508 Greutate kg 18 Turatia maxima de operare r\/min 5250-5750 Putere KW(CP)@r\/min 1.9(2.6)@5500 Turatia la ralanti r\/min 1900-2100 Tipul motorului [&hellip;]<\/p>","protected":false},"featured_media":1416,"comment_status":"open","ping_status":"closed","template":"","meta":[],"product_cat":[43,29],"product_tag":[],"class_list":{"0":"post-1415","1":"product","2":"type-product","3":"status-publish","4":"has-post-thumbnail","6":"product_cat-4-timpi","7":"product_cat-motoare-de-barca","8":"pa_brand-genovo","10":"first","11":"instock","12":"shipping-taxable","13":"purchasable","14":"product-type-simple"},"yoast_head":"<!-- This site is optimized with the Yoast SEO plugin v22.7 - https:\/\/yoast.com\/wordpress\/plugins\/seo\/ -->\n<title>Genovo F2.6 BML - Korsairs<\/title>\n<meta name=\"description\" content=\"Motorul\u00a0de 2.6CP este ideal pentru barcile\u00a0gonflabile si ambarcatiunile usoare. Genovo 2.6CP, 4 timpi, cizma lunga, pornire manuala\" \/>\n<meta name=\"robots\" content=\"index, follow, max-snippet:-1, max-image-preview:large, max-video-preview:-1\" \/>\n<link rel=\"canonical\" href=\"https:\/\/korsairs.com\/es\/product\/genovo-f2-6-bml\/\" \/>\n<meta property=\"og:locale\" content=\"es_ES\" \/>\n<meta property=\"og:type\" content=\"article\" \/>\n<meta property=\"og:title\" content=\"Genovo F2.6 BML - Korsairs\" \/>\n<meta property=\"og:description\" content=\"Motorul\u00a0de 2.6CP este ideal pentru barcile\u00a0gonflabile si ambarcatiunile usoare. Genovo 2.6CP, 4 timpi, cizma lunga, pornire manuala\" \/>\n<meta property=\"og:url\" content=\"https:\/\/korsairs.com\/es\/product\/genovo-f2-6-bml\/\" \/>\n<meta property=\"og:site_name\" content=\"Korsairs\" \/>\n<meta property=\"og:image\" content=\"https:\/\/korsairs.com\/wp-content\/uploads\/2023\/02\/genovo-f2-6bml-148.6-500x500-1.jpg\" \/>\n\t<meta property=\"og:image:width\" content=\"500\" \/>\n\t<meta property=\"og:image:height\" content=\"500\" \/>\n\t<meta property=\"og:image:type\" content=\"image\/jpeg\" \/>\n<meta name=\"twitter:card\" content=\"summary_large_image\" \/>\n<meta name=\"twitter:label1\" content=\"Tiempo de lectura\" \/>\n\t<meta name=\"twitter:data1\" content=\"1 minuto\" \/>\n<script type=\"application\/ld+json\" class=\"yoast-schema-graph\">{\"@context\":\"https:\/\/schema.org\",\"@graph\":[{\"@type\":\"WebPage\",\"@id\":\"https:\/\/korsairs.com\/produs\/genovo-f2-6-bml\/\",\"url\":\"https:\/\/korsairs.com\/produs\/genovo-f2-6-bml\/\",\"name\":\"Genovo F2.6 BML - Korsairs\",\"isPartOf\":{\"@id\":\"https:\/\/korsairs.com\/#website\"},\"primaryImageOfPage\":{\"@id\":\"https:\/\/korsairs.com\/produs\/genovo-f2-6-bml\/#primaryimage\"},\"image\":{\"@id\":\"https:\/\/korsairs.com\/produs\/genovo-f2-6-bml\/#primaryimage\"},\"thumbnailUrl\":\"https:\/\/korsairs.com\/wp-content\/uploads\/2023\/02\/genovo-f2-6bml-148.6-500x500-1.jpg\",\"datePublished\":\"2023-02-10T14:09:29+00:00\",\"dateModified\":\"2023-02-10T14:09:29+00:00\",\"description\":\"Motorul\u00a0de 2.6CP este ideal pentru barcile\u00a0gonflabile si ambarcatiunile usoare. Genovo 2.6CP, 4 timpi, cizma lunga, pornire manuala\",\"breadcrumb\":{\"@id\":\"https:\/\/korsairs.com\/produs\/genovo-f2-6-bml\/#breadcrumb\"},\"inLanguage\":\"es\",\"potentialAction\":[{\"@type\":\"ReadAction\",\"target\":[\"https:\/\/korsairs.com\/produs\/genovo-f2-6-bml\/\"]}]},{\"@type\":\"ImageObject\",\"inLanguage\":\"es\",\"@id\":\"https:\/\/korsairs.com\/produs\/genovo-f2-6-bml\/#primaryimage\",\"url\":\"https:\/\/korsairs.com\/wp-content\/uploads\/2023\/02\/genovo-f2-6bml-148.6-500x500-1.jpg\",\"contentUrl\":\"https:\/\/korsairs.com\/wp-content\/uploads\/2023\/02\/genovo-f2-6bml-148.6-500x500-1.jpg\",\"width\":500,\"height\":500,\"caption\":\"Genovo F2.6 BML\"},{\"@type\":\"BreadcrumbList\",\"@id\":\"https:\/\/korsairs.com\/produs\/genovo-f2-6-bml\/#breadcrumb\",\"itemListElement\":[{\"@type\":\"ListItem\",\"position\":1,\"name\":\"Prima pagin\u0103\",\"item\":\"https:\/\/korsairs.com\/\"},{\"@type\":\"ListItem\",\"position\":2,\"name\":\"Magazin\",\"item\":\"https:\/\/korsairs.com\/magazin\/\"},{\"@type\":\"ListItem\",\"position\":3,\"name\":\"Genovo F2.6 BML\"}]},{\"@type\":\"WebSite\",\"@id\":\"https:\/\/korsairs.com\/#website\",\"url\":\"https:\/\/korsairs.com\/\",\"name\":\"Korsairs\",\"description\":\"Motoare de barc\u0103\",\"publisher\":{\"@id\":\"https:\/\/korsairs.com\/#organization\"},\"potentialAction\":[{\"@type\":\"SearchAction\",\"target\":{\"@type\":\"EntryPoint\",\"urlTemplate\":\"https:\/\/korsairs.com\/?s={search_term_string}\"},\"query-input\":\"required name=search_term_string\"}],\"inLanguage\":\"es\"},{\"@type\":\"Organization\",\"@id\":\"https:\/\/korsairs.com\/#organization\",\"name\":\"Korsairs\",\"url\":\"https:\/\/korsairs.com\/\",\"logo\":{\"@type\":\"ImageObject\",\"inLanguage\":\"es\",\"@id\":\"https:\/\/korsairs.com\/#\/schema\/logo\/image\/\",\"url\":\"https:\/\/korsairs.com\/wp-content\/uploads\/2023\/02\/logo-kapitan.png\",\"contentUrl\":\"https:\/\/korsairs.com\/wp-content\/uploads\/2023\/02\/logo-kapitan.png\",\"width\":331,\"height\":80,\"caption\":\"Korsairs\"},\"image\":{\"@id\":\"https:\/\/korsairs.com\/#\/schema\/logo\/image\/\"}}]}<\/script>\n<!-- \/ Yoast SEO plugin. -->","yoast_head_json":{"title":"Genovo F2.6 BML - Korsairs","description":"Motorul\u00a0de 2.6CP este ideal pentru barcile\u00a0gonflabile si ambarcatiunile usoare. Genovo 2.6CP, 4 timpi, cizma lunga, pornire manuala","robots":{"index":"index","follow":"follow","max-snippet":"max-snippet:-1","max-image-preview":"max-image-preview:large","max-video-preview":"max-video-preview:-1"},"canonical":"https:\/\/korsairs.com\/es\/product\/genovo-f2-6-bml\/","og_locale":"es_ES","og_type":"article","og_title":"Genovo F2.6 BML - Korsairs","og_description":"Motorul\u00a0de 2.6CP este ideal pentru barcile\u00a0gonflabile si ambarcatiunile usoare. Genovo 2.6CP, 4 timpi, cizma lunga, pornire manuala","og_url":"https:\/\/korsairs.com\/es\/product\/genovo-f2-6-bml\/","og_site_name":"Korsairs","og_image":[{"width":500,"height":500,"url":"https:\/\/korsairs.com\/wp-content\/uploads\/2023\/02\/genovo-f2-6bml-148.6-500x500-1.jpg","type":"image\/jpeg"}],"twitter_card":"summary_large_image","twitter_misc":{"Tiempo de lectura":"1 minuto"},"schema":{"@context":"https:\/\/schema.org","@graph":[{"@type":"WebPage","@id":"https:\/\/korsairs.com\/produs\/genovo-f2-6-bml\/","url":"https:\/\/korsairs.com\/produs\/genovo-f2-6-bml\/","name":"Genovo F2.6 BML - Korsairs","isPartOf":{"@id":"https:\/\/korsairs.com\/#website"},"primaryImageOfPage":{"@id":"https:\/\/korsairs.com\/produs\/genovo-f2-6-bml\/#primaryimage"},"image":{"@id":"https:\/\/korsairs.com\/produs\/genovo-f2-6-bml\/#primaryimage"},"thumbnailUrl":"https:\/\/korsairs.com\/wp-content\/uploads\/2023\/02\/genovo-f2-6bml-148.6-500x500-1.jpg","datePublished":"2023-02-10T14:09:29+00:00","dateModified":"2023-02-10T14:09:29+00:00","description":"Motorul\u00a0de 2.6CP este ideal pentru barcile\u00a0gonflabile si ambarcatiunile usoare. Genovo 2.6CP, 4 timpi, cizma lunga, pornire manuala","breadcrumb":{"@id":"https:\/\/korsairs.com\/produs\/genovo-f2-6-bml\/#breadcrumb"},"inLanguage":"es","potentialAction":[{"@type":"ReadAction","target":["https:\/\/korsairs.com\/produs\/genovo-f2-6-bml\/"]}]},{"@type":"ImageObject","inLanguage":"es","@id":"https:\/\/korsairs.com\/produs\/genovo-f2-6-bml\/#primaryimage","url":"https:\/\/korsairs.com\/wp-content\/uploads\/2023\/02\/genovo-f2-6bml-148.6-500x500-1.jpg","contentUrl":"https:\/\/korsairs.com\/wp-content\/uploads\/2023\/02\/genovo-f2-6bml-148.6-500x500-1.jpg","width":500,"height":500,"caption":"Genovo F2.6 BML"},{"@type":"BreadcrumbList","@id":"https:\/\/korsairs.com\/produs\/genovo-f2-6-bml\/#breadcrumb","itemListElement":[{"@type":"ListItem","position":1,"name":"Prima pagin\u0103","item":"https:\/\/korsairs.com\/"},{"@type":"ListItem","position":2,"name":"Magazin","item":"https:\/\/korsairs.com\/magazin\/"},{"@type":"ListItem","position":3,"name":"Genovo F2.6 BML"}]},{"@type":"WebSite","@id":"https:\/\/korsairs.com\/#website","url":"https:\/\/korsairs.com\/","name":"Korsairs","description":"Motoare de barc\u0103","publisher":{"@id":"https:\/\/korsairs.com\/#organization"},"potentialAction":[{"@type":"SearchAction","target":{"@type":"EntryPoint","urlTemplate":"https:\/\/korsairs.com\/?s={search_term_string}"},"query-input":"required name=search_term_string"}],"inLanguage":"es"},{"@type":"Organization","@id":"https:\/\/korsairs.com\/#organization","name":"Korsairs","url":"https:\/\/korsairs.com\/","logo":{"@type":"ImageObject","inLanguage":"es","@id":"https:\/\/korsairs.com\/#\/schema\/logo\/image\/","url":"https:\/\/korsairs.com\/wp-content\/uploads\/2023\/02\/logo-kapitan.png","contentUrl":"https:\/\/korsairs.com\/wp-content\/uploads\/2023\/02\/logo-kapitan.png","width":331,"height":80,"caption":"Korsairs"},"image":{"@id":"https:\/\/korsairs.com\/#\/schema\/logo\/image\/"}}]}},"jetpack_sharing_enabled":true,"_links":{"self":[{"href":"https:\/\/korsairs.com\/es\/wp-json\/wp\/v2\/product\/1415","targetHints":{"allow":["GET"]}}],"collection":[{"href":"https:\/\/korsairs.com\/es\/wp-json\/wp\/v2\/product"}],"about":[{"href":"https:\/\/korsairs.com\/es\/wp-json\/wp\/v2\/types\/product"}],"replies":[{"embeddable":true,"href":"https:\/\/korsairs.com\/es\/wp-json\/wp\/v2\/comments?post=1415"}],"wp:featuredmedia":[{"embeddable":true,"href":"https:\/\/korsairs.com\/es\/wp-json\/wp\/v2\/media\/1416"}],"wp:attachment":[{"href":"https:\/\/korsairs.com\/es\/wp-json\/wp\/v2\/media?parent=1415"}],"wp:term":[{"taxonomy":"product_cat","embeddable":true,"href":"https:\/\/korsairs.com\/es\/wp-json\/wp\/v2\/product_cat?post=1415"},{"taxonomy":"product_tag","embeddable":true,"href":"https:\/\/korsairs.com\/es\/wp-json\/wp\/v2\/product_tag?post=1415"}],"curies":[{"name":"wp","href":"https:\/\/api.w.org\/{rel}","templated":true}]}}