{"id":1407,"date":"2023-02-10T11:49:25","date_gmt":"2023-02-10T11:49:25","guid":{"rendered":"https:\/\/korsairs.com\/?post_type=product&#038;p=1407"},"modified":"2023-02-20T15:11:05","modified_gmt":"2023-02-20T15:11:05","slug":"genovo-f9-8-bms","status":"publish","type":"product","link":"https:\/\/korsairs.com\/es\/product\/genovo-f9-8-bms\/","title":{"rendered":"Genovo F9.8 BMS"},"content":{"rendered":"<p>La potencia de este motor fuera de borda Genovo F 9.8 HP, lo sit\u00faa entre los campeones. Superar\u00e1 sus expectativas. Montarlo en el barco y tratar de dominar su poder!<\/p>\n<table border=\"0\" width=\"544\" cellspacing=\"0\" cellpadding=\"0\">\n<colgroup>\n<col \/>\n<col \/>\n<col span=\"2\" \/>\n<col \/>\n<col \/><\/colgroup>\n<tbody>\n<tr>\n<td height=\"20\"><strong>Marca<\/strong><\/td>\n<td><strong>Genovo<\/strong><\/td>\n<td><strong>F9.8 BMS<\/strong><\/td>\n<td><\/td>\n<td><\/td>\n<td><\/td>\n<\/tr>\n<tr>\n<td height=\"20\">Longitud total<\/td>\n<td>mm<\/td>\n<td colspan=\"2\">965<\/td>\n<td colspan=\"2\"><\/td>\n<\/tr>\n<tr>\n<td height=\"20\">Ancho total<\/td>\n<td>mm<\/td>\n<td colspan=\"2\">364<\/td>\n<td colspan=\"2\"><\/td>\n<\/tr>\n<tr>\n<td height=\"20\">Altura total<\/td>\n<td>mm<\/td>\n<td>1036<\/td>\n<td><\/td>\n<td><\/td>\n<td><\/td>\n<\/tr>\n<tr>\n<td height=\"20\">Altura eje<\/td>\n<td>mm<\/td>\n<td>381<\/td>\n<td><\/td>\n<td><\/td>\n<td><\/td>\n<\/tr>\n<tr>\n<td height=\"20\">Peso<\/td>\n<td>kg<\/td>\n<td>38<\/td>\n<td><\/td>\n<td><\/td>\n<td><\/td>\n<\/tr>\n<tr>\n<td height=\"20\">Rango de operaci\u00f3n m\u00e1ximo<\/td>\n<td>r\/min<\/td>\n<td colspan=\"4\">5000-6000<\/td>\n<\/tr>\n<tr>\n<td height=\"20\">Potencia m\u00e1xima<\/td>\n<td>KW(CP)<\/td>\n<td colspan=\"4\">7.2(9.8)@5000r\/min<\/td>\n<\/tr>\n<tr>\n<td height=\"20\">R\u00e9gimen de ralent\u00ed<\/td>\n<td>r\/min<\/td>\n<td colspan=\"4\">950-1050<\/td>\n<\/tr>\n<tr>\n<td height=\"20\">Tipo de motor<\/td>\n<td><\/td>\n<td colspan=\"4\">OHC<\/td>\n<\/tr>\n<tr>\n<td height=\"20\">Cilindro<\/td>\n<td><\/td>\n<td colspan=\"4\">2<\/td>\n<\/tr>\n<tr>\n<td height=\"20\">Cilindrada<\/td>\n<td>cm3<\/td>\n<td colspan=\"4\">209<\/td>\n<\/tr>\n<tr>\n<td height=\"20\">Di\u00e1metro x carrera<\/td>\n<td>mm<\/td>\n<td colspan=\"4\">55&#215;44<\/td>\n<\/tr>\n<tr>\n<td height=\"20\">Sistema de arranque<\/td>\n<td><\/td>\n<td colspan=\"4\">CDI<\/td>\n<\/tr>\n<tr>\n<td height=\"20\">Direcci\u00f3n<\/td>\n<td><\/td>\n<td colspan=\"2\">Tim\u00f3n de palanca<\/td>\n<td colspan=\"2\"><\/td>\n<\/tr>\n<tr>\n<td height=\"20\">Sistema de Arranque<\/td>\n<td><\/td>\n<td colspan=\"2\">manuala<\/td>\n<td colspan=\"2\"><\/td>\n<\/tr>\n<tr>\n<td height=\"20\">Sistema de enfriamiento<\/td>\n<td><\/td>\n<td colspan=\"4\">Aqua<\/td>\n<\/tr>\n<tr>\n<td height=\"20\">Posiciones de cambio*<\/td>\n<td><\/td>\n<td colspan=\"4\">F-N-R<\/td>\n<\/tr>\n<tr>\n<td height=\"20\">Relaci\u00f3n de cambio<\/td>\n<td><\/td>\n<td colspan=\"4\">2.08(27\/13)<\/td>\n<\/tr>\n<tr>\n<td height=\"32\">Recorte y la inclinaci\u00f3n del sistema<\/td>\n<td><\/td>\n<td colspan=\"4\">Manual tilt<\/td>\n<\/tr>\n<tr>\n<td height=\"32\">Cap. dep\u00f3sito combustible<\/td>\n<td>L<\/td>\n<td colspan=\"4\">12L<\/td>\n<\/tr>\n<tr>\n<td height=\"32\">Consumo<\/td>\n<td>L\/h<\/td>\n<td colspan=\"4\">3,4<\/td>\n<\/tr>\n<tr>\n<td height=\"20\">La capacidad de aceite del motor<\/td>\n<td>L<\/td>\n<td colspan=\"4\">0,8<\/td>\n<\/tr>\n<tr>\n<td height=\"32\">La capacidad de aceite del engranaje<\/td>\n<td>cm3<\/td>\n<td colspan=\"4\">320<\/td>\n<\/tr>\n<tr>\n<td height=\"20\">Helice **<\/td>\n<td>in<\/td>\n<td colspan=\"4\">3-8.9&#8243; x 8.3 &#8222;<\/td>\n<\/tr>\n<tr>\n<td colspan=\"2\" height=\"20\">*F=Control frontal N=Neutro R= Retroceso<\/td>\n<td><\/td>\n<td><\/td>\n<td><\/td>\n<td><\/td>\n<\/tr>\n<tr>\n<td colspan=\"2\" height=\"20\">**La elecci\u00f3n de la h\u00e9lice depende del tama\u00f1o del vaso y la aplicaci\u00f3n<\/td>\n<\/tr>\n<\/tbody>\n<\/table>","protected":false},"excerpt":{"rendered":"<p>Forta acestui motor Genovo F 9.8 il aseaza in randul campionilor. Nu va va insela asteptarile. Motor in 4 timpi, cizma scurta, 9.8CP, pornire manuala Brand Genovo F9.8 BMS Lungime totala mm 965 Latime totala mm 364 Inaltime totala mm 1036 Inaltime cizma mm 381 Greutate kg 38 Turatie maxima de operare r\/min 5000-6000 Putere [&hellip;]<\/p>","protected":false},"featured_media":1408,"comment_status":"open","ping_status":"closed","template":"","meta":[],"product_cat":[43,29],"product_tag":[],"class_list":{"0":"post-1407","1":"product","2":"type-product","3":"status-publish","4":"has-post-thumbnail","6":"product_cat-4-timpi","7":"product_cat-motoare-de-barca","8":"pa_brand-genovo","10":"first","11":"instock","12":"shipping-taxable","13":"purchasable","14":"product-type-simple"},"yoast_head":"<!-- This site is optimized with the Yoast SEO plugin v22.7 - https:\/\/yoast.com\/wordpress\/plugins\/seo\/ -->\n<title>Genovo F9.8 BMS - Korsairs<\/title>\n<meta name=\"description\" content=\"Forta acestui motor Genovo F 9.8 il aseaza in randul campionilor. Nu va va insela asteptarile. Motor in 4 timpi, cizma scurta, 9.8CP, pornire manuala\" \/>\n<meta name=\"robots\" content=\"index, follow, max-snippet:-1, max-image-preview:large, max-video-preview:-1\" \/>\n<link rel=\"canonical\" href=\"https:\/\/korsairs.com\/es\/product\/genovo-f9-8-bms\/\" \/>\n<meta property=\"og:locale\" content=\"es_ES\" \/>\n<meta property=\"og:type\" content=\"article\" \/>\n<meta property=\"og:title\" content=\"Genovo F9.8 BMS - Korsairs\" \/>\n<meta property=\"og:description\" content=\"Forta acestui motor Genovo F 9.8 il aseaza in randul campionilor. Nu va va insela asteptarile. Motor in 4 timpi, cizma scurta, 9.8CP, pornire manuala\" \/>\n<meta property=\"og:url\" content=\"https:\/\/korsairs.com\/es\/product\/genovo-f9-8-bms\/\" \/>\n<meta property=\"og:site_name\" content=\"Korsairs\" \/>\n<meta property=\"article:modified_time\" content=\"2023-02-20T15:11:05+00:00\" \/>\n<meta property=\"og:image\" content=\"https:\/\/korsairs.com\/wp-content\/uploads\/2023\/02\/genovo-f9-8-fwl-139.8-500x500-1-1.jpg\" \/>\n\t<meta property=\"og:image:width\" content=\"500\" \/>\n\t<meta property=\"og:image:height\" content=\"500\" \/>\n\t<meta property=\"og:image:type\" content=\"image\/jpeg\" \/>\n<meta name=\"twitter:card\" content=\"summary_large_image\" \/>\n<meta name=\"twitter:label1\" content=\"Tiempo de lectura\" \/>\n\t<meta name=\"twitter:data1\" content=\"1 minuto\" \/>\n<script type=\"application\/ld+json\" class=\"yoast-schema-graph\">{\"@context\":\"https:\/\/schema.org\",\"@graph\":[{\"@type\":\"WebPage\",\"@id\":\"https:\/\/korsairs.com\/produs\/genovo-f9-8-bms\/\",\"url\":\"https:\/\/korsairs.com\/produs\/genovo-f9-8-bms\/\",\"name\":\"Genovo F9.8 BMS - Korsairs\",\"isPartOf\":{\"@id\":\"https:\/\/korsairs.com\/#website\"},\"primaryImageOfPage\":{\"@id\":\"https:\/\/korsairs.com\/produs\/genovo-f9-8-bms\/#primaryimage\"},\"image\":{\"@id\":\"https:\/\/korsairs.com\/produs\/genovo-f9-8-bms\/#primaryimage\"},\"thumbnailUrl\":\"https:\/\/korsairs.com\/wp-content\/uploads\/2023\/02\/genovo-f9-8-fwl-139.8-500x500-1-1.jpg\",\"datePublished\":\"2023-02-10T11:49:25+00:00\",\"dateModified\":\"2023-02-20T15:11:05+00:00\",\"description\":\"Forta acestui motor Genovo F 9.8 il aseaza in randul campionilor. Nu va va insela asteptarile. Motor in 4 timpi, cizma scurta, 9.8CP, pornire manuala\",\"breadcrumb\":{\"@id\":\"https:\/\/korsairs.com\/produs\/genovo-f9-8-bms\/#breadcrumb\"},\"inLanguage\":\"es\",\"potentialAction\":[{\"@type\":\"ReadAction\",\"target\":[\"https:\/\/korsairs.com\/produs\/genovo-f9-8-bms\/\"]}]},{\"@type\":\"ImageObject\",\"inLanguage\":\"es\",\"@id\":\"https:\/\/korsairs.com\/produs\/genovo-f9-8-bms\/#primaryimage\",\"url\":\"https:\/\/korsairs.com\/wp-content\/uploads\/2023\/02\/genovo-f9-8-fwl-139.8-500x500-1-1.jpg\",\"contentUrl\":\"https:\/\/korsairs.com\/wp-content\/uploads\/2023\/02\/genovo-f9-8-fwl-139.8-500x500-1-1.jpg\",\"width\":500,\"height\":500,\"caption\":\"Genovo F9.8 BMS\"},{\"@type\":\"BreadcrumbList\",\"@id\":\"https:\/\/korsairs.com\/produs\/genovo-f9-8-bms\/#breadcrumb\",\"itemListElement\":[{\"@type\":\"ListItem\",\"position\":1,\"name\":\"Prima pagin\u0103\",\"item\":\"https:\/\/korsairs.com\/\"},{\"@type\":\"ListItem\",\"position\":2,\"name\":\"Magazin\",\"item\":\"https:\/\/korsairs.com\/magazin\/\"},{\"@type\":\"ListItem\",\"position\":3,\"name\":\"Genovo F9.8 BMS\"}]},{\"@type\":\"WebSite\",\"@id\":\"https:\/\/korsairs.com\/#website\",\"url\":\"https:\/\/korsairs.com\/\",\"name\":\"Korsairs\",\"description\":\"Motoare de barc\u0103\",\"publisher\":{\"@id\":\"https:\/\/korsairs.com\/#organization\"},\"potentialAction\":[{\"@type\":\"SearchAction\",\"target\":{\"@type\":\"EntryPoint\",\"urlTemplate\":\"https:\/\/korsairs.com\/?s={search_term_string}\"},\"query-input\":\"required name=search_term_string\"}],\"inLanguage\":\"es\"},{\"@type\":\"Organization\",\"@id\":\"https:\/\/korsairs.com\/#organization\",\"name\":\"Korsairs\",\"url\":\"https:\/\/korsairs.com\/\",\"logo\":{\"@type\":\"ImageObject\",\"inLanguage\":\"es\",\"@id\":\"https:\/\/korsairs.com\/#\/schema\/logo\/image\/\",\"url\":\"https:\/\/korsairs.com\/wp-content\/uploads\/2023\/02\/logo-kapitan.png\",\"contentUrl\":\"https:\/\/korsairs.com\/wp-content\/uploads\/2023\/02\/logo-kapitan.png\",\"width\":331,\"height\":80,\"caption\":\"Korsairs\"},\"image\":{\"@id\":\"https:\/\/korsairs.com\/#\/schema\/logo\/image\/\"}}]}<\/script>\n<!-- \/ Yoast SEO plugin. -->","yoast_head_json":{"title":"Genovo F9.8 BMS - Korsairs","description":"Forta acestui motor Genovo F 9.8 il aseaza in randul campionilor. Nu va va insela asteptarile. Motor in 4 timpi, cizma scurta, 9.8CP, pornire manuala","robots":{"index":"index","follow":"follow","max-snippet":"max-snippet:-1","max-image-preview":"max-image-preview:large","max-video-preview":"max-video-preview:-1"},"canonical":"https:\/\/korsairs.com\/es\/product\/genovo-f9-8-bms\/","og_locale":"es_ES","og_type":"article","og_title":"Genovo F9.8 BMS - Korsairs","og_description":"Forta acestui motor Genovo F 9.8 il aseaza in randul campionilor. Nu va va insela asteptarile. Motor in 4 timpi, cizma scurta, 9.8CP, pornire manuala","og_url":"https:\/\/korsairs.com\/es\/product\/genovo-f9-8-bms\/","og_site_name":"Korsairs","article_modified_time":"2023-02-20T15:11:05+00:00","og_image":[{"width":500,"height":500,"url":"https:\/\/korsairs.com\/wp-content\/uploads\/2023\/02\/genovo-f9-8-fwl-139.8-500x500-1-1.jpg","type":"image\/jpeg"}],"twitter_card":"summary_large_image","twitter_misc":{"Tiempo de lectura":"1 minuto"},"schema":{"@context":"https:\/\/schema.org","@graph":[{"@type":"WebPage","@id":"https:\/\/korsairs.com\/produs\/genovo-f9-8-bms\/","url":"https:\/\/korsairs.com\/produs\/genovo-f9-8-bms\/","name":"Genovo F9.8 BMS - Korsairs","isPartOf":{"@id":"https:\/\/korsairs.com\/#website"},"primaryImageOfPage":{"@id":"https:\/\/korsairs.com\/produs\/genovo-f9-8-bms\/#primaryimage"},"image":{"@id":"https:\/\/korsairs.com\/produs\/genovo-f9-8-bms\/#primaryimage"},"thumbnailUrl":"https:\/\/korsairs.com\/wp-content\/uploads\/2023\/02\/genovo-f9-8-fwl-139.8-500x500-1-1.jpg","datePublished":"2023-02-10T11:49:25+00:00","dateModified":"2023-02-20T15:11:05+00:00","description":"Forta acestui motor Genovo F 9.8 il aseaza in randul campionilor. Nu va va insela asteptarile. Motor in 4 timpi, cizma scurta, 9.8CP, pornire manuala","breadcrumb":{"@id":"https:\/\/korsairs.com\/produs\/genovo-f9-8-bms\/#breadcrumb"},"inLanguage":"es","potentialAction":[{"@type":"ReadAction","target":["https:\/\/korsairs.com\/produs\/genovo-f9-8-bms\/"]}]},{"@type":"ImageObject","inLanguage":"es","@id":"https:\/\/korsairs.com\/produs\/genovo-f9-8-bms\/#primaryimage","url":"https:\/\/korsairs.com\/wp-content\/uploads\/2023\/02\/genovo-f9-8-fwl-139.8-500x500-1-1.jpg","contentUrl":"https:\/\/korsairs.com\/wp-content\/uploads\/2023\/02\/genovo-f9-8-fwl-139.8-500x500-1-1.jpg","width":500,"height":500,"caption":"Genovo F9.8 BMS"},{"@type":"BreadcrumbList","@id":"https:\/\/korsairs.com\/produs\/genovo-f9-8-bms\/#breadcrumb","itemListElement":[{"@type":"ListItem","position":1,"name":"Prima pagin\u0103","item":"https:\/\/korsairs.com\/"},{"@type":"ListItem","position":2,"name":"Magazin","item":"https:\/\/korsairs.com\/magazin\/"},{"@type":"ListItem","position":3,"name":"Genovo F9.8 BMS"}]},{"@type":"WebSite","@id":"https:\/\/korsairs.com\/#website","url":"https:\/\/korsairs.com\/","name":"Korsairs","description":"Motoare de barc\u0103","publisher":{"@id":"https:\/\/korsairs.com\/#organization"},"potentialAction":[{"@type":"SearchAction","target":{"@type":"EntryPoint","urlTemplate":"https:\/\/korsairs.com\/?s={search_term_string}"},"query-input":"required name=search_term_string"}],"inLanguage":"es"},{"@type":"Organization","@id":"https:\/\/korsairs.com\/#organization","name":"Korsairs","url":"https:\/\/korsairs.com\/","logo":{"@type":"ImageObject","inLanguage":"es","@id":"https:\/\/korsairs.com\/#\/schema\/logo\/image\/","url":"https:\/\/korsairs.com\/wp-content\/uploads\/2023\/02\/logo-kapitan.png","contentUrl":"https:\/\/korsairs.com\/wp-content\/uploads\/2023\/02\/logo-kapitan.png","width":331,"height":80,"caption":"Korsairs"},"image":{"@id":"https:\/\/korsairs.com\/#\/schema\/logo\/image\/"}}]}},"jetpack_sharing_enabled":true,"_links":{"self":[{"href":"https:\/\/korsairs.com\/es\/wp-json\/wp\/v2\/product\/1407","targetHints":{"allow":["GET"]}}],"collection":[{"href":"https:\/\/korsairs.com\/es\/wp-json\/wp\/v2\/product"}],"about":[{"href":"https:\/\/korsairs.com\/es\/wp-json\/wp\/v2\/types\/product"}],"replies":[{"embeddable":true,"href":"https:\/\/korsairs.com\/es\/wp-json\/wp\/v2\/comments?post=1407"}],"wp:featuredmedia":[{"embeddable":true,"href":"https:\/\/korsairs.com\/es\/wp-json\/wp\/v2\/media\/1408"}],"wp:attachment":[{"href":"https:\/\/korsairs.com\/es\/wp-json\/wp\/v2\/media?parent=1407"}],"wp:term":[{"taxonomy":"product_cat","embeddable":true,"href":"https:\/\/korsairs.com\/es\/wp-json\/wp\/v2\/product_cat?post=1407"},{"taxonomy":"product_tag","embeddable":true,"href":"https:\/\/korsairs.com\/es\/wp-json\/wp\/v2\/product_tag?post=1407"}],"curies":[{"name":"wp","href":"https:\/\/api.w.org\/{rel}","templated":true}]}}