{"id":1394,"date":"2023-02-09T12:22:21","date_gmt":"2023-02-09T12:22:21","guid":{"rendered":"https:\/\/korsairs.com\/?post_type=product&#038;p=1394"},"modified":"2023-02-14T15:12:43","modified_gmt":"2023-02-14T15:12:43","slug":"genovo-f15-bws","status":"publish","type":"product","link":"https:\/\/korsairs.com\/es\/product\/genovo-f15-bws\/","title":{"rendered":"Genovo F15 BWS"},"content":{"rendered":"<p>Motor de 4 tiempos, arranque largo, 15HP, arranque manual, control manual<\/p>\n<p>El motor de barco Genovo F15, al igual que otros motores de barco en la misma categor\u00eda de clase, es la mula de carga. Se las arregla brillantemente con barcos cargados, haci\u00e9ndolos deslizar f\u00e1cilmente.<\/p>\n<p>El precio incluye todos los impuestos y no hay otros costes adicionales.<\/p>\n<p><strong>Atenci\u00f3n!!!<br \/>\nRequiere licencia de navegaci\u00f3n.<\/strong><\/p>\n<table border=\"0\" width=\"324\" cellspacing=\"0\" cellpadding=\"0\">\n<colgroup>\n<col \/>\n<col \/>\n<col \/><\/colgroup>\n<tbody>\n<tr>\n<td height=\"20\"><strong>Marca<\/strong><\/td>\n<td><strong>Genovo<\/strong><\/td>\n<td><strong>F15BML<\/strong><\/td>\n<\/tr>\n<tr>\n<td height=\"20\">Longitud total<\/td>\n<td>mm<\/td>\n<td>1001<\/td>\n<\/tr>\n<tr>\n<td height=\"20\">Ancho total<\/td>\n<td>mm<\/td>\n<td>427<\/td>\n<\/tr>\n<tr>\n<td height=\"20\">Altura total<\/td>\n<td>mm<\/td>\n<td>1207<\/td>\n<\/tr>\n<tr>\n<td height=\"20\">Altura eje<\/td>\n<td>mm<\/td>\n<td>508<\/td>\n<\/tr>\n<tr>\n<td height=\"20\">Peso<\/td>\n<td>kg<\/td>\n<td>51<\/td>\n<\/tr>\n<tr>\n<td height=\"20\">Rango de operaci\u00f3n m\u00e1ximo<\/td>\n<td>r\/min<\/td>\n<td>4500-5500<\/td>\n<\/tr>\n<tr>\n<td height=\"20\">Potencia m\u00e1xima<\/td>\n<td>KW(CP)<\/td>\n<td>11(15)@5000r\/min<\/td>\n<\/tr>\n<tr>\n<td height=\"20\">R\u00e9gimen de ralent\u00ed<\/td>\n<td>r\/min<\/td>\n<td>900-1000<\/td>\n<\/tr>\n<tr>\n<td height=\"20\">Tipo de motor<\/td>\n<td><\/td>\n<td>OHC<\/td>\n<\/tr>\n<tr>\n<td height=\"20\">Cilindro<\/td>\n<td><\/td>\n<td>L2<\/td>\n<\/tr>\n<tr>\n<td height=\"20\">Cilindrada<\/td>\n<td>cm3<\/td>\n<td>323<\/td>\n<\/tr>\n<tr>\n<td height=\"20\">Di\u00e1metro x carrera<\/td>\n<td>mm<\/td>\n<td>59.0&#215;59.0(2.32&#215;2.32)<\/td>\n<\/tr>\n<tr>\n<td height=\"20\">Sistema de arranque<\/td>\n<td><\/td>\n<td>CDI<\/td>\n<\/tr>\n<tr>\n<td height=\"20\">Direcci\u00f3n<\/td>\n<td><\/td>\n<td>Tim\u00f3n de palanca<\/td>\n<\/tr>\n<tr>\n<td height=\"20\">Sistema de Arranque<\/td>\n<td><\/td>\n<td>Manual<\/td>\n<\/tr>\n<tr>\n<td height=\"20\">Sistema de enfriamiento<\/td>\n<td><\/td>\n<td>Aqua<\/td>\n<\/tr>\n<tr>\n<td height=\"20\">Posiciones de cambio*<\/td>\n<td><\/td>\n<td>F-N-R<\/td>\n<\/tr>\n<tr>\n<td height=\"20\">Relaci\u00f3n de cambio<\/td>\n<td><\/td>\n<td>2.08(27\/13)<\/td>\n<\/tr>\n<tr>\n<td height=\"32\">Recorte y la inclinaci\u00f3n del sistema<\/td>\n<td><\/td>\n<td>Manual<\/td>\n<\/tr>\n<tr>\n<td height=\"32\">Cap. dep\u00f3sito combustible<\/td>\n<td>L<\/td>\n<td>24L<\/td>\n<\/tr>\n<tr>\n<td height=\"32\">Consumo<\/td>\n<td>L\/h<\/td>\n<td>5,3<\/td>\n<\/tr>\n<tr>\n<td height=\"20\">La capacidad de aceite del motor<\/td>\n<td>L<\/td>\n<td>1<\/td>\n<\/tr>\n<tr>\n<td height=\"32\">La capacidad de aceite del engranaje<\/td>\n<td>cm3<\/td>\n<td>250<\/td>\n<\/tr>\n<\/tbody>\n<\/table>\n<table border=\"0\" width=\"324\" cellspacing=\"0\" cellpadding=\"0\">\n<tbody>\n<tr>\n<td height=\"20\">Helice **<\/td>\n<td>in<\/td>\n<td>3-9 1\/4 &#8221; x 11 &#8221; or 3- 9 1\/4 x 8&#8243;<\/td>\n<\/tr>\n<tr>\n<td colspan=\"2\" height=\"20\">*F=Control frontal N=Neutro R= Retroceso<\/td>\n<td><\/td>\n<\/tr>\n<tr>\n<td colspan=\"2\" height=\"20\">**La elecci\u00f3n de la h\u00e9lice depende del tama\u00f1o del vaso y la aplicaci\u00f3n<\/td>\n<\/tr>\n<\/tbody>\n<\/table>","protected":false},"excerpt":{"rendered":"<p>Motor in 4 timpi, cizma lunga, 15CP, pornire manuala, comanda manuala Motorul de barca Genovo F15 ca alte motoare de barca din aceeasi categorie clasa este catarul de povara. Face fata cu brio unor barci cu incarcatura facandu-le sa gliseze cu usurinta. Pretul contine toate taxele si nu exista alte costuri suplimentare. Atentie !!! Necesita [&hellip;]<\/p>","protected":false},"featured_media":1402,"comment_status":"open","ping_status":"closed","template":"","meta":[],"product_cat":[43,29],"product_tag":[],"class_list":{"0":"post-1394","1":"product","2":"type-product","3":"status-publish","4":"has-post-thumbnail","6":"product_cat-4-timpi","7":"product_cat-motoare-de-barca","8":"pa_brand-genovo","10":"first","11":"instock","12":"shipping-taxable","13":"purchasable","14":"product-type-simple"},"yoast_head":"<!-- This site is optimized with the Yoast SEO plugin v22.7 - https:\/\/yoast.com\/wordpress\/plugins\/seo\/ -->\n<title>Genovo F15 BWS - Korsairs<\/title>\n<meta name=\"description\" content=\"Genovo F15 BWS - F15BWS este un motor in 4 timpi, cizma scurta, pornire electrica, de 15 CP. Motorul de barca Genovo F15 ca alte motoare de barca din ac\" \/>\n<meta name=\"robots\" content=\"index, follow, max-snippet:-1, max-image-preview:large, max-video-preview:-1\" \/>\n<link rel=\"canonical\" href=\"https:\/\/korsairs.com\/es\/product\/genovo-f15-bws\/\" \/>\n<meta property=\"og:locale\" content=\"es_ES\" \/>\n<meta property=\"og:type\" content=\"article\" \/>\n<meta property=\"og:title\" content=\"Genovo F15 BWS - Korsairs\" \/>\n<meta property=\"og:description\" content=\"Genovo F15 BWS - F15BWS este un motor in 4 timpi, cizma scurta, pornire electrica, de 15 CP. Motorul de barca Genovo F15 ca alte motoare de barca din ac\" \/>\n<meta property=\"og:url\" content=\"https:\/\/korsairs.com\/es\/product\/genovo-f15-bws\/\" \/>\n<meta property=\"og:site_name\" content=\"Korsairs\" \/>\n<meta property=\"article:modified_time\" content=\"2023-02-14T15:12:43+00:00\" \/>\n<meta property=\"og:image\" content=\"https:\/\/korsairs.com\/wp-content\/uploads\/2023\/02\/genovo-f15-500x500-1.jpg\" \/>\n\t<meta property=\"og:image:width\" content=\"500\" \/>\n\t<meta property=\"og:image:height\" content=\"500\" \/>\n\t<meta property=\"og:image:type\" content=\"image\/jpeg\" \/>\n<meta name=\"twitter:card\" content=\"summary_large_image\" \/>\n<meta name=\"twitter:label1\" content=\"Tiempo de lectura\" \/>\n\t<meta name=\"twitter:data1\" content=\"2 minutos\" \/>\n<script type=\"application\/ld+json\" class=\"yoast-schema-graph\">{\"@context\":\"https:\/\/schema.org\",\"@graph\":[{\"@type\":\"WebPage\",\"@id\":\"https:\/\/korsairs.com\/produs\/genovo-f15-bws\/\",\"url\":\"https:\/\/korsairs.com\/produs\/genovo-f15-bws\/\",\"name\":\"Genovo F15 BWS - Korsairs\",\"isPartOf\":{\"@id\":\"https:\/\/korsairs.com\/#website\"},\"primaryImageOfPage\":{\"@id\":\"https:\/\/korsairs.com\/produs\/genovo-f15-bws\/#primaryimage\"},\"image\":{\"@id\":\"https:\/\/korsairs.com\/produs\/genovo-f15-bws\/#primaryimage\"},\"thumbnailUrl\":\"https:\/\/korsairs.com\/wp-content\/uploads\/2023\/02\/genovo-f15-500x500-1.jpg\",\"datePublished\":\"2023-02-09T12:22:21+00:00\",\"dateModified\":\"2023-02-14T15:12:43+00:00\",\"description\":\"Genovo F15 BWS - F15BWS este un motor in 4 timpi, cizma scurta, pornire electrica, de 15 CP. Motorul de barca Genovo F15 ca alte motoare de barca din ac\",\"breadcrumb\":{\"@id\":\"https:\/\/korsairs.com\/produs\/genovo-f15-bws\/#breadcrumb\"},\"inLanguage\":\"es\",\"potentialAction\":[{\"@type\":\"ReadAction\",\"target\":[\"https:\/\/korsairs.com\/produs\/genovo-f15-bws\/\"]}]},{\"@type\":\"ImageObject\",\"inLanguage\":\"es\",\"@id\":\"https:\/\/korsairs.com\/produs\/genovo-f15-bws\/#primaryimage\",\"url\":\"https:\/\/korsairs.com\/wp-content\/uploads\/2023\/02\/genovo-f15-500x500-1.jpg\",\"contentUrl\":\"https:\/\/korsairs.com\/wp-content\/uploads\/2023\/02\/genovo-f15-500x500-1.jpg\",\"width\":500,\"height\":500,\"caption\":\"Genovo F15 BML\"},{\"@type\":\"BreadcrumbList\",\"@id\":\"https:\/\/korsairs.com\/produs\/genovo-f15-bws\/#breadcrumb\",\"itemListElement\":[{\"@type\":\"ListItem\",\"position\":1,\"name\":\"Prima pagin\u0103\",\"item\":\"https:\/\/korsairs.com\/\"},{\"@type\":\"ListItem\",\"position\":2,\"name\":\"Magazin\",\"item\":\"https:\/\/korsairs.com\/magazin\/\"},{\"@type\":\"ListItem\",\"position\":3,\"name\":\"Genovo F15 BWS\"}]},{\"@type\":\"WebSite\",\"@id\":\"https:\/\/korsairs.com\/#website\",\"url\":\"https:\/\/korsairs.com\/\",\"name\":\"Korsairs\",\"description\":\"Motoare de barc\u0103\",\"publisher\":{\"@id\":\"https:\/\/korsairs.com\/#organization\"},\"potentialAction\":[{\"@type\":\"SearchAction\",\"target\":{\"@type\":\"EntryPoint\",\"urlTemplate\":\"https:\/\/korsairs.com\/?s={search_term_string}\"},\"query-input\":\"required name=search_term_string\"}],\"inLanguage\":\"es\"},{\"@type\":\"Organization\",\"@id\":\"https:\/\/korsairs.com\/#organization\",\"name\":\"Korsairs\",\"url\":\"https:\/\/korsairs.com\/\",\"logo\":{\"@type\":\"ImageObject\",\"inLanguage\":\"es\",\"@id\":\"https:\/\/korsairs.com\/#\/schema\/logo\/image\/\",\"url\":\"https:\/\/korsairs.com\/wp-content\/uploads\/2023\/02\/logo-kapitan.png\",\"contentUrl\":\"https:\/\/korsairs.com\/wp-content\/uploads\/2023\/02\/logo-kapitan.png\",\"width\":331,\"height\":80,\"caption\":\"Korsairs\"},\"image\":{\"@id\":\"https:\/\/korsairs.com\/#\/schema\/logo\/image\/\"}}]}<\/script>\n<!-- \/ Yoast SEO plugin. -->","yoast_head_json":{"title":"Genovo F15 BWS - Korsairs","description":"Genovo F15 BWS - F15BWS este un motor in 4 timpi, cizma scurta, pornire electrica, de 15 CP. Motorul de barca Genovo F15 ca alte motoare de barca din ac","robots":{"index":"index","follow":"follow","max-snippet":"max-snippet:-1","max-image-preview":"max-image-preview:large","max-video-preview":"max-video-preview:-1"},"canonical":"https:\/\/korsairs.com\/es\/product\/genovo-f15-bws\/","og_locale":"es_ES","og_type":"article","og_title":"Genovo F15 BWS - Korsairs","og_description":"Genovo F15 BWS - F15BWS este un motor in 4 timpi, cizma scurta, pornire electrica, de 15 CP. Motorul de barca Genovo F15 ca alte motoare de barca din ac","og_url":"https:\/\/korsairs.com\/es\/product\/genovo-f15-bws\/","og_site_name":"Korsairs","article_modified_time":"2023-02-14T15:12:43+00:00","og_image":[{"width":500,"height":500,"url":"https:\/\/korsairs.com\/wp-content\/uploads\/2023\/02\/genovo-f15-500x500-1.jpg","type":"image\/jpeg"}],"twitter_card":"summary_large_image","twitter_misc":{"Tiempo de lectura":"2 minutos"},"schema":{"@context":"https:\/\/schema.org","@graph":[{"@type":"WebPage","@id":"https:\/\/korsairs.com\/produs\/genovo-f15-bws\/","url":"https:\/\/korsairs.com\/produs\/genovo-f15-bws\/","name":"Genovo F15 BWS - Korsairs","isPartOf":{"@id":"https:\/\/korsairs.com\/#website"},"primaryImageOfPage":{"@id":"https:\/\/korsairs.com\/produs\/genovo-f15-bws\/#primaryimage"},"image":{"@id":"https:\/\/korsairs.com\/produs\/genovo-f15-bws\/#primaryimage"},"thumbnailUrl":"https:\/\/korsairs.com\/wp-content\/uploads\/2023\/02\/genovo-f15-500x500-1.jpg","datePublished":"2023-02-09T12:22:21+00:00","dateModified":"2023-02-14T15:12:43+00:00","description":"Genovo F15 BWS - F15BWS este un motor in 4 timpi, cizma scurta, pornire electrica, de 15 CP. Motorul de barca Genovo F15 ca alte motoare de barca din ac","breadcrumb":{"@id":"https:\/\/korsairs.com\/produs\/genovo-f15-bws\/#breadcrumb"},"inLanguage":"es","potentialAction":[{"@type":"ReadAction","target":["https:\/\/korsairs.com\/produs\/genovo-f15-bws\/"]}]},{"@type":"ImageObject","inLanguage":"es","@id":"https:\/\/korsairs.com\/produs\/genovo-f15-bws\/#primaryimage","url":"https:\/\/korsairs.com\/wp-content\/uploads\/2023\/02\/genovo-f15-500x500-1.jpg","contentUrl":"https:\/\/korsairs.com\/wp-content\/uploads\/2023\/02\/genovo-f15-500x500-1.jpg","width":500,"height":500,"caption":"Genovo F15 BML"},{"@type":"BreadcrumbList","@id":"https:\/\/korsairs.com\/produs\/genovo-f15-bws\/#breadcrumb","itemListElement":[{"@type":"ListItem","position":1,"name":"Prima pagin\u0103","item":"https:\/\/korsairs.com\/"},{"@type":"ListItem","position":2,"name":"Magazin","item":"https:\/\/korsairs.com\/magazin\/"},{"@type":"ListItem","position":3,"name":"Genovo F15 BWS"}]},{"@type":"WebSite","@id":"https:\/\/korsairs.com\/#website","url":"https:\/\/korsairs.com\/","name":"Korsairs","description":"Motoare de barc\u0103","publisher":{"@id":"https:\/\/korsairs.com\/#organization"},"potentialAction":[{"@type":"SearchAction","target":{"@type":"EntryPoint","urlTemplate":"https:\/\/korsairs.com\/?s={search_term_string}"},"query-input":"required name=search_term_string"}],"inLanguage":"es"},{"@type":"Organization","@id":"https:\/\/korsairs.com\/#organization","name":"Korsairs","url":"https:\/\/korsairs.com\/","logo":{"@type":"ImageObject","inLanguage":"es","@id":"https:\/\/korsairs.com\/#\/schema\/logo\/image\/","url":"https:\/\/korsairs.com\/wp-content\/uploads\/2023\/02\/logo-kapitan.png","contentUrl":"https:\/\/korsairs.com\/wp-content\/uploads\/2023\/02\/logo-kapitan.png","width":331,"height":80,"caption":"Korsairs"},"image":{"@id":"https:\/\/korsairs.com\/#\/schema\/logo\/image\/"}}]}},"jetpack_sharing_enabled":true,"_links":{"self":[{"href":"https:\/\/korsairs.com\/es\/wp-json\/wp\/v2\/product\/1394","targetHints":{"allow":["GET"]}}],"collection":[{"href":"https:\/\/korsairs.com\/es\/wp-json\/wp\/v2\/product"}],"about":[{"href":"https:\/\/korsairs.com\/es\/wp-json\/wp\/v2\/types\/product"}],"replies":[{"embeddable":true,"href":"https:\/\/korsairs.com\/es\/wp-json\/wp\/v2\/comments?post=1394"}],"wp:featuredmedia":[{"embeddable":true,"href":"https:\/\/korsairs.com\/es\/wp-json\/wp\/v2\/media\/1402"}],"wp:attachment":[{"href":"https:\/\/korsairs.com\/es\/wp-json\/wp\/v2\/media?parent=1394"}],"wp:term":[{"taxonomy":"product_cat","embeddable":true,"href":"https:\/\/korsairs.com\/es\/wp-json\/wp\/v2\/product_cat?post=1394"},{"taxonomy":"product_tag","embeddable":true,"href":"https:\/\/korsairs.com\/es\/wp-json\/wp\/v2\/product_tag?post=1394"}],"curies":[{"name":"wp","href":"https:\/\/api.w.org\/{rel}","templated":true}]}}