{"id":3,"date":"2023-01-26T11:35:25","date_gmt":"2023-01-26T11:35:25","guid":{"rendered":"https:\/\/korsairs.com\/?page_id=3"},"modified":"2023-01-26T19:31:40","modified_gmt":"2023-01-26T19:31:40","slug":"politica-de-confidentialitate","status":"publish","type":"page","link":"https:\/\/korsairs.com\/en\/politica-de-confidentialitate\/","title":{"rendered":"Privacy policy"},"content":{"rendered":"<div data-elementor-type=\"wp-page\" data-elementor-id=\"3\" class=\"elementor elementor-3\">\n\t\t\t\t<div class=\"elementor-element elementor-element-80c57f4 e-flex e-con-boxed e-con e-parent\" data-id=\"80c57f4\" data-element_type=\"container\">\n\t\t\t\t\t<div class=\"e-con-inner\">\n\t\t\t\t<div class=\"elementor-element elementor-element-e8d551e elementor-widget elementor-widget-shortcode\" data-id=\"e8d551e\" data-element_type=\"widget\" data-widget_type=\"shortcode.default\">\n\t\t\t\t<div class=\"elementor-widget-container\">\n\t\t\t\t\t<div class=\"elementor-shortcode\">[elementor-template id=\"193\"]<\/div>\n\t\t\t\t<\/div>\n\t\t\t\t<\/div>\n\t\t\t\t\t<\/div>\n\t\t\t\t<\/div>\n\t\t<div class=\"elementor-element elementor-element-7635a83 e-flex e-con-boxed e-con e-parent\" data-id=\"7635a83\" data-element_type=\"container\">\n\t\t\t\t\t<div class=\"e-con-inner\">\n\t\t\t\t<div class=\"elementor-element elementor-element-c8cdec6 elementor-widget elementor-widget-text-editor\" data-id=\"c8cdec6\" data-element_type=\"widget\" data-widget_type=\"text-editor.default\">\n\t\t\t\t<div class=\"elementor-widget-container\">\n\t\t\t<style>\/*! elementor - v3.22.0 - 27-05-2024 *\/\n.elementor-widget-text-editor.elementor-drop-cap-view-stacked .elementor-drop-cap{background-color:#69727d;color:#fff}.elementor-widget-text-editor.elementor-drop-cap-view-framed .elementor-drop-cap{color:#69727d;border:3px solid;background-color:transparent}.elementor-widget-text-editor:not(.elementor-drop-cap-view-default) .elementor-drop-cap{margin-top:8px}.elementor-widget-text-editor:not(.elementor-drop-cap-view-default) .elementor-drop-cap-letter{width:1em;height:1em}.elementor-widget-text-editor .elementor-drop-cap{float:left;text-align:center;line-height:1;font-size:50px}.elementor-widget-text-editor .elementor-drop-cap-letter{display:inline-block}<\/style>\t\t\t\t<p>Politica de confiden\u021bialitate a acestui site web se refer\u0103 la colectarea \u0219i folosirea informa\u021biilor personale pe care le furniza\u021bi \u00een timpul interac\u021biunii cu acest site.<\/p>\n<p>Acest site web poate colecta informa\u021bii personale, cum ar fi numele dvs., adresa de e-mail, adresa de domiciliu \u0219i num\u0103rul de telefon. Aceste informa\u021bii sunt colectate \u0219i stocate \u00een baza de date a site-ului web \u0219i sunt folosite doar pentru a v\u0103 oferi servicii mai bune. Aceste informa\u021bii nu vor fi utilizate pentru a v\u0103 face reclam\u0103 sau pentru a v\u0103 transmite mesaje \u0219i nu vor fi distribuite c\u0103tre ter\u021bi, f\u0103r\u0103 aprobarea dvs. explicit\u0103.<\/p>\n<p>De asemenea, site-ul web poate folosi cookie-uri pentru a \u00eembun\u0103t\u0103\u021bi experien\u021ba de navigare. Aceste cookie-uri pot fi folosite pentru a v\u0103 oferi informa\u021bii relevante \u0219i personalizate.<\/p>\n<p>V\u0103 respect\u0103m dreptul la confiden\u021bialitate &#8230;<\/p>\t\t\t\t\t\t<\/div>\n\t\t\t\t<\/div>\n\t\t\t\t\t<\/div>\n\t\t\t\t<\/div>\n\t\t\t\t<\/div>","protected":false},"excerpt":{"rendered":"<p>[elementor-template id=&#8221;193&#8243;] Politica de confiden\u021bialitate a acestui site web se refer\u0103 la colectarea \u0219i folosirea informa\u021biilor personale pe care le furniza\u021bi \u00een timpul interac\u021biunii cu acest site. Acest site web poate colecta informa\u021bii personale, cum ar fi numele dvs., adresa de e-mail, adresa de domiciliu \u0219i num\u0103rul de telefon. Aceste informa\u021bii sunt colectate \u0219i stocate [&hellip;]<\/p>","protected":false},"author":2,"featured_media":0,"parent":0,"menu_order":0,"comment_status":"closed","ping_status":"open","template":"elementor_header_footer","meta":{"footnotes":""},"class_list":["post-3","page","type-page","status-publish","hentry"],"yoast_head":"<!-- This site is optimized with the Yoast SEO plugin v22.7 - https:\/\/yoast.com\/wordpress\/plugins\/seo\/ -->\n<title>Politic\u0103 de confiden\u021bialitate - Korsairs<\/title>\n<meta name=\"robots\" content=\"index, follow, max-snippet:-1, max-image-preview:large, max-video-preview:-1\" \/>\n<link rel=\"canonical\" href=\"https:\/\/korsairs.com\/en\/politica-de-confidentialitate\/\" \/>\n<meta property=\"og:locale\" content=\"en_US\" \/>\n<meta property=\"og:type\" content=\"article\" \/>\n<meta property=\"og:title\" content=\"Politic\u0103 de confiden\u021bialitate - Korsairs\" \/>\n<meta property=\"og:description\" content=\"[elementor-template id=&#8221;193&#8243;] Politica de confiden\u021bialitate a acestui site web se refer\u0103 la colectarea \u0219i folosirea informa\u021biilor personale pe care le furniza\u021bi \u00een timpul interac\u021biunii cu acest site. Acest site web poate colecta informa\u021bii personale, cum ar fi numele dvs., adresa de e-mail, adresa de domiciliu \u0219i num\u0103rul de telefon. Aceste informa\u021bii sunt colectate \u0219i stocate [&hellip;]\" \/>\n<meta property=\"og:url\" content=\"https:\/\/korsairs.com\/en\/politica-de-confidentialitate\/\" \/>\n<meta property=\"og:site_name\" content=\"Korsairs\" \/>\n<meta property=\"article:modified_time\" content=\"2023-01-26T19:31:40+00:00\" \/>\n<meta name=\"twitter:card\" content=\"summary_large_image\" \/>\n<meta name=\"twitter:label1\" content=\"Est. reading time\" \/>\n\t<meta name=\"twitter:data1\" content=\"1 minute\" \/>\n<script type=\"application\/ld+json\" class=\"yoast-schema-graph\">{\"@context\":\"https:\/\/schema.org\",\"@graph\":[{\"@type\":\"WebPage\",\"@id\":\"https:\/\/korsairs.com\/politica-de-confidentialitate\/\",\"url\":\"https:\/\/korsairs.com\/politica-de-confidentialitate\/\",\"name\":\"Politic\u0103 de confiden\u021bialitate - Korsairs\",\"isPartOf\":{\"@id\":\"https:\/\/korsairs.com\/#website\"},\"datePublished\":\"2023-01-26T11:35:25+00:00\",\"dateModified\":\"2023-01-26T19:31:40+00:00\",\"breadcrumb\":{\"@id\":\"https:\/\/korsairs.com\/politica-de-confidentialitate\/#breadcrumb\"},\"inLanguage\":\"en-US\",\"potentialAction\":[{\"@type\":\"ReadAction\",\"target\":[\"https:\/\/korsairs.com\/politica-de-confidentialitate\/\"]}]},{\"@type\":\"BreadcrumbList\",\"@id\":\"https:\/\/korsairs.com\/politica-de-confidentialitate\/#breadcrumb\",\"itemListElement\":[{\"@type\":\"ListItem\",\"position\":1,\"name\":\"Prima pagin\u0103\",\"item\":\"https:\/\/korsairs.com\/\"},{\"@type\":\"ListItem\",\"position\":2,\"name\":\"Politic\u0103 de confiden\u021bialitate\"}]},{\"@type\":\"WebSite\",\"@id\":\"https:\/\/korsairs.com\/#website\",\"url\":\"https:\/\/korsairs.com\/\",\"name\":\"Korsairs\",\"description\":\"Motoare de barc\u0103\",\"publisher\":{\"@id\":\"https:\/\/korsairs.com\/#organization\"},\"potentialAction\":[{\"@type\":\"SearchAction\",\"target\":{\"@type\":\"EntryPoint\",\"urlTemplate\":\"https:\/\/korsairs.com\/?s={search_term_string}\"},\"query-input\":\"required name=search_term_string\"}],\"inLanguage\":\"en-US\"},{\"@type\":\"Organization\",\"@id\":\"https:\/\/korsairs.com\/#organization\",\"name\":\"Korsairs\",\"url\":\"https:\/\/korsairs.com\/\",\"logo\":{\"@type\":\"ImageObject\",\"inLanguage\":\"en-US\",\"@id\":\"https:\/\/korsairs.com\/#\/schema\/logo\/image\/\",\"url\":\"https:\/\/korsairs.com\/wp-content\/uploads\/2023\/02\/logo-kapitan.png\",\"contentUrl\":\"https:\/\/korsairs.com\/wp-content\/uploads\/2023\/02\/logo-kapitan.png\",\"width\":331,\"height\":80,\"caption\":\"Korsairs\"},\"image\":{\"@id\":\"https:\/\/korsairs.com\/#\/schema\/logo\/image\/\"}}]}<\/script>\n<!-- \/ Yoast SEO plugin. -->","yoast_head_json":{"title":"Politic\u0103 de confiden\u021bialitate - Korsairs","robots":{"index":"index","follow":"follow","max-snippet":"max-snippet:-1","max-image-preview":"max-image-preview:large","max-video-preview":"max-video-preview:-1"},"canonical":"https:\/\/korsairs.com\/en\/politica-de-confidentialitate\/","og_locale":"en_US","og_type":"article","og_title":"Politic\u0103 de confiden\u021bialitate - Korsairs","og_description":"[elementor-template id=&#8221;193&#8243;] Politica de confiden\u021bialitate a acestui site web se refer\u0103 la colectarea \u0219i folosirea informa\u021biilor personale pe care le furniza\u021bi \u00een timpul interac\u021biunii cu acest site. Acest site web poate colecta informa\u021bii personale, cum ar fi numele dvs., adresa de e-mail, adresa de domiciliu \u0219i num\u0103rul de telefon. Aceste informa\u021bii sunt colectate \u0219i stocate [&hellip;]","og_url":"https:\/\/korsairs.com\/en\/politica-de-confidentialitate\/","og_site_name":"Korsairs","article_modified_time":"2023-01-26T19:31:40+00:00","twitter_card":"summary_large_image","twitter_misc":{"Est. reading time":"1 minute"},"schema":{"@context":"https:\/\/schema.org","@graph":[{"@type":"WebPage","@id":"https:\/\/korsairs.com\/politica-de-confidentialitate\/","url":"https:\/\/korsairs.com\/politica-de-confidentialitate\/","name":"Politic\u0103 de confiden\u021bialitate - Korsairs","isPartOf":{"@id":"https:\/\/korsairs.com\/#website"},"datePublished":"2023-01-26T11:35:25+00:00","dateModified":"2023-01-26T19:31:40+00:00","breadcrumb":{"@id":"https:\/\/korsairs.com\/politica-de-confidentialitate\/#breadcrumb"},"inLanguage":"en-US","potentialAction":[{"@type":"ReadAction","target":["https:\/\/korsairs.com\/politica-de-confidentialitate\/"]}]},{"@type":"BreadcrumbList","@id":"https:\/\/korsairs.com\/politica-de-confidentialitate\/#breadcrumb","itemListElement":[{"@type":"ListItem","position":1,"name":"Prima pagin\u0103","item":"https:\/\/korsairs.com\/"},{"@type":"ListItem","position":2,"name":"Politic\u0103 de confiden\u021bialitate"}]},{"@type":"WebSite","@id":"https:\/\/korsairs.com\/#website","url":"https:\/\/korsairs.com\/","name":"Korsairs","description":"Motoare de barc\u0103","publisher":{"@id":"https:\/\/korsairs.com\/#organization"},"potentialAction":[{"@type":"SearchAction","target":{"@type":"EntryPoint","urlTemplate":"https:\/\/korsairs.com\/?s={search_term_string}"},"query-input":"required name=search_term_string"}],"inLanguage":"en-US"},{"@type":"Organization","@id":"https:\/\/korsairs.com\/#organization","name":"Korsairs","url":"https:\/\/korsairs.com\/","logo":{"@type":"ImageObject","inLanguage":"en-US","@id":"https:\/\/korsairs.com\/#\/schema\/logo\/image\/","url":"https:\/\/korsairs.com\/wp-content\/uploads\/2023\/02\/logo-kapitan.png","contentUrl":"https:\/\/korsairs.com\/wp-content\/uploads\/2023\/02\/logo-kapitan.png","width":331,"height":80,"caption":"Korsairs"},"image":{"@id":"https:\/\/korsairs.com\/#\/schema\/logo\/image\/"}}]}},"jetpack_sharing_enabled":true,"_links":{"self":[{"href":"https:\/\/korsairs.com\/en\/wp-json\/wp\/v2\/pages\/3","targetHints":{"allow":["GET"]}}],"collection":[{"href":"https:\/\/korsairs.com\/en\/wp-json\/wp\/v2\/pages"}],"about":[{"href":"https:\/\/korsairs.com\/en\/wp-json\/wp\/v2\/types\/page"}],"author":[{"embeddable":true,"href":"https:\/\/korsairs.com\/en\/wp-json\/wp\/v2\/users\/2"}],"replies":[{"embeddable":true,"href":"https:\/\/korsairs.com\/en\/wp-json\/wp\/v2\/comments?post=3"}],"version-history":[{"count":6,"href":"https:\/\/korsairs.com\/en\/wp-json\/wp\/v2\/pages\/3\/revisions"}],"predecessor-version":[{"id":354,"href":"https:\/\/korsairs.com\/en\/wp-json\/wp\/v2\/pages\/3\/revisions\/354"}],"wp:attachment":[{"href":"https:\/\/korsairs.com\/en\/wp-json\/wp\/v2\/media?parent=3"}],"curies":[{"name":"wp","href":"https:\/\/api.w.org\/{rel}","templated":true}]}}