{"id":1651,"date":"2023-02-14T13:27:26","date_gmt":"2023-02-14T13:27:26","guid":{"rendered":"https:\/\/korsairs.com\/?page_id=1651"},"modified":"2023-02-14T13:44:50","modified_gmt":"2023-02-14T13:44:50","slug":"returnare-produse","status":"publish","type":"page","link":"https:\/\/korsairs.com\/en\/returnare-produse\/","title":{"rendered":"Returnare produse"},"content":{"rendered":"<div data-elementor-type=\"wp-page\" data-elementor-id=\"1651\" class=\"elementor elementor-1651\">\n\t\t\t\t<div class=\"elementor-element elementor-element-fc342cc e-flex e-con-boxed e-con e-parent\" data-id=\"fc342cc\" data-element_type=\"container\">\n\t\t\t\t\t<div class=\"e-con-inner\">\n\t\t\t\t<div class=\"elementor-element elementor-element-2c55ac4 elementor-widget elementor-widget-shortcode\" data-id=\"2c55ac4\" data-element_type=\"widget\" data-widget_type=\"shortcode.default\">\n\t\t\t\t<div class=\"elementor-widget-container\">\n\t\t\t\t\t<div class=\"elementor-shortcode\">[elementor-template id=\"193\"]<\/div>\n\t\t\t\t<\/div>\n\t\t\t\t<\/div>\n\t\t\t\t\t<\/div>\n\t\t\t\t<\/div>\n\t\t<div class=\"elementor-element elementor-element-b924aef e-flex e-con-boxed e-con e-parent\" data-id=\"b924aef\" data-element_type=\"container\">\n\t\t\t\t\t<div class=\"e-con-inner\">\n\t\t<div class=\"elementor-element elementor-element-9df7179 e-flex e-con-boxed e-con e-parent\" data-id=\"9df7179\" data-element_type=\"container\">\n\t\t\t\t\t<div class=\"e-con-inner\">\n\t\t\t\t<div class=\"elementor-element elementor-element-5c1914a elementor-widget elementor-widget-text-editor\" data-id=\"5c1914a\" data-element_type=\"widget\" data-widget_type=\"text-editor.default\">\n\t\t\t\t<div class=\"elementor-widget-container\">\n\t\t\t<style>\/*! elementor - v3.22.0 - 27-05-2024 *\/\n.elementor-widget-text-editor.elementor-drop-cap-view-stacked .elementor-drop-cap{background-color:#69727d;color:#fff}.elementor-widget-text-editor.elementor-drop-cap-view-framed .elementor-drop-cap{color:#69727d;border:3px solid;background-color:transparent}.elementor-widget-text-editor:not(.elementor-drop-cap-view-default) .elementor-drop-cap{margin-top:8px}.elementor-widget-text-editor:not(.elementor-drop-cap-view-default) .elementor-drop-cap-letter{width:1em;height:1em}.elementor-widget-text-editor .elementor-drop-cap{float:left;text-align:center;line-height:1;font-size:50px}.elementor-widget-text-editor .elementor-drop-cap-letter{display:inline-block}<\/style>\t\t\t\t<p>Daca ave\u0163i o problem\u0103 cu un produs, care nu a fost rezolvat\u0103 de catre Departamentul Tehnic sau de Departamentul Vanz\u0103ri, a\u0163i putea fi capabil de a returna produsul la noi. Primul pas este de a completa acest formular Return\u0103ri.<\/p><p>Acest formular trebuie sa fie completat \u00een \u00eentregime, si v\u0103 vom raspunde prin e-mail \u00een termen de 3 zile lucratoare, cu instructiuni de returnare.<\/p><p>Produsele trebuie sa fie returnate \u00een ambalajul original sau echivalent. Noi nu vom credita produsele care sunt deteriorate din cauza ambalajelor insuficiente. V\u0103 rug\u0103m sa folosi\u0163i o cutie de protectie pentru a preveni deteriorarea \u00een timpul tranzitului. Produsele alimentare si b\u0103uturile nu sunt returnabile.<\/p>\t\t\t\t\t\t<\/div>\n\t\t\t\t<\/div>\n\t\t\t\t\t<\/div>\n\t\t\t\t<\/div>\n\t\t\t\t\t<\/div>\n\t\t\t\t<\/div>\n\t\t<div class=\"elementor-element elementor-element-154cfc5 e-flex e-con-boxed e-con e-parent\" data-id=\"154cfc5\" data-element_type=\"container\">\n\t\t\t\t\t<div class=\"e-con-inner\">\n\t\t<div class=\"elementor-element elementor-element-0ddef53 e-flex e-con-boxed e-con e-parent\" data-id=\"0ddef53\" data-element_type=\"container\">\n\t\t\t\t\t<div class=\"e-con-inner\">\n\t\t\t\t<div class=\"elementor-element elementor-element-09af52b elementor-widget elementor-widget-heading\" data-id=\"09af52b\" data-element_type=\"widget\" data-widget_type=\"heading.default\">\n\t\t\t\t<div class=\"elementor-widget-container\">\n\t\t\t<style>\/*! elementor - v3.22.0 - 27-05-2024 *\/\n.elementor-heading-title{padding:0;margin:0;line-height:1}.elementor-widget-heading .elementor-heading-title[class*=elementor-size-]>a{color:inherit;font-size:inherit;line-height:inherit}.elementor-widget-heading .elementor-heading-title.elementor-size-small{font-size:15px}.elementor-widget-heading .elementor-heading-title.elementor-size-medium{font-size:19px}.elementor-widget-heading .elementor-heading-title.elementor-size-large{font-size:29px}.elementor-widget-heading .elementor-heading-title.elementor-size-xl{font-size:39px}.elementor-widget-heading .elementor-heading-title.elementor-size-xxl{font-size:59px}<\/style><h5 class=\"elementor-heading-title elementor-size-default\">Informa\u0163ii Comand\u0103<\/h5>\t\t<\/div>\n\t\t\t\t<\/div>\n\t\t\t\t\t<\/div>\n\t\t\t\t<\/div>\n\t\t\t\t\t<\/div>\n\t\t\t\t<\/div>\n\t\t\t\t<\/div>","protected":false},"excerpt":{"rendered":"<p>[elementor-template id=&#8221;193&#8243;] Daca ave\u0163i o problem\u0103 cu un produs, care nu a fost rezolvat\u0103 de catre Departamentul Tehnic sau de Departamentul Vanz\u0103ri, a\u0163i putea fi capabil de a returna produsul la noi. Primul pas este de a completa acest formular Return\u0103ri. Acest formular trebuie sa fie completat \u00een \u00eentregime, si v\u0103 vom raspunde prin e-mail [&hellip;]<\/p>","protected":false},"author":2,"featured_media":0,"parent":0,"menu_order":0,"comment_status":"closed","ping_status":"closed","template":"elementor_header_footer","meta":{"footnotes":""},"class_list":["post-1651","page","type-page","status-publish","hentry"],"yoast_head":"<!-- This site is optimized with the Yoast SEO plugin v22.7 - https:\/\/yoast.com\/wordpress\/plugins\/seo\/ -->\n<title>Returnare produse - Korsairs<\/title>\n<meta name=\"robots\" content=\"index, follow, max-snippet:-1, max-image-preview:large, max-video-preview:-1\" \/>\n<link rel=\"canonical\" href=\"https:\/\/korsairs.com\/en\/returnare-produse\/\" \/>\n<meta property=\"og:locale\" content=\"en_US\" \/>\n<meta property=\"og:type\" content=\"article\" \/>\n<meta property=\"og:title\" content=\"Returnare produse - Korsairs\" \/>\n<meta property=\"og:description\" content=\"[elementor-template id=&#8221;193&#8243;] Daca ave\u0163i o problem\u0103 cu un produs, care nu a fost rezolvat\u0103 de catre Departamentul Tehnic sau de Departamentul Vanz\u0103ri, a\u0163i putea fi capabil de a returna produsul la noi. Primul pas este de a completa acest formular Return\u0103ri. Acest formular trebuie sa fie completat \u00een \u00eentregime, si v\u0103 vom raspunde prin e-mail [&hellip;]\" \/>\n<meta property=\"og:url\" content=\"https:\/\/korsairs.com\/en\/returnare-produse\/\" \/>\n<meta property=\"og:site_name\" content=\"Korsairs\" \/>\n<meta property=\"article:modified_time\" content=\"2023-02-14T13:44:50+00:00\" \/>\n<meta name=\"twitter:card\" content=\"summary_large_image\" \/>\n<meta name=\"twitter:label1\" content=\"Est. reading time\" \/>\n\t<meta name=\"twitter:data1\" content=\"2 minutes\" \/>\n<script type=\"application\/ld+json\" class=\"yoast-schema-graph\">{\"@context\":\"https:\/\/schema.org\",\"@graph\":[{\"@type\":\"WebPage\",\"@id\":\"https:\/\/korsairs.com\/returnare-produse\/\",\"url\":\"https:\/\/korsairs.com\/returnare-produse\/\",\"name\":\"Returnare produse - Korsairs\",\"isPartOf\":{\"@id\":\"https:\/\/korsairs.com\/#website\"},\"datePublished\":\"2023-02-14T13:27:26+00:00\",\"dateModified\":\"2023-02-14T13:44:50+00:00\",\"breadcrumb\":{\"@id\":\"https:\/\/korsairs.com\/returnare-produse\/#breadcrumb\"},\"inLanguage\":\"en-US\",\"potentialAction\":[{\"@type\":\"ReadAction\",\"target\":[\"https:\/\/korsairs.com\/returnare-produse\/\"]}]},{\"@type\":\"BreadcrumbList\",\"@id\":\"https:\/\/korsairs.com\/returnare-produse\/#breadcrumb\",\"itemListElement\":[{\"@type\":\"ListItem\",\"position\":1,\"name\":\"Prima pagin\u0103\",\"item\":\"https:\/\/korsairs.com\/\"},{\"@type\":\"ListItem\",\"position\":2,\"name\":\"Returnare produse\"}]},{\"@type\":\"WebSite\",\"@id\":\"https:\/\/korsairs.com\/#website\",\"url\":\"https:\/\/korsairs.com\/\",\"name\":\"Korsairs\",\"description\":\"Motoare de barc\u0103\",\"publisher\":{\"@id\":\"https:\/\/korsairs.com\/#organization\"},\"potentialAction\":[{\"@type\":\"SearchAction\",\"target\":{\"@type\":\"EntryPoint\",\"urlTemplate\":\"https:\/\/korsairs.com\/?s={search_term_string}\"},\"query-input\":\"required name=search_term_string\"}],\"inLanguage\":\"en-US\"},{\"@type\":\"Organization\",\"@id\":\"https:\/\/korsairs.com\/#organization\",\"name\":\"Korsairs\",\"url\":\"https:\/\/korsairs.com\/\",\"logo\":{\"@type\":\"ImageObject\",\"inLanguage\":\"en-US\",\"@id\":\"https:\/\/korsairs.com\/#\/schema\/logo\/image\/\",\"url\":\"https:\/\/korsairs.com\/wp-content\/uploads\/2023\/02\/logo-kapitan.png\",\"contentUrl\":\"https:\/\/korsairs.com\/wp-content\/uploads\/2023\/02\/logo-kapitan.png\",\"width\":331,\"height\":80,\"caption\":\"Korsairs\"},\"image\":{\"@id\":\"https:\/\/korsairs.com\/#\/schema\/logo\/image\/\"}}]}<\/script>\n<!-- \/ Yoast SEO plugin. -->","yoast_head_json":{"title":"Returnare produse - Korsairs","robots":{"index":"index","follow":"follow","max-snippet":"max-snippet:-1","max-image-preview":"max-image-preview:large","max-video-preview":"max-video-preview:-1"},"canonical":"https:\/\/korsairs.com\/en\/returnare-produse\/","og_locale":"en_US","og_type":"article","og_title":"Returnare produse - Korsairs","og_description":"[elementor-template id=&#8221;193&#8243;] Daca ave\u0163i o problem\u0103 cu un produs, care nu a fost rezolvat\u0103 de catre Departamentul Tehnic sau de Departamentul Vanz\u0103ri, a\u0163i putea fi capabil de a returna produsul la noi. Primul pas este de a completa acest formular Return\u0103ri. Acest formular trebuie sa fie completat \u00een \u00eentregime, si v\u0103 vom raspunde prin e-mail [&hellip;]","og_url":"https:\/\/korsairs.com\/en\/returnare-produse\/","og_site_name":"Korsairs","article_modified_time":"2023-02-14T13:44:50+00:00","twitter_card":"summary_large_image","twitter_misc":{"Est. reading time":"2 minutes"},"schema":{"@context":"https:\/\/schema.org","@graph":[{"@type":"WebPage","@id":"https:\/\/korsairs.com\/returnare-produse\/","url":"https:\/\/korsairs.com\/returnare-produse\/","name":"Returnare produse - Korsairs","isPartOf":{"@id":"https:\/\/korsairs.com\/#website"},"datePublished":"2023-02-14T13:27:26+00:00","dateModified":"2023-02-14T13:44:50+00:00","breadcrumb":{"@id":"https:\/\/korsairs.com\/returnare-produse\/#breadcrumb"},"inLanguage":"en-US","potentialAction":[{"@type":"ReadAction","target":["https:\/\/korsairs.com\/returnare-produse\/"]}]},{"@type":"BreadcrumbList","@id":"https:\/\/korsairs.com\/returnare-produse\/#breadcrumb","itemListElement":[{"@type":"ListItem","position":1,"name":"Prima pagin\u0103","item":"https:\/\/korsairs.com\/"},{"@type":"ListItem","position":2,"name":"Returnare produse"}]},{"@type":"WebSite","@id":"https:\/\/korsairs.com\/#website","url":"https:\/\/korsairs.com\/","name":"Korsairs","description":"Motoare de barc\u0103","publisher":{"@id":"https:\/\/korsairs.com\/#organization"},"potentialAction":[{"@type":"SearchAction","target":{"@type":"EntryPoint","urlTemplate":"https:\/\/korsairs.com\/?s={search_term_string}"},"query-input":"required name=search_term_string"}],"inLanguage":"en-US"},{"@type":"Organization","@id":"https:\/\/korsairs.com\/#organization","name":"Korsairs","url":"https:\/\/korsairs.com\/","logo":{"@type":"ImageObject","inLanguage":"en-US","@id":"https:\/\/korsairs.com\/#\/schema\/logo\/image\/","url":"https:\/\/korsairs.com\/wp-content\/uploads\/2023\/02\/logo-kapitan.png","contentUrl":"https:\/\/korsairs.com\/wp-content\/uploads\/2023\/02\/logo-kapitan.png","width":331,"height":80,"caption":"Korsairs"},"image":{"@id":"https:\/\/korsairs.com\/#\/schema\/logo\/image\/"}}]}},"jetpack_sharing_enabled":true,"_links":{"self":[{"href":"https:\/\/korsairs.com\/en\/wp-json\/wp\/v2\/pages\/1651","targetHints":{"allow":["GET"]}}],"collection":[{"href":"https:\/\/korsairs.com\/en\/wp-json\/wp\/v2\/pages"}],"about":[{"href":"https:\/\/korsairs.com\/en\/wp-json\/wp\/v2\/types\/page"}],"author":[{"embeddable":true,"href":"https:\/\/korsairs.com\/en\/wp-json\/wp\/v2\/users\/2"}],"replies":[{"embeddable":true,"href":"https:\/\/korsairs.com\/en\/wp-json\/wp\/v2\/comments?post=1651"}],"version-history":[{"count":13,"href":"https:\/\/korsairs.com\/en\/wp-json\/wp\/v2\/pages\/1651\/revisions"}],"predecessor-version":[{"id":1674,"href":"https:\/\/korsairs.com\/en\/wp-json\/wp\/v2\/pages\/1651\/revisions\/1674"}],"wp:attachment":[{"href":"https:\/\/korsairs.com\/en\/wp-json\/wp\/v2\/media?parent=1651"}],"curies":[{"name":"wp","href":"https:\/\/api.w.org\/{rel}","templated":true}]}}